{"id":8773,"date":"2024-10-19T08:33:45","date_gmt":"2024-10-19T08:33:45","guid":{"rendered":"https:\/\/www.italybikehub.com\/polityka-prywatnosci\/"},"modified":"2025-05-22T06:23:13","modified_gmt":"2025-05-22T06:23:13","slug":"polityka-prywatnosci","status":"publish","type":"page","link":"https:\/\/www.italybikehub.com\/pl\/polityka-prywatnosci\/","title":{"rendered":"Polityka prywatno\u015bci"},"content":{"rendered":"\t\t<div data-elementor-type=\"wp-page\" data-elementor-id=\"8773\" class=\"elementor elementor-8773 elementor-4467\" data-elementor-post-type=\"page\">\n\t\t\t\t<div class=\"elementor-element elementor-element-65f663d e-flex e-con-boxed e-con e-parent\" data-id=\"65f663d\" data-element_type=\"container\" data-e-type=\"container\" data-settings=\"{&quot;background_background&quot;:&quot;classic&quot;}\">\n\t\t\t\t\t<div class=\"e-con-inner\">\n\t\t\t\t<div class=\"elementor-element elementor-element-0c6f6fe elementor-widget__width-initial elementor-widget elementor-widget-heading\" data-id=\"0c6f6fe\" data-element_type=\"widget\" data-e-type=\"widget\" data-widget_type=\"heading.default\">\n\t\t\t\t\t<h2 class=\"elementor-heading-title elementor-size-default\">Polityka prywatno\u015bci<\/h2>\t\t\t\t<\/div>\n\t\t\t\t<div class=\"elementor-element elementor-element-3e8de2a elementor-widget__width-initial elementor-widget elementor-widget-text-editor\" data-id=\"3e8de2a\" data-element_type=\"widget\" data-e-type=\"widget\" data-widget_type=\"text-editor.default\">\n\t\t\t\t\t\t\t\t\t<p><strong>Temat<\/strong> : Informacja zgodnie z art. 13 Dekret ustawodawczy 196\/03 \u201eKodeks ochrony danych osobowych\u201d  <\/p>\t\t\t\t\t\t\t\t<\/div>\n\t\t\t\t<div class=\"elementor-element elementor-element-5ef761a elementor-widget elementor-widget-heading\" data-id=\"5ef761a\" data-element_type=\"widget\" data-e-type=\"widget\" data-widget_type=\"heading.default\">\n\t\t\t\t\t<h2 class=\"elementor-heading-title elementor-size-default\">Przes\u0142anka  <\/h2>\t\t\t\t<\/div>\n\t\t\t\t<div class=\"elementor-element elementor-element-5aacf9b elementor-widget__width-initial elementor-widget elementor-widget-text-editor\" data-id=\"5aacf9b\" data-element_type=\"widget\" data-e-type=\"widget\" data-widget_type=\"text-editor.default\">\n\t\t\t\t\t\t\t\t\t<p>Zgodnie z postanowieniami Dekretu Ustawodawczego 196\/03 \u201eKodeks Ochrony Danych Osobowych \u201e(dalej \u201eKodeks\u201d), poni\u017cej podajemy informacje dotycz\u0105ce wykorzystania przez ni\u017cej podpisan\u0105 sp\u00f3\u0142k\u0119 danych osobowych pozyskanych w zwi\u0105zku ze stosunkami umownymi z Pa\u0144stwem lub takimi, kt\u00f3re mog\u0105 zosta\u0107 zawarte w przysz\u0142o\u015bci.   <\/p>\t\t\t\t\t\t\t\t<\/div>\n\t\t\t\t<div class=\"elementor-element elementor-element-1b8b433 elementor-widget elementor-widget-heading\" data-id=\"1b8b433\" data-element_type=\"widget\" data-e-type=\"widget\" data-widget_type=\"heading.default\">\n\t\t\t\t\t<h2 class=\"elementor-heading-title elementor-size-default\">\u0179r\u00f3d\u0142o danych osobowych  <\/h2>\t\t\t\t<\/div>\n\t\t\t\t<div class=\"elementor-element elementor-element-b90d04e elementor-widget__width-initial elementor-widget elementor-widget-text-editor\" data-id=\"b90d04e\" data-element_type=\"widget\" data-e-type=\"widget\" data-widget_type=\"text-editor.default\">\n\t\t\t\t\t\t\t\t\t<p>Posiadane przez nas dane, pozyskane w zwi\u0105zku z ich udost\u0119pnieniem za po\u015brednictwem strony internetowej ni\u017cej podpisanego lub w zwi\u0105zku ze stosunkami umownymi, b\u0119d\u0105 przetwarzane zgodnie z obowi\u0105zuj\u0105cymi przepisami prawa, a w ka\u017cdym przypadku z zachowaniem nale\u017cytej poufno\u015bci.  <\/p>\t\t\t\t\t\t\t\t<\/div>\n\t\t\t\t<div class=\"elementor-element elementor-element-b6b3396 elementor-widget elementor-widget-heading\" data-id=\"b6b3396\" data-element_type=\"widget\" data-e-type=\"widget\" data-widget_type=\"heading.default\">\n\t\t\t\t\t<h2 class=\"elementor-heading-title elementor-size-default\">Cel przetwarzania  <\/h2>\t\t\t\t<\/div>\n\t\t\t\t<div class=\"elementor-element elementor-element-bc88bc1 elementor-widget__width-initial elementor-widget elementor-widget-text-editor\" data-id=\"bc88bc1\" data-element_type=\"widget\" data-e-type=\"widget\" data-widget_type=\"text-editor.default\">\n\t\t\t\t\t\t\t\t\t<p>Gromadzenie lub przetwarzanie danych osobowych odbywa si\u0119 w celu nale\u017cytego wykonania obowi\u0105zk\u00f3w zwi\u0105zanych z prowadzeniem dzia\u0142alno\u015bci gospodarczej przez nasz\u0105 firm\u0119, a w szczeg\u00f3lno\u015bci: w celu realizacji wst\u0119pnych potrzeb zawarcia umowy; wype\u0142nia\u0107 zobowi\u0105zania umowne wobec strony zainteresowanej poprzez wykonanie czynno\u015bci, wielu czynno\u015bci lub zestawu operacji niezb\u0119dnych do wype\u0142nienia wy\u017cej wymienionych zobowi\u0105za\u0144; do realizacji zobowi\u0105za\u0144 zwi\u0105zanych z umow\u0105 lub maj\u0105cych z ni\u0105 zwi\u0105zek w dowolnym podmiocie publicznym lub prywatnym; aby wype\u0142ni\u0107 obowi\u0105zki prawne.<\/p><p>Ponadto przetwarzanie danych odbywa si\u0119 w celu przesy\u0142ania materia\u0142\u00f3w reklamowych dotycz\u0105cych naszych produkt\u00f3w i us\u0142ug, w celach marketingowych lub w celu nawi\u0105zania kontaktu za po\u015brednictwem naszych dealer\u00f3w lub operator\u00f3w telefonicznych. W tym konkretnym celu prosimy o wyra\u017an\u0105 zgod\u0119 na przetwarzanie Twoich danych.   <\/p>\t\t\t\t\t\t\t\t<\/div>\n\t\t\t\t<div class=\"elementor-element elementor-element-d14f051 elementor-widget elementor-widget-heading\" data-id=\"d14f051\" data-element_type=\"widget\" data-e-type=\"widget\" data-widget_type=\"heading.default\">\n\t\t\t\t\t<h2 class=\"elementor-heading-title elementor-size-default\">Metody leczenia  <\/h2>\t\t\t\t<\/div>\n\t\t\t\t<div class=\"elementor-element elementor-element-015bf4b elementor-widget__width-initial elementor-widget elementor-widget-text-editor\" data-id=\"015bf4b\" data-element_type=\"widget\" data-e-type=\"widget\" data-widget_type=\"text-editor.default\">\n\t\t\t\t\t\t\t\t\t<p>W odniesieniu do wskazanych cel\u00f3w przetwarzanie danych osobowych odbywa si\u0119 za pomoc\u0105 narz\u0119dzi r\u0119cznych, komputerowych i telematycznych, kt\u00f3rych logika \u015bci\u015ble wi\u0105\u017ce si\u0119 z samymi celami, a w ka\u017cdym razie w spos\u00f3b gwarantuj\u0105cy bezpiecze\u0144stwo i poufno\u015b\u0107 danych zgodnie z wy\u017cej wymienionym prawem.  <\/p>\t\t\t\t\t\t\t\t<\/div>\n\t\t\t\t<div class=\"elementor-element elementor-element-c7b6fd8 elementor-widget elementor-widget-heading\" data-id=\"c7b6fd8\" data-element_type=\"widget\" data-e-type=\"widget\" data-widget_type=\"heading.default\">\n\t\t\t\t\t<h2 class=\"elementor-heading-title elementor-size-default\">Charakter kolekcji  <\/h2>\t\t\t\t<\/div>\n\t\t\t\t<div class=\"elementor-element elementor-element-1dc3b70 elementor-widget__width-initial elementor-widget elementor-widget-text-editor\" data-id=\"1dc3b70\" data-element_type=\"widget\" data-e-type=\"widget\" data-widget_type=\"text-editor.default\">\n\t\t\t\t\t\t\t\t\t<p>W celu zawarcia i wykonania stosunku umownego, zbieranie danych osobowych jest r\u00f3wnie\u017c obowi\u0105zkowe w celu wype\u0142nienia obowi\u0105zk\u00f3w prawnych i podatkowych; odmowa podania danych skutkowa\u0107 b\u0119dzie niemo\u017cno\u015bci\u0105 nawi\u0105zania relacji ze sp\u00f3\u0142k\u0105. Przetwarzanie takie nie wymaga zgody osoby zainteresowanej.   <\/p>\t\t\t\t\t\t\t\t<\/div>\n\t\t\t\t<div class=\"elementor-element elementor-element-0e99a44 elementor-widget elementor-widget-heading\" data-id=\"0e99a44\" data-element_type=\"widget\" data-e-type=\"widget\" data-widget_type=\"heading.default\">\n\t\t\t\t\t<h2 class=\"elementor-heading-title elementor-size-default\">Komunikacja i rozpowszechnianie  <\/h2>\t\t\t\t<\/div>\n\t\t\t\t<div class=\"elementor-element elementor-element-99c7643 elementor-widget__width-initial elementor-widget elementor-widget-text-editor\" data-id=\"99c7643\" data-element_type=\"widget\" data-e-type=\"widget\" data-widget_type=\"text-editor.default\">\n\t\t\t\t\t\t\t\t\t<p>Dane osobowe i zwi\u0105zane z nimi przetwarzanie b\u0119d\u0105 przekazywane firmom w celu realizacji dzia\u0142alno\u015bci gospodarczej (handlowej, zarz\u0105dczej, zarz\u0105dzania systemami informatycznymi, ubezpieczeniowej, po\u015brednictwa bankowego i pozabankowego, faktoringu, zarz\u0105dzania wysy\u0142k\u0105, kopertowaniem i wysy\u0142aniem korespondencji, zarz\u0105dzania i ochrony kredytu) lub w celu wype\u0142nienia przepis\u00f3w prawa (biura rachunkowe, prawnicy). Dane nie zostan\u0105 ujawnione. <\/p><p>Administrator Danych i podmioty wewn\u0119trzne odpowiedzialne za przetwarzanie mog\u0105 uzyska\u0107 dost\u0119p do Twoich danych.  <\/p>\t\t\t\t\t\t\t\t<\/div>\n\t\t\t\t<div class=\"elementor-element elementor-element-7e5e19e elementor-widget elementor-widget-heading\" data-id=\"7e5e19e\" data-element_type=\"widget\" data-e-type=\"widget\" data-widget_type=\"heading.default\">\n\t\t\t\t\t<h2 class=\"elementor-heading-title elementor-size-default\">Prawa zainteresowanej strony  <\/h2>\t\t\t\t<\/div>\n\t\t\t\t<div class=\"elementor-element elementor-element-6b4e10d elementor-widget__width-initial elementor-widget elementor-widget-text-editor\" data-id=\"6b4e10d\" data-element_type=\"widget\" data-e-type=\"widget\" data-widget_type=\"text-editor.default\">\n\t\t\t\t\t\t\t\t\t<p>Osoba zainteresowana mo\u017ce skontaktowa\u0107 si\u0119 z Dzia\u0142em Ochrony Prywatno\u015bci u administratora danych w celu weryfikacji swoich danych, ich integracji, aktualizacji lub sprostowania i\/lub skorzystania z innych praw przewidzianych w art. 7 Kodeksu (zamieszczony w za\u0142\u0105czniku). W szczeg\u00f3lno\u015bci mo\u017cesz w ka\u017cdej chwili sprzeciwi\u0107 si\u0119 przetwarzaniu Twojego adresu e-mail lub danych telefonicznych w celach sprzeda\u017cy bezpo\u015bredniej lub marketingu, zawsze za po\u015brednictwem Serwisu Prywatno\u015bci.    <\/p>\t\t\t\t\t\t\t\t<\/div>\n\t\t\t\t<div class=\"elementor-element elementor-element-47c3607 elementor-widget elementor-widget-heading\" data-id=\"47c3607\" data-element_type=\"widget\" data-e-type=\"widget\" data-widget_type=\"heading.default\">\n\t\t\t\t\t<h2 class=\"elementor-heading-title elementor-size-default\">Kontroler danych<\/h2>\t\t\t\t<\/div>\n\t\t\t\t<div class=\"elementor-element elementor-element-5ef7a9d elementor-widget__width-initial elementor-widget elementor-widget-text-editor\" data-id=\"5ef7a9d\" data-element_type=\"widget\" data-e-type=\"widget\" data-widget_type=\"text-editor.default\">\n\t\t\t\t\t\t\t\t\t<p>Administratorem danych jest:<\/p><p><strong>GARDA BIKE HUB SRL<\/strong><\/p><p>Telefon: +39 349 8246245<br> Adres e-mail: <span style=\"text-decoration: underline;\">gardabikehubsrl@gmail.com<\/span><\/p><p>Via del Garda, 124 Salionze (VR)<br> Numer VAT 04794700239  <\/p>\t\t\t\t\t\t\t\t<\/div>\n\t\t\t\t<div class=\"elementor-element elementor-element-04ca651 elementor-widget elementor-widget-heading\" data-id=\"04ca651\" data-element_type=\"widget\" data-e-type=\"widget\" data-widget_type=\"heading.default\">\n\t\t\t\t\t<h2 class=\"elementor-heading-title elementor-size-default\">Sztuka. 7 Dekret ustawodawczy 196\/03 (Prawo dost\u0119pu do danych osobowych i inne prawa)   <\/h2>\t\t\t\t<\/div>\n\t\t\t\t<div class=\"elementor-element elementor-element-c2a84b7 elementor-widget__width-initial elementor-widget elementor-widget-text-editor\" data-id=\"c2a84b7\" data-element_type=\"widget\" data-e-type=\"widget\" data-widget_type=\"text-editor.default\">\n\t\t\t\t\t\t\t\t\t<p>1. Osoba zainteresowana ma prawo uzyska\u0107 potwierdzenie istnienia lub braku danych osobowych jej dotycz\u0105cych, nawet je\u017celi nie zosta\u0142y jeszcze zarejestrowane, oraz ich udost\u0119pnienia w zrozumia\u0142ej formie.<\/p><p>2. Zainteresowany ma prawo uzyska\u0107 wskazanie:<br> a) pochodzenie danych osobowych;<br> b) cele i sposoby przetwarzania;<br> c) logika stosowana w przypadku przetwarzania dokonywanego przy pomocy instrument\u00f3w elektronicznych;<br> d) dane identyfikacyjne w\u0142a\u015bciciela, zarz\u0105dcy i wyznaczonego przedstawiciela zgodnie z art. 5 ust. 2;<br> e) podmioty lub kategorie podmiot\u00f3w, kt\u00f3rym mog\u0105 by\u0107 przekazywane dane osobowe lub kt\u00f3re mog\u0105 si\u0119 o nich dowiedzie\u0107, dzia\u0142aj\u0105c w charakterze wyznaczonych przedstawicieli na terytorium pa\u0144stwa, zarz\u0105dc\u00f3w lub os\u00f3b odpowiedzialnych.<\/p><p>3. Zainteresowany ma prawo uzyska\u0107:<br> a) aktualizacji, sprostowania lub, gdy istnieje interes, integracji danych;<br> b) usuni\u0119cia, przekszta\u0142cenia w form\u0119 anonimizowan\u0105 lub zablokowania danych przetwarzanych niezgodnie z prawem, w tym danych, kt\u00f3rych przechowywanie nie jest niezb\u0119dne do cel\u00f3w, w kt\u00f3rych dane zosta\u0142y zebrane lub s\u0105 nast\u0119pnie przetwarzane;<br> c) za\u015bwiadczenie, \u017ce o operacjach, o kt\u00f3rych mowa w lit. a) i b), poinformowano, tak\u017ce co do ich tre\u015bci, osoby, kt\u00f3rym dane zosta\u0142y przekazane lub rozpowszechnione, z wyj\u0105tkiem przypadk\u00f3w, gdy wykonanie tych czynno\u015bci oka\u017ce si\u0119 niemo\u017cliwe lub b\u0119dzie wymaga\u0142o u\u017cycia \u015brodk\u00f3w ewidentnie niewsp\u00f3\u0142miernych do chronionego prawa.  <\/p><p>4. Zainteresowanemu przys\u0142uguje prawo wniesienia sprzeciwu w ca\u0142o\u015bci lub w cz\u0119\u015bci:<br> a) ze wzgl\u0119du na uzasadnione podstawy przetwarzania dotycz\u0105cych jej danych osobowych, nawet je\u015bli jest to istotne dla celu zbierania;<br> b) do przetwarzania danych osobowych jej dotycz\u0105cych w celu wysy\u0142ania materia\u0142\u00f3w reklamowych lub sprzeda\u017cy bezpo\u015bredniej lub w celu przeprowadzania bada\u0144 rynkowych lub komunikacji handlowej.<\/p>\t\t\t\t\t\t\t\t<\/div>\n\t\t\t\t\t<\/div>\n\t\t\t\t<\/div>\n\t\t\t\t<\/div>\n\t\t","protected":false},"excerpt":{"rendered":"<p>Polityka prywatno\u015bci Temat : Informacja zgodnie z art. 13 Dekret ustawodawczy 196\/03 \u201eKodeks ochrony danych osobowych\u201d Przes\u0142anka Zgodnie z postanowieniami Dekretu Ustawodawczego 196\/03 \u201eKodeks Ochrony Danych Osobowych \u201e(dalej \u201eKodeks\u201d), poni\u017cej podajemy informacje dotycz\u0105ce wykorzystania przez ni\u017cej podpisan\u0105 sp\u00f3\u0142k\u0119 danych osobowych pozyskanych w zwi\u0105zku ze stosunkami umownymi z Pa\u0144stwem lub takimi, kt\u00f3re mog\u0105 zosta\u0107 zawarte w [&hellip;]<\/p>\n","protected":false},"author":1,"featured_media":0,"parent":0,"menu_order":0,"comment_status":"closed","ping_status":"closed","template":"","meta":{"_acf_changed":false,"inline_featured_image":false,"footnotes":""},"class_list":["post-8773","page","type-page","status-publish","hentry"],"acf":[],"yoast_head":"<!-- This site is optimized with the Yoast SEO plugin v27.5 - https:\/\/yoast.com\/product\/yoast-seo-wordpress\/ -->\n<title>Polityka prywatno\u015bci - Garda South Cycling<\/title>\n<meta name=\"description\" content=\"Przeczytaj nasz\u0105 polityk\u0119 prywatno\u015bci, aby dowiedzie\u0107 si\u0119, w jaki spos\u00f3b Garda South Cycling zapewnia bezpiecze\u0144stwo i poufno\u015b\u0107 Twoich danych.\" \/>\n<meta name=\"robots\" content=\"index, follow, max-snippet:-1, max-image-preview:large, max-video-preview:-1\" \/>\n<link rel=\"canonical\" href=\"https:\/\/www.italybikehub.com\/pl\/polityka-prywatnosci\/\" \/>\n<meta property=\"og:locale\" content=\"pl_PL\" \/>\n<meta property=\"og:type\" content=\"article\" \/>\n<meta property=\"og:title\" content=\"Polityka prywatno\u015bci - Garda South Cycling\" \/>\n<meta property=\"og:description\" content=\"Przeczytaj nasz\u0105 polityk\u0119 prywatno\u015bci, aby dowiedzie\u0107 si\u0119, w jaki spos\u00f3b Garda South Cycling zapewnia bezpiecze\u0144stwo i poufno\u015b\u0107 Twoich danych.\" \/>\n<meta property=\"og:url\" content=\"https:\/\/www.italybikehub.com\/pl\/polityka-prywatnosci\/\" \/>\n<meta property=\"og:site_name\" content=\"Garda South Cycling\" \/>\n<meta property=\"article:publisher\" content=\"https:\/\/www.facebook.com\/gardasouthcycling\/\" \/>\n<meta property=\"article:modified_time\" content=\"2025-05-22T06:23:13+00:00\" \/>\n<meta name=\"twitter:card\" content=\"summary_large_image\" \/>\n<meta name=\"twitter:label1\" content=\"Szacowany czas czytania\" \/>\n\t<meta name=\"twitter:data1\" content=\"4 minuty\" \/>\n<script type=\"application\/ld+json\" class=\"yoast-schema-graph\">{\"@context\":\"https:\\\/\\\/schema.org\",\"@graph\":[{\"@type\":\"WebPage\",\"@id\":\"https:\\\/\\\/www.italybikehub.com\\\/pl\\\/polityka-prywatnosci\\\/\",\"url\":\"https:\\\/\\\/www.italybikehub.com\\\/pl\\\/polityka-prywatnosci\\\/\",\"name\":\"Polityka prywatno\u015bci - Garda South Cycling\",\"isPartOf\":{\"@id\":\"https:\\\/\\\/www.italybikehub.com\\\/pl\\\/#website\"},\"datePublished\":\"2024-10-19T08:33:45+00:00\",\"dateModified\":\"2025-05-22T06:23:13+00:00\",\"description\":\"Przeczytaj nasz\u0105 polityk\u0119 prywatno\u015bci, aby dowiedzie\u0107 si\u0119, w jaki spos\u00f3b Garda South Cycling zapewnia bezpiecze\u0144stwo i poufno\u015b\u0107 Twoich danych.\",\"breadcrumb\":{\"@id\":\"https:\\\/\\\/www.italybikehub.com\\\/pl\\\/polityka-prywatnosci\\\/#breadcrumb\"},\"inLanguage\":\"pl-PL\",\"potentialAction\":[{\"@type\":\"ReadAction\",\"target\":[\"https:\\\/\\\/www.italybikehub.com\\\/pl\\\/polityka-prywatnosci\\\/\"]}]},{\"@type\":\"BreadcrumbList\",\"@id\":\"https:\\\/\\\/www.italybikehub.com\\\/pl\\\/polityka-prywatnosci\\\/#breadcrumb\",\"itemListElement\":[{\"@type\":\"ListItem\",\"position\":1,\"name\":\"Home\",\"item\":\"https:\\\/\\\/www.italybikehub.com\\\/pl\\\/dom\\\/\"},{\"@type\":\"ListItem\",\"position\":2,\"name\":\"Polityka prywatno\u015bci\"}]},{\"@type\":\"WebSite\",\"@id\":\"https:\\\/\\\/www.italybikehub.com\\\/pl\\\/#website\",\"url\":\"https:\\\/\\\/www.italybikehub.com\\\/pl\\\/\",\"name\":\"Garda South Cycling\",\"description\":\"Noleggio Bici Peschiera del Garda\",\"publisher\":{\"@id\":\"https:\\\/\\\/www.italybikehub.com\\\/pl\\\/#organization\"},\"potentialAction\":[{\"@type\":\"SearchAction\",\"target\":{\"@type\":\"EntryPoint\",\"urlTemplate\":\"https:\\\/\\\/www.italybikehub.com\\\/pl\\\/?s={search_term_string}\"},\"query-input\":{\"@type\":\"PropertyValueSpecification\",\"valueRequired\":true,\"valueName\":\"search_term_string\"}}],\"inLanguage\":\"pl-PL\"},{\"@type\":\"Organization\",\"@id\":\"https:\\\/\\\/www.italybikehub.com\\\/pl\\\/#organization\",\"name\":\"Garda South Cycling\",\"url\":\"https:\\\/\\\/www.italybikehub.com\\\/pl\\\/\",\"logo\":{\"@type\":\"ImageObject\",\"inLanguage\":\"pl-PL\",\"@id\":\"https:\\\/\\\/www.italybikehub.com\\\/pl\\\/#\\\/schema\\\/logo\\\/image\\\/\",\"url\":\"https:\\\/\\\/www.italybikehub.com\\\/wp-content\\\/uploads\\\/2024\\\/12\\\/Favicon-GSC.jpg\",\"contentUrl\":\"https:\\\/\\\/www.italybikehub.com\\\/wp-content\\\/uploads\\\/2024\\\/12\\\/Favicon-GSC.jpg\",\"width\":500,\"height\":500,\"caption\":\"Garda South Cycling\"},\"image\":{\"@id\":\"https:\\\/\\\/www.italybikehub.com\\\/pl\\\/#\\\/schema\\\/logo\\\/image\\\/\"},\"sameAs\":[\"https:\\\/\\\/www.facebook.com\\\/gardasouthcycling\\\/\",\"https:\\\/\\\/www.instagram.com\\\/gardasouthcycling\\\/\"]}]}<\/script>\n<!-- \/ Yoast SEO plugin. -->","yoast_head_json":{"title":"Polityka prywatno\u015bci - Garda South Cycling","description":"Przeczytaj nasz\u0105 polityk\u0119 prywatno\u015bci, aby dowiedzie\u0107 si\u0119, w jaki spos\u00f3b Garda South Cycling zapewnia bezpiecze\u0144stwo i poufno\u015b\u0107 Twoich danych.","robots":{"index":"index","follow":"follow","max-snippet":"max-snippet:-1","max-image-preview":"max-image-preview:large","max-video-preview":"max-video-preview:-1"},"canonical":"https:\/\/www.italybikehub.com\/pl\/polityka-prywatnosci\/","og_locale":"pl_PL","og_type":"article","og_title":"Polityka prywatno\u015bci - Garda South Cycling","og_description":"Przeczytaj nasz\u0105 polityk\u0119 prywatno\u015bci, aby dowiedzie\u0107 si\u0119, w jaki spos\u00f3b Garda South Cycling zapewnia bezpiecze\u0144stwo i poufno\u015b\u0107 Twoich danych.","og_url":"https:\/\/www.italybikehub.com\/pl\/polityka-prywatnosci\/","og_site_name":"Garda South Cycling","article_publisher":"https:\/\/www.facebook.com\/gardasouthcycling\/","article_modified_time":"2025-05-22T06:23:13+00:00","twitter_card":"summary_large_image","twitter_misc":{"Szacowany czas czytania":"4 minuty"},"schema":{"@context":"https:\/\/schema.org","@graph":[{"@type":"WebPage","@id":"https:\/\/www.italybikehub.com\/pl\/polityka-prywatnosci\/","url":"https:\/\/www.italybikehub.com\/pl\/polityka-prywatnosci\/","name":"Polityka prywatno\u015bci - Garda South Cycling","isPartOf":{"@id":"https:\/\/www.italybikehub.com\/pl\/#website"},"datePublished":"2024-10-19T08:33:45+00:00","dateModified":"2025-05-22T06:23:13+00:00","description":"Przeczytaj nasz\u0105 polityk\u0119 prywatno\u015bci, aby dowiedzie\u0107 si\u0119, w jaki spos\u00f3b Garda South Cycling zapewnia bezpiecze\u0144stwo i poufno\u015b\u0107 Twoich danych.","breadcrumb":{"@id":"https:\/\/www.italybikehub.com\/pl\/polityka-prywatnosci\/#breadcrumb"},"inLanguage":"pl-PL","potentialAction":[{"@type":"ReadAction","target":["https:\/\/www.italybikehub.com\/pl\/polityka-prywatnosci\/"]}]},{"@type":"BreadcrumbList","@id":"https:\/\/www.italybikehub.com\/pl\/polityka-prywatnosci\/#breadcrumb","itemListElement":[{"@type":"ListItem","position":1,"name":"Home","item":"https:\/\/www.italybikehub.com\/pl\/dom\/"},{"@type":"ListItem","position":2,"name":"Polityka prywatno\u015bci"}]},{"@type":"WebSite","@id":"https:\/\/www.italybikehub.com\/pl\/#website","url":"https:\/\/www.italybikehub.com\/pl\/","name":"Garda South Cycling","description":"Noleggio Bici Peschiera del Garda","publisher":{"@id":"https:\/\/www.italybikehub.com\/pl\/#organization"},"potentialAction":[{"@type":"SearchAction","target":{"@type":"EntryPoint","urlTemplate":"https:\/\/www.italybikehub.com\/pl\/?s={search_term_string}"},"query-input":{"@type":"PropertyValueSpecification","valueRequired":true,"valueName":"search_term_string"}}],"inLanguage":"pl-PL"},{"@type":"Organization","@id":"https:\/\/www.italybikehub.com\/pl\/#organization","name":"Garda South Cycling","url":"https:\/\/www.italybikehub.com\/pl\/","logo":{"@type":"ImageObject","inLanguage":"pl-PL","@id":"https:\/\/www.italybikehub.com\/pl\/#\/schema\/logo\/image\/","url":"https:\/\/www.italybikehub.com\/wp-content\/uploads\/2024\/12\/Favicon-GSC.jpg","contentUrl":"https:\/\/www.italybikehub.com\/wp-content\/uploads\/2024\/12\/Favicon-GSC.jpg","width":500,"height":500,"caption":"Garda South Cycling"},"image":{"@id":"https:\/\/www.italybikehub.com\/pl\/#\/schema\/logo\/image\/"},"sameAs":["https:\/\/www.facebook.com\/gardasouthcycling\/","https:\/\/www.instagram.com\/gardasouthcycling\/"]}]}},"_links":{"self":[{"href":"https:\/\/www.italybikehub.com\/pl\/wp-json\/wp\/v2\/pages\/8773","targetHints":{"allow":["GET"]}}],"collection":[{"href":"https:\/\/www.italybikehub.com\/pl\/wp-json\/wp\/v2\/pages"}],"about":[{"href":"https:\/\/www.italybikehub.com\/pl\/wp-json\/wp\/v2\/types\/page"}],"author":[{"embeddable":true,"href":"https:\/\/www.italybikehub.com\/pl\/wp-json\/wp\/v2\/users\/1"}],"replies":[{"embeddable":true,"href":"https:\/\/www.italybikehub.com\/pl\/wp-json\/wp\/v2\/comments?post=8773"}],"version-history":[{"count":1,"href":"https:\/\/www.italybikehub.com\/pl\/wp-json\/wp\/v2\/pages\/8773\/revisions"}],"predecessor-version":[{"id":8774,"href":"https:\/\/www.italybikehub.com\/pl\/wp-json\/wp\/v2\/pages\/8773\/revisions\/8774"}],"wp:attachment":[{"href":"https:\/\/www.italybikehub.com\/pl\/wp-json\/wp\/v2\/media?parent=8773"}],"curies":[{"name":"wp","href":"https:\/\/api.w.org\/{rel}","templated":true}]}}