{"id":8703,"date":"2024-10-19T08:33:39","date_gmt":"2024-10-19T08:33:39","guid":{"rendered":"https:\/\/www.italybikehub.com\/zaplanuj-swoje-wakacje\/"},"modified":"2025-05-22T07:02:10","modified_gmt":"2025-05-22T07:02:10","slug":"zaplanuj-swoje-wakacje","status":"publish","type":"page","link":"https:\/\/www.italybikehub.com\/pl\/zaplanuj-swoje-wakacje\/","title":{"rendered":"Zaplanuj swoje wakacje"},"content":{"rendered":"\t\t<div data-elementor-type=\"wp-page\" data-elementor-id=\"8703\" class=\"elementor elementor-8703 elementor-4465\" data-elementor-post-type=\"page\">\n\t\t\t\t<div class=\"elementor-element elementor-element-51d6a25 e-con-full e-flex e-con e-parent\" data-id=\"51d6a25\" data-element_type=\"container\" data-e-type=\"container\" data-settings=\"{&quot;background_background&quot;:&quot;classic&quot;}\">\n\t\t<div class=\"elementor-element elementor-element-3c7f9fc e-con-full e-flex e-con e-child\" data-id=\"3c7f9fc\" data-element_type=\"container\" data-e-type=\"container\">\n\t\t\t\t<div class=\"elementor-element elementor-element-33d980b elementor-widget elementor-widget-breadcrumbs\" data-id=\"33d980b\" data-element_type=\"widget\" data-e-type=\"widget\" data-widget_type=\"breadcrumbs.default\">\n\t\t\t\t\t<p id=\"breadcrumbs\"><span><span><a href=\"https:\/\/www.italybikehub.com\/pl\/dom\/\">Home<\/a><\/span><\/span><\/p>\t\t\t\t<\/div>\n\t\t\t\t<div class=\"elementor-element elementor-element-1191083 elementor-widget elementor-widget-heading\" data-id=\"1191083\" data-element_type=\"widget\" data-e-type=\"widget\" data-widget_type=\"heading.default\">\n\t\t\t\t\t<h1 class=\"elementor-heading-title elementor-size-default\">Pakiety wakacyjne i aktywno\u015bci nad Jeziorem Garda i jego okolicami<\/h1>\t\t\t\t<\/div>\n\t\t\t\t<div class=\"elementor-element elementor-element-d7118be elementor-widget__width-initial elementor-widget elementor-widget-text-editor\" data-id=\"d7118be\" data-element_type=\"widget\" data-e-type=\"widget\" data-widget_type=\"text-editor.default\">\n\t\t\t\t\t\t\t\t\tNad jeziorem Garda czeka na Ciebie wiele r\u00f3\u017cnorodnych atrakcji i wra\u017ce\u0144! Bez wzgl\u0119du na Twoje potrzeby, <strong>Garda South Cycling<\/strong> <strong>ma dla Ciebie odpowiedni\u0105 propozycj\u0119.<\/strong>  \t\t\t\t\t\t\t\t<\/div>\n\t\t\t\t<\/div>\n\t\t<div class=\"elementor-element elementor-element-8d1b766 e-con-full e-flex e-con e-child\" data-id=\"8d1b766\" data-element_type=\"container\" data-e-type=\"container\" data-settings=\"{&quot;background_background&quot;:&quot;classic&quot;}\">\n\t\t\t\t<\/div>\n\t\t\t\t<\/div>\n\t\t<div class=\"elementor-element elementor-element-ee6a3d0 e-con-full e-flex e-con e-parent\" data-id=\"ee6a3d0\" data-element_type=\"container\" data-e-type=\"container\" data-settings=\"{&quot;background_background&quot;:&quot;classic&quot;}\">\n\t\t<a class=\"elementor-element elementor-element-dfdce2d e-con-full e-flex e-con e-child\" data-id=\"dfdce2d\" data-element_type=\"container\" data-e-type=\"container\" data-settings=\"{&quot;background_background&quot;:&quot;classic&quot;}\" href=\"https:\/\/www.italybikehub.com\/pl\/grupy-szkolne\/\">\n\t\t\t\t<div class=\"elementor-element elementor-element-a5c5e47 elementor-widget__width-initial elementor-widget elementor-widget-heading\" data-id=\"a5c5e47\" data-element_type=\"widget\" data-e-type=\"widget\" data-widget_type=\"heading.default\">\n\t\t\t\t\t<h3 class=\"elementor-heading-title elementor-size-default\">Grupy szkolne<\/h3>\t\t\t\t<\/div>\n\t\t\t\t<\/a>\n\t\t<a class=\"elementor-element elementor-element-760eea8 e-con-full e-flex e-con e-child\" data-id=\"760eea8\" data-element_type=\"container\" data-e-type=\"container\" data-settings=\"{&quot;background_background&quot;:&quot;classic&quot;}\" href=\"https:\/\/www.italybikehub.com\/pl\/rodzina\/\">\n\t\t\t\t<div class=\"elementor-element elementor-element-6ae0677 elementor-widget__width-initial elementor-widget elementor-widget-heading\" data-id=\"6ae0677\" data-element_type=\"widget\" data-e-type=\"widget\" data-widget_type=\"heading.default\">\n\t\t\t\t\t<h3 class=\"elementor-heading-title elementor-size-default\">Rodzina<\/h3>\t\t\t\t<\/div>\n\t\t\t\t<\/a>\n\t\t<a class=\"elementor-element elementor-element-61aed39 e-con-full e-flex e-con e-child\" data-id=\"61aed39\" data-element_type=\"container\" data-e-type=\"container\" data-settings=\"{&quot;background_background&quot;:&quot;classic&quot;}\" href=\"https:\/\/www.italybikehub.com\/pl\/wieczor-kawalerski-panienski\/\">\n\t\t\t\t<div class=\"elementor-element elementor-element-357802b elementor-widget__width-initial elementor-widget elementor-widget-heading\" data-id=\"357802b\" data-element_type=\"widget\" data-e-type=\"widget\" data-widget_type=\"heading.default\">\n\t\t\t\t\t<h3 class=\"elementor-heading-title elementor-size-default\">Wieczory kawalerskie i panie\u0144skie<\/h3>\t\t\t\t<\/div>\n\t\t\t\t<\/a>\n\t\t<a class=\"elementor-element elementor-element-f85dbfd e-con-full e-flex e-con e-child\" data-id=\"f85dbfd\" data-element_type=\"container\" data-e-type=\"container\" data-settings=\"{&quot;background_background&quot;:&quot;classic&quot;}\" href=\"https:\/\/www.italybikehub.com\/pl\/budowanie-zespolu\/\">\n\t\t\t\t<div class=\"elementor-element elementor-element-7e5d959 elementor-widget__width-initial elementor-widget elementor-widget-heading\" data-id=\"7e5d959\" data-element_type=\"widget\" data-e-type=\"widget\" data-widget_type=\"heading.default\">\n\t\t\t\t\t<h3 class=\"elementor-heading-title elementor-size-default\">Budowanie zespo\u0142u<\/h3>\t\t\t\t<\/div>\n\t\t\t\t<\/a>\n\t\t<a class=\"elementor-element elementor-element-f3906e4 e-con-full e-flex e-con e-child\" data-id=\"f3906e4\" data-element_type=\"container\" data-e-type=\"container\" data-settings=\"{&quot;background_background&quot;:&quot;classic&quot;}\" href=\"https:\/\/www.italybikehub.com\/pl\/hotele-i-agencje\/\">\n\t\t\t\t<div class=\"elementor-element elementor-element-2ce12d1 elementor-widget__width-initial elementor-widget elementor-widget-heading\" data-id=\"2ce12d1\" data-element_type=\"widget\" data-e-type=\"widget\" data-widget_type=\"heading.default\">\n\t\t\t\t\t<h3 class=\"elementor-heading-title elementor-size-default\">Hotele i agencje<\/h3>\t\t\t\t<\/div>\n\t\t\t\t<\/a>\n\t\t\t\t<\/div>\n\t\t<div class=\"elementor-element elementor-element-fa3fead e-con-full e-flex e-con e-parent\" data-id=\"fa3fead\" data-element_type=\"container\" data-e-type=\"container\" data-settings=\"{&quot;background_background&quot;:&quot;classic&quot;}\">\n\t\t\t\t<div class=\"elementor-element elementor-element-72fba09 elementor-widget elementor-widget-heading\" data-id=\"72fba09\" data-element_type=\"widget\" data-e-type=\"widget\" data-widget_type=\"heading.default\">\n\t\t\t\t\t<h2 class=\"elementor-heading-title elementor-size-default\">Zr\u00f3wnowa\u017cona turystyka:<br> Zaj\u0119cia nad jeziorem i pakiety wakacyjne GSC<\/h2>\t\t\t\t<\/div>\n\t\t\t\t<div class=\"elementor-element elementor-element-b7f1ca7 elementor-widget elementor-widget-text-editor\" data-id=\"b7f1ca7\" data-element_type=\"widget\" data-e-type=\"widget\" data-widget_type=\"text-editor.default\">\n\t\t\t\t\t\t\t\t\t<p>Zaj\u0119cia rodzinne, wycieczki szkolne i propozycje edukacyjne, zaj\u0119cia sportowe, atrakcje dla grup buduj\u0105cych relacje zespo\u0142owe oraz wieczory panie\u0144skie i kawalerskie: <strong>wskakuj na rower i czeka na Ciebie mn\u00f3stwo atrakcji nad jeziorem Garda!<\/strong><\/p><p><strong>Garda South Cycling oferuje kompletne pakiety wakacyjne nad jeziorem Garda,<\/strong> kt\u00f3re pomog\u0105 Ci powoli odkrywa\u0107 okolic\u0119: od wypo\u017cyczalni rower\u00f3w, kt\u00f3ra pomo\u017ce Ci wypr\u00f3bowa\u0107 ekscytuj\u0105ce trasy tu\u017c przy jeziorze, po Agriturismo La Montina, w kt\u00f3rym mo\u017cesz cieszy\u0107 si\u0119 autentycznymi smakami w rodzinnym otoczeniu, a\u017c po Resort Le Ali del Frassino, relaksuj\u0105cy azyl zanurzony w naturze.<\/p>\t\t\t\t\t\t\t\t<\/div>\n\t\t\t\t<\/div>\n\t\t\t\t<\/div>\n\t\t","protected":false},"excerpt":{"rendered":"<p>Pakiety wakacyjne i aktywno\u015bci nad Jeziorem Garda i jego okolicami Nad jeziorem Garda czeka na Ciebie wiele r\u00f3\u017cnorodnych atrakcji i wra\u017ce\u0144! Bez wzgl\u0119du na Twoje potrzeby, Garda South Cycling ma dla Ciebie odpowiedni\u0105 propozycj\u0119. Grupy szkolne Rodzina Wieczory kawalerskie i panie\u0144skie Budowanie zespo\u0142u Hotele i agencje Zr\u00f3wnowa\u017cona turystyka: Zaj\u0119cia nad jeziorem i pakiety wakacyjne GSC [&hellip;]<\/p>\n","protected":false},"author":1,"featured_media":0,"parent":0,"menu_order":0,"comment_status":"closed","ping_status":"closed","template":"","meta":{"_acf_changed":false,"inline_featured_image":false,"footnotes":""},"class_list":["post-8703","page","type-page","status-publish","hentry"],"acf":[],"yoast_head":"<!-- This site is optimized with the Yoast SEO plugin v27.5 - https:\/\/yoast.com\/product\/yoast-seo-wordpress\/ -->\n<title>Co robi\u0107 nad jeziorem Garda: odkryj pakiety wakacyjne<\/title>\n<meta name=\"description\" content=\"Planujesz wycieczk\u0119 nad jezioro Garda, ale nie wiesz, co robi\u0107? Odkryj pakiety wakacyjne na rowerze w regionie Garda South: po\u0142\u0105czenie smaku i natury.\" \/>\n<meta name=\"robots\" content=\"index, follow, max-snippet:-1, max-image-preview:large, max-video-preview:-1\" \/>\n<link rel=\"canonical\" href=\"https:\/\/www.italybikehub.com\/pl\/zaplanuj-swoje-wakacje\/\" \/>\n<meta property=\"og:locale\" content=\"pl_PL\" \/>\n<meta property=\"og:type\" content=\"article\" \/>\n<meta property=\"og:title\" content=\"Co robi\u0107 nad jeziorem Garda: odkryj pakiety wakacyjne\" \/>\n<meta property=\"og:description\" content=\"Planujesz wycieczk\u0119 nad jezioro Garda, ale nie wiesz, co robi\u0107? Odkryj pakiety wakacyjne na rowerze w regionie Garda South: po\u0142\u0105czenie smaku i natury.\" \/>\n<meta property=\"og:url\" content=\"https:\/\/www.italybikehub.com\/pl\/zaplanuj-swoje-wakacje\/\" \/>\n<meta property=\"og:site_name\" content=\"Garda South Cycling\" \/>\n<meta property=\"article:publisher\" content=\"https:\/\/www.facebook.com\/gardasouthcycling\/\" \/>\n<meta property=\"article:modified_time\" content=\"2025-05-22T07:02:10+00:00\" \/>\n<meta name=\"twitter:card\" content=\"summary_large_image\" \/>\n<meta name=\"twitter:label1\" content=\"Szacowany czas czytania\" \/>\n\t<meta name=\"twitter:data1\" content=\"1 minuta\" \/>\n<script type=\"application\/ld+json\" class=\"yoast-schema-graph\">{\"@context\":\"https:\\\/\\\/schema.org\",\"@graph\":[{\"@type\":\"WebPage\",\"@id\":\"https:\\\/\\\/www.italybikehub.com\\\/pl\\\/zaplanuj-swoje-wakacje\\\/\",\"url\":\"https:\\\/\\\/www.italybikehub.com\\\/pl\\\/zaplanuj-swoje-wakacje\\\/\",\"name\":\"Co robi\u0107 nad jeziorem Garda: odkryj pakiety wakacyjne\",\"isPartOf\":{\"@id\":\"https:\\\/\\\/www.italybikehub.com\\\/pl\\\/#website\"},\"datePublished\":\"2024-10-19T08:33:39+00:00\",\"dateModified\":\"2025-05-22T07:02:10+00:00\",\"description\":\"Planujesz wycieczk\u0119 nad jezioro Garda, ale nie wiesz, co robi\u0107? Odkryj pakiety wakacyjne na rowerze w regionie Garda South: po\u0142\u0105czenie smaku i natury.\",\"breadcrumb\":{\"@id\":\"https:\\\/\\\/www.italybikehub.com\\\/pl\\\/zaplanuj-swoje-wakacje\\\/#breadcrumb\"},\"inLanguage\":\"pl-PL\",\"potentialAction\":[{\"@type\":\"ReadAction\",\"target\":[\"https:\\\/\\\/www.italybikehub.com\\\/pl\\\/zaplanuj-swoje-wakacje\\\/\"]}]},{\"@type\":\"BreadcrumbList\",\"@id\":\"https:\\\/\\\/www.italybikehub.com\\\/pl\\\/zaplanuj-swoje-wakacje\\\/#breadcrumb\",\"itemListElement\":[{\"@type\":\"ListItem\",\"position\":1,\"name\":\"Home\",\"item\":\"https:\\\/\\\/www.italybikehub.com\\\/pl\\\/dom\\\/\"},{\"@type\":\"ListItem\",\"position\":2,\"name\":\"Zaplanuj swoje wakacje\"}]},{\"@type\":\"WebSite\",\"@id\":\"https:\\\/\\\/www.italybikehub.com\\\/pl\\\/#website\",\"url\":\"https:\\\/\\\/www.italybikehub.com\\\/pl\\\/\",\"name\":\"Garda South Cycling\",\"description\":\"Noleggio Bici Peschiera del Garda\",\"publisher\":{\"@id\":\"https:\\\/\\\/www.italybikehub.com\\\/pl\\\/#organization\"},\"potentialAction\":[{\"@type\":\"SearchAction\",\"target\":{\"@type\":\"EntryPoint\",\"urlTemplate\":\"https:\\\/\\\/www.italybikehub.com\\\/pl\\\/?s={search_term_string}\"},\"query-input\":{\"@type\":\"PropertyValueSpecification\",\"valueRequired\":true,\"valueName\":\"search_term_string\"}}],\"inLanguage\":\"pl-PL\"},{\"@type\":\"Organization\",\"@id\":\"https:\\\/\\\/www.italybikehub.com\\\/pl\\\/#organization\",\"name\":\"Garda South Cycling\",\"url\":\"https:\\\/\\\/www.italybikehub.com\\\/pl\\\/\",\"logo\":{\"@type\":\"ImageObject\",\"inLanguage\":\"pl-PL\",\"@id\":\"https:\\\/\\\/www.italybikehub.com\\\/pl\\\/#\\\/schema\\\/logo\\\/image\\\/\",\"url\":\"https:\\\/\\\/www.italybikehub.com\\\/wp-content\\\/uploads\\\/2024\\\/12\\\/Favicon-GSC.jpg\",\"contentUrl\":\"https:\\\/\\\/www.italybikehub.com\\\/wp-content\\\/uploads\\\/2024\\\/12\\\/Favicon-GSC.jpg\",\"width\":500,\"height\":500,\"caption\":\"Garda South Cycling\"},\"image\":{\"@id\":\"https:\\\/\\\/www.italybikehub.com\\\/pl\\\/#\\\/schema\\\/logo\\\/image\\\/\"},\"sameAs\":[\"https:\\\/\\\/www.facebook.com\\\/gardasouthcycling\\\/\",\"https:\\\/\\\/www.instagram.com\\\/gardasouthcycling\\\/\"]}]}<\/script>\n<!-- \/ Yoast SEO plugin. -->","yoast_head_json":{"title":"Co robi\u0107 nad jeziorem Garda: odkryj pakiety wakacyjne","description":"Planujesz wycieczk\u0119 nad jezioro Garda, ale nie wiesz, co robi\u0107? Odkryj pakiety wakacyjne na rowerze w regionie Garda South: po\u0142\u0105czenie smaku i natury.","robots":{"index":"index","follow":"follow","max-snippet":"max-snippet:-1","max-image-preview":"max-image-preview:large","max-video-preview":"max-video-preview:-1"},"canonical":"https:\/\/www.italybikehub.com\/pl\/zaplanuj-swoje-wakacje\/","og_locale":"pl_PL","og_type":"article","og_title":"Co robi\u0107 nad jeziorem Garda: odkryj pakiety wakacyjne","og_description":"Planujesz wycieczk\u0119 nad jezioro Garda, ale nie wiesz, co robi\u0107? Odkryj pakiety wakacyjne na rowerze w regionie Garda South: po\u0142\u0105czenie smaku i natury.","og_url":"https:\/\/www.italybikehub.com\/pl\/zaplanuj-swoje-wakacje\/","og_site_name":"Garda South Cycling","article_publisher":"https:\/\/www.facebook.com\/gardasouthcycling\/","article_modified_time":"2025-05-22T07:02:10+00:00","twitter_card":"summary_large_image","twitter_misc":{"Szacowany czas czytania":"1 minuta"},"schema":{"@context":"https:\/\/schema.org","@graph":[{"@type":"WebPage","@id":"https:\/\/www.italybikehub.com\/pl\/zaplanuj-swoje-wakacje\/","url":"https:\/\/www.italybikehub.com\/pl\/zaplanuj-swoje-wakacje\/","name":"Co robi\u0107 nad jeziorem Garda: odkryj pakiety wakacyjne","isPartOf":{"@id":"https:\/\/www.italybikehub.com\/pl\/#website"},"datePublished":"2024-10-19T08:33:39+00:00","dateModified":"2025-05-22T07:02:10+00:00","description":"Planujesz wycieczk\u0119 nad jezioro Garda, ale nie wiesz, co robi\u0107? Odkryj pakiety wakacyjne na rowerze w regionie Garda South: po\u0142\u0105czenie smaku i natury.","breadcrumb":{"@id":"https:\/\/www.italybikehub.com\/pl\/zaplanuj-swoje-wakacje\/#breadcrumb"},"inLanguage":"pl-PL","potentialAction":[{"@type":"ReadAction","target":["https:\/\/www.italybikehub.com\/pl\/zaplanuj-swoje-wakacje\/"]}]},{"@type":"BreadcrumbList","@id":"https:\/\/www.italybikehub.com\/pl\/zaplanuj-swoje-wakacje\/#breadcrumb","itemListElement":[{"@type":"ListItem","position":1,"name":"Home","item":"https:\/\/www.italybikehub.com\/pl\/dom\/"},{"@type":"ListItem","position":2,"name":"Zaplanuj swoje wakacje"}]},{"@type":"WebSite","@id":"https:\/\/www.italybikehub.com\/pl\/#website","url":"https:\/\/www.italybikehub.com\/pl\/","name":"Garda South Cycling","description":"Noleggio Bici Peschiera del Garda","publisher":{"@id":"https:\/\/www.italybikehub.com\/pl\/#organization"},"potentialAction":[{"@type":"SearchAction","target":{"@type":"EntryPoint","urlTemplate":"https:\/\/www.italybikehub.com\/pl\/?s={search_term_string}"},"query-input":{"@type":"PropertyValueSpecification","valueRequired":true,"valueName":"search_term_string"}}],"inLanguage":"pl-PL"},{"@type":"Organization","@id":"https:\/\/www.italybikehub.com\/pl\/#organization","name":"Garda South Cycling","url":"https:\/\/www.italybikehub.com\/pl\/","logo":{"@type":"ImageObject","inLanguage":"pl-PL","@id":"https:\/\/www.italybikehub.com\/pl\/#\/schema\/logo\/image\/","url":"https:\/\/www.italybikehub.com\/wp-content\/uploads\/2024\/12\/Favicon-GSC.jpg","contentUrl":"https:\/\/www.italybikehub.com\/wp-content\/uploads\/2024\/12\/Favicon-GSC.jpg","width":500,"height":500,"caption":"Garda South Cycling"},"image":{"@id":"https:\/\/www.italybikehub.com\/pl\/#\/schema\/logo\/image\/"},"sameAs":["https:\/\/www.facebook.com\/gardasouthcycling\/","https:\/\/www.instagram.com\/gardasouthcycling\/"]}]}},"_links":{"self":[{"href":"https:\/\/www.italybikehub.com\/pl\/wp-json\/wp\/v2\/pages\/8703","targetHints":{"allow":["GET"]}}],"collection":[{"href":"https:\/\/www.italybikehub.com\/pl\/wp-json\/wp\/v2\/pages"}],"about":[{"href":"https:\/\/www.italybikehub.com\/pl\/wp-json\/wp\/v2\/types\/page"}],"author":[{"embeddable":true,"href":"https:\/\/www.italybikehub.com\/pl\/wp-json\/wp\/v2\/users\/1"}],"replies":[{"embeddable":true,"href":"https:\/\/www.italybikehub.com\/pl\/wp-json\/wp\/v2\/comments?post=8703"}],"version-history":[{"count":3,"href":"https:\/\/www.italybikehub.com\/pl\/wp-json\/wp\/v2\/pages\/8703\/revisions"}],"predecessor-version":[{"id":8895,"href":"https:\/\/www.italybikehub.com\/pl\/wp-json\/wp\/v2\/pages\/8703\/revisions\/8895"}],"wp:attachment":[{"href":"https:\/\/www.italybikehub.com\/pl\/wp-json\/wp\/v2\/media?parent=8703"}],"curies":[{"name":"wp","href":"https:\/\/api.w.org\/{rel}","templated":true}]}}