{"id":8624,"date":"2024-10-19T08:18:15","date_gmt":"2024-10-19T08:18:15","guid":{"rendered":"https:\/\/www.italybikehub.com\/o-nas\/"},"modified":"2025-05-21T15:28:23","modified_gmt":"2025-05-21T15:28:23","slug":"o-nas","status":"publish","type":"page","link":"https:\/\/www.italybikehub.com\/pl\/o-nas\/","title":{"rendered":"O nas"},"content":{"rendered":"\t\t<div data-elementor-type=\"wp-page\" data-elementor-id=\"8624\" class=\"elementor elementor-8624 elementor-4424\" data-elementor-post-type=\"page\">\n\t\t\t\t<div class=\"elementor-element elementor-element-d3b7283 e-con-full e-flex e-con e-parent\" data-id=\"d3b7283\" data-element_type=\"container\" data-e-type=\"container\" data-settings=\"{&quot;background_background&quot;:&quot;classic&quot;}\">\n\t\t<div class=\"elementor-element elementor-element-7d071ce e-con-full e-flex e-con e-child\" data-id=\"7d071ce\" data-element_type=\"container\" data-e-type=\"container\">\n\t\t\t\t<div class=\"elementor-element elementor-element-e4638ad elementor-widget elementor-widget-breadcrumbs\" data-id=\"e4638ad\" data-element_type=\"widget\" data-e-type=\"widget\" data-widget_type=\"breadcrumbs.default\">\n\t\t\t\t\t<p id=\"breadcrumbs\"><span><span><a href=\"https:\/\/www.italybikehub.com\/pl\/dom\/\">Home<\/a><\/span><\/span><\/p>\t\t\t\t<\/div>\n\t\t\t\t<div class=\"elementor-element elementor-element-b2cb225 elementor-widget elementor-widget-heading\" data-id=\"b2cb225\" data-element_type=\"widget\" data-e-type=\"widget\" data-widget_type=\"heading.default\">\n\t\t\t\t\t<h1 class=\"elementor-heading-title elementor-size-default\">GSC: pomys\u0142 zrodzony z mi\u0142o\u015bci do regionu BassoGarda<\/h1>\t\t\t\t<\/div>\n\t\t\t\t<div class=\"elementor-element elementor-element-dfaead1 elementor-widget__width-initial elementor-widget elementor-widget-text-editor\" data-id=\"dfaead1\" data-element_type=\"widget\" data-e-type=\"widget\" data-widget_type=\"text-editor.default\">\n\t\t\t\t\t\t\t\t\t<p>Z <strong>synergii grupy, kt\u00f3ra jednoczy osoby w r\u00f3\u017cnym wieku i pokolenia, narodzi\u0142a si\u0119 GSC<\/strong> , sie\u0107 firm ukierunkowana na budowanie do\u015bwiadcze\u0144 i us\u0142ug zwi\u0105zanych z powoln\u0105 mobilno\u015bci\u0105.<\/p><p>Wsp\u00f3lny mianownik, kt\u00f3ry ma na celu po\u0142\u0105czenie punktu wypo\u017cyczania i zakupu rower\u00f3w, punktu gastronomicznego oraz hotelu dla rowerzyst\u00f3w, kt\u00f3re powsta\u0142y na przestrzeni lat z my\u015bl\u0105 o <strong>przyczynieniu si\u0119 do poprawy stanu zaplecza mi\u0119dzy jeziorem Garda a Mincio<\/strong> .<\/p><p>Poszukiwanie <strong>sposobu na ucieczk\u0119 od chaosu miasta i masowej turystyki<\/strong> staje si\u0119 coraz bardziej aktualne: kontakt z natur\u0105, autentyczno\u015b\u0107 produkt\u00f3w na stole, znaczenie powolnej i zr\u00f3wnowa\u017conej podr\u00f3\u017cy stanowi\u0105 podstaw\u0119 kompleksowej us\u0142ugi oferowanej przez Garda South Cycling.<\/p>\t\t\t\t\t\t\t\t<\/div>\n\t\t\t\t<\/div>\n\t\t<div class=\"elementor-element elementor-element-fdb9ad2 e-con-full e-flex e-con e-child\" data-id=\"fdb9ad2\" data-element_type=\"container\" data-e-type=\"container\" data-settings=\"{&quot;background_background&quot;:&quot;classic&quot;}\">\n\t\t\t\t<div class=\"elementor-element elementor-element-be85118 elementor-arrows-position-inside elementor-widget elementor-widget-image-carousel\" data-id=\"be85118\" data-element_type=\"widget\" data-e-type=\"widget\" data-settings=\"{&quot;slides_to_show&quot;:&quot;1&quot;,&quot;navigation&quot;:&quot;arrows&quot;,&quot;autoplay&quot;:&quot;yes&quot;,&quot;pause_on_hover&quot;:&quot;yes&quot;,&quot;pause_on_interaction&quot;:&quot;yes&quot;,&quot;autoplay_speed&quot;:5000,&quot;infinite&quot;:&quot;yes&quot;,&quot;effect&quot;:&quot;slide&quot;,&quot;speed&quot;:500}\" data-widget_type=\"image-carousel.default\">\n\t\t\t\t\t\t\t<div class=\"elementor-image-carousel-wrapper swiper\" role=\"region\" aria-roledescription=\"carousel\" aria-label=\"Karuzela obrazk\u00f3w\" dir=\"ltr\">\n\t\t\t<div class=\"elementor-image-carousel swiper-wrapper swiper-image-stretch\" aria-live=\"off\">\n\t\t\t\t\t\t\t\t<div class=\"swiper-slide\" role=\"group\" aria-roledescription=\"slide\" aria-label=\"1 z 3\"><figure class=\"swiper-slide-inner\"><img decoding=\"async\" class=\"swiper-slide-image\" src=\"https:\/\/www.italybikehub.com\/wp-content\/uploads\/elementor\/thumbs\/Lungo-il-Mincio-qyftj4pmp7ohsvs1jwlgdt6w2ozjqyle0f1m2d4jc4.png\" alt=\"Lungo il Mincio\" \/><\/figure><\/div><div class=\"swiper-slide\" role=\"group\" aria-roledescription=\"slide\" aria-label=\"2 z 3\"><figure class=\"swiper-slide-inner\"><img decoding=\"async\" class=\"swiper-slide-image\" src=\"https:\/\/www.italybikehub.com\/wp-content\/uploads\/elementor\/thumbs\/slider-chi-siamo--qyftj1w44pkmu1w50ddkobwiajdg3va70135mj8pus.png\" alt=\"slider chi siamo\" \/><\/figure><\/div><div class=\"swiper-slide\" role=\"group\" aria-roledescription=\"slide\" aria-label=\"3 z 3\"><figure class=\"swiper-slide-inner\"><img decoding=\"async\" class=\"swiper-slide-image\" src=\"https:\/\/www.italybikehub.com\/wp-content\/uploads\/elementor\/thumbs\/Slider-chi-siamo-2-qyftix6x6je7802yrtcftv37bm0m1drjbdtq85fopw.png\" alt=\"Slider chi siamo 2\" \/><\/figure><\/div>\t\t\t<\/div>\n\t\t\t\t\t\t\t\t\t\t\t\t<div class=\"elementor-swiper-button elementor-swiper-button-prev\" role=\"button\" tabindex=\"0\">\n\t\t\t\t\t\t<svg aria-hidden=\"true\" class=\"e-font-icon-svg e-eicon-chevron-left\" viewBox=\"0 0 1000 1000\" xmlns=\"http:\/\/www.w3.org\/2000\/svg\"><path d=\"M646 125C629 125 613 133 604 142L308 442C296 454 292 471 292 487 292 504 296 521 308 533L604 854C617 867 629 875 646 875 663 875 679 871 692 858 704 846 713 829 713 812 713 796 708 779 692 767L438 487 692 225C700 217 708 204 708 187 708 171 704 154 692 142 675 129 663 125 646 125Z\"><\/path><\/svg>\t\t\t\t\t<\/div>\n\t\t\t\t\t<div class=\"elementor-swiper-button elementor-swiper-button-next\" role=\"button\" tabindex=\"0\">\n\t\t\t\t\t\t<svg aria-hidden=\"true\" class=\"e-font-icon-svg e-eicon-chevron-right\" viewBox=\"0 0 1000 1000\" xmlns=\"http:\/\/www.w3.org\/2000\/svg\"><path d=\"M696 533C708 521 713 504 713 487 713 471 708 454 696 446L400 146C388 133 375 125 354 125 338 125 325 129 313 142 300 154 292 171 292 187 292 204 296 221 308 233L563 492 304 771C292 783 288 800 288 817 288 833 296 850 308 863 321 871 338 875 354 875 371 875 388 867 400 854L696 533Z\"><\/path><\/svg>\t\t\t\t\t<\/div>\n\t\t\t\t\n\t\t\t\t\t\t\t\t\t<\/div>\n\t\t\t\t\t\t<\/div>\n\t\t\t\t<\/div>\n\t\t\t\t<\/div>\n\t\t<div class=\"elementor-element elementor-element-3739f31 e-con-full e-flex e-con e-parent\" data-id=\"3739f31\" data-element_type=\"container\" data-e-type=\"container\" data-settings=\"{&quot;background_background&quot;:&quot;classic&quot;}\">\n\t\t\t\t<div class=\"elementor-element elementor-element-f31368a elementor-widget elementor-widget-heading\" data-id=\"f31368a\" data-element_type=\"widget\" data-e-type=\"widget\" data-widget_type=\"heading.default\">\n\t\t\t\t\t<h2 class=\"elementor-heading-title elementor-size-default\">\u015acie\u017cka rowerowa S\u0142o\u0144ca<br> i zaanga\u017cowanie w promowanie zr\u00f3wnowa\u017conego rozwoju<\/h2>\t\t\t\t<\/div>\n\t\t\t\t<div class=\"elementor-element elementor-element-fef605c elementor-widget__width-initial elementor-widget elementor-widget-text-editor\" data-id=\"fef605c\" data-element_type=\"widget\" data-e-type=\"widget\" data-widget_type=\"text-editor.default\">\n\t\t\t\t\t\t\t\t\t<p>\u015acie\u017cka rowerowa Mincio jest cz\u0119\u015bci\u0105 sieci \u015bcie\u017cek rowerowych w regionie BassoGarda. Jest ona cz\u0119\u015bci\u0105 <strong>europejskiej \u015bcie\u017cki rowerowej EV7<\/strong> , tzw. \u201e\u015bcie\u017cki rowerowej S\u0142o\u0144ca\u201d. <\/p><p>Obszar BassoGarda charakteryzuje si\u0119 <strong>wysokimi walorami \u015brodowiskowymi, kulturowymi i przyrodniczymi<\/strong> . To miejsce, w kt\u00f3rym mo\u017cna nauczy\u0107 si\u0119 poznawa\u0107 przyrod\u0119 i \u017cy\u0107 w harmonii z ni\u0105.<\/p><p>Za tym projektem stoj\u0105 ludzie o r\u00f3\u017cnym pochodzeniu, kt\u00f3rych \u0142\u0105czy mi\u0142o\u015b\u0107 do regionu, w kt\u00f3rym \u017cyj\u0105 i pracuj\u0105 na co dzie\u0144. Ich zaanga\u017cowanie w <strong>propagowanie zr\u00f3wnowa\u017conego rozwoju w tym regionie trwa\u0142o od kilku lat<\/strong> , jeszcze zanim si\u0119 poznali. <\/p><p>Od jedzenia z opcjami ekologicznymi i bezemisyjnymi po bardziej zr\u00f3wnowa\u017cony spos\u00f3b podr\u00f3\u017cowania z hotelami rowerowymi i wypo\u017cyczalniami rower\u00f3w, region Mincio rozpocz\u0105\u0142 realizacj\u0119 <strong>wa\u017cnego szlaku promuj\u0105cego powoln\u0105 turystyk\u0119 uwzgl\u0119dniaj\u0105c\u0105 potrzeby regionu<\/strong> .<\/p>\t\t\t\t\t\t\t\t<\/div>\n\t\t\t\t<\/div>\n\t\t<div class=\"elementor-element elementor-element-3e40132 e-con-full e-flex e-con e-parent\" data-id=\"3e40132\" data-element_type=\"container\" data-e-type=\"container\" data-settings=\"{&quot;background_background&quot;:&quot;classic&quot;}\">\n\t\t<div class=\"elementor-element elementor-element-72276a0 e-con-full e-flex e-con e-child\" data-id=\"72276a0\" data-element_type=\"container\" data-e-type=\"container\">\n\t\t\t\t<div class=\"elementor-element elementor-element-8bd0db8 elementor-widget elementor-widget-heading\" data-id=\"8bd0db8\" data-element_type=\"widget\" data-e-type=\"widget\" data-widget_type=\"heading.default\">\n\t\t\t\t\t<h2 class=\"elementor-heading-title elementor-size-default\">Luca Bertagna<br> i pasja do rower\u00f3w<\/h2>\t\t\t\t<\/div>\n\t\t\t\t<div class=\"elementor-element elementor-element-d2eeaa5 elementor-widget elementor-widget-text-editor\" data-id=\"d2eeaa5\" data-element_type=\"widget\" data-e-type=\"widget\" data-widget_type=\"text-editor.default\">\n\t\t\t\t\t\t\t\t\t<p><strong>Luca Bertagna<\/strong> , po uko\u0144czeniu szkolenia na <strong>przewodnika wycieczek rowerowych<\/strong> , postanawia zosta\u0107 m\u0142odym przedsi\u0119biorc\u0105 zajmuj\u0105cym si\u0119 rowerami. Zak\u0142ada w\u0142asn\u0105 firm\u0119 \u201eMincio in Bike\u201d, kt\u00f3ra zajmuje si\u0119 wypo\u017cyczaniem i sprzeda\u017c\u0105 rower\u00f3w. <\/p><p>Przez lata dzia\u0142alno\u015b\u0107 ta by\u0142a realizowana poprzez oferowanie <strong>wycieczek rowerowych wzd\u0142u\u017c \u015bcie\u017cki rowerowej<\/strong> oraz poprzez tworzenie <strong>g\u0119stej sieci wsp\u00f3\u0142pracy<\/strong> z obiektami noclegowymi BassoGarda. Otwiera dwa punkty wynajmu wzd\u0142u\u017c rzeki Mincio, w Salionze i Peschiera, a tak\u017ce sklep z warsztatem mechanicznym w Peschiera. <\/p>\t\t\t\t\t\t\t\t<\/div>\n\t\t\t\t<\/div>\n\t\t<div class=\"elementor-element elementor-element-da76770 e-con-full e-flex e-con e-child\" data-id=\"da76770\" data-element_type=\"container\" data-e-type=\"container\" data-settings=\"{&quot;background_background&quot;:&quot;classic&quot;}\">\n\t\t\t\t<div class=\"elementor-element elementor-element-1f95502 elementor-widget elementor-widget-image\" data-id=\"1f95502\" data-element_type=\"widget\" data-e-type=\"widget\" data-widget_type=\"image.default\">\n\t\t\t\t\t\t\t\t\t\t\t\t\t\t\t<img fetchpriority=\"high\" decoding=\"async\" width=\"700\" height=\"700\" src=\"https:\/\/www.italybikehub.com\/wp-content\/uploads\/2021\/07\/chi-siamo-luca.jpg\" class=\"attachment-large size-large wp-image-2271\" alt=\"Luca GSC\" srcset=\"https:\/\/www.italybikehub.com\/wp-content\/uploads\/2021\/07\/chi-siamo-luca.jpg 700w, https:\/\/www.italybikehub.com\/wp-content\/uploads\/2021\/07\/chi-siamo-luca-300x300.jpg 300w, https:\/\/www.italybikehub.com\/wp-content\/uploads\/2021\/07\/chi-siamo-luca-150x150.jpg 150w\" sizes=\"(max-width: 700px) 100vw, 700px\" \/>\t\t\t\t\t\t\t\t\t\t\t\t\t\t\t<\/div>\n\t\t\t\t<\/div>\n\t\t\t\t<\/div>\n\t\t\t\t<\/div>\n\t\t","protected":false},"excerpt":{"rendered":"<p>GSC: pomys\u0142 zrodzony z mi\u0142o\u015bci do regionu BassoGarda Z synergii grupy, kt\u00f3ra jednoczy osoby w r\u00f3\u017cnym wieku i pokolenia, narodzi\u0142a si\u0119 GSC , sie\u0107 firm ukierunkowana na budowanie do\u015bwiadcze\u0144 i us\u0142ug zwi\u0105zanych z powoln\u0105 mobilno\u015bci\u0105. Wsp\u00f3lny mianownik, kt\u00f3ry ma na celu po\u0142\u0105czenie punktu wypo\u017cyczania i zakupu rower\u00f3w, punktu gastronomicznego oraz hotelu dla rowerzyst\u00f3w, kt\u00f3re powsta\u0142y [&hellip;]<\/p>\n","protected":false},"author":1,"featured_media":0,"parent":0,"menu_order":0,"comment_status":"closed","ping_status":"closed","template":"","meta":{"_acf_changed":false,"inline_featured_image":false,"footnotes":""},"class_list":["post-8624","page","type-page","status-publish","hentry"],"acf":[],"yoast_head":"<!-- This site is optimized with the Yoast SEO plugin v27.5 - https:\/\/yoast.com\/product\/yoast-seo-wordpress\/ -->\n<title>Kim jeste\u015bmy i co robimy - Garda South Cycling<\/title>\n<meta name=\"description\" content=\"Odkryj Garda South Cycling: wydarzenie, kt\u00f3re zrodzi\u0142o si\u0119 z mi\u0142o\u015bci do regionu BassoGarda i ch\u0119ci stworzenia niezapomnianych wra\u017ce\u0144 w tych miejscach.\" \/>\n<meta name=\"robots\" content=\"index, follow, max-snippet:-1, max-image-preview:large, max-video-preview:-1\" \/>\n<link rel=\"canonical\" href=\"https:\/\/www.italybikehub.com\/pl\/o-nas\/\" \/>\n<meta property=\"og:locale\" content=\"pl_PL\" \/>\n<meta property=\"og:type\" content=\"article\" \/>\n<meta property=\"og:title\" content=\"Kim jeste\u015bmy i co robimy - Garda South Cycling\" \/>\n<meta property=\"og:description\" content=\"Odkryj Garda South Cycling: wydarzenie, kt\u00f3re zrodzi\u0142o si\u0119 z mi\u0142o\u015bci do regionu BassoGarda i ch\u0119ci stworzenia niezapomnianych wra\u017ce\u0144 w tych miejscach.\" \/>\n<meta property=\"og:url\" content=\"https:\/\/www.italybikehub.com\/pl\/o-nas\/\" \/>\n<meta property=\"og:site_name\" content=\"Garda South Cycling\" \/>\n<meta property=\"article:publisher\" content=\"https:\/\/www.facebook.com\/gardasouthcycling\/\" \/>\n<meta property=\"article:modified_time\" content=\"2025-05-21T15:28:23+00:00\" \/>\n<meta property=\"og:image\" content=\"https:\/\/www.italybikehub.com\/wp-content\/uploads\/elementor\/thumbs\/Lungo-il-Mincio-qyftj4pmp7ohsvs1jwlgdt6w2ozjqyle0f1m2d4jc4.png\" \/>\n<meta name=\"twitter:card\" content=\"summary_large_image\" \/>\n<meta name=\"twitter:label1\" content=\"Szacowany czas czytania\" \/>\n\t<meta name=\"twitter:data1\" content=\"2 minuty\" \/>\n<script type=\"application\/ld+json\" class=\"yoast-schema-graph\">{\"@context\":\"https:\\\/\\\/schema.org\",\"@graph\":[{\"@type\":\"WebPage\",\"@id\":\"https:\\\/\\\/www.italybikehub.com\\\/pl\\\/o-nas\\\/\",\"url\":\"https:\\\/\\\/www.italybikehub.com\\\/pl\\\/o-nas\\\/\",\"name\":\"Kim jeste\u015bmy i co robimy - Garda South Cycling\",\"isPartOf\":{\"@id\":\"https:\\\/\\\/www.italybikehub.com\\\/pl\\\/#website\"},\"primaryImageOfPage\":{\"@id\":\"https:\\\/\\\/www.italybikehub.com\\\/pl\\\/o-nas\\\/#primaryimage\"},\"image\":{\"@id\":\"https:\\\/\\\/www.italybikehub.com\\\/pl\\\/o-nas\\\/#primaryimage\"},\"thumbnailUrl\":\"https:\\\/\\\/www.italybikehub.com\\\/wp-content\\\/uploads\\\/elementor\\\/thumbs\\\/Lungo-il-Mincio-qyftj4pmp7ohsvs1jwlgdt6w2ozjqyle0f1m2d4jc4.png\",\"datePublished\":\"2024-10-19T08:18:15+00:00\",\"dateModified\":\"2025-05-21T15:28:23+00:00\",\"description\":\"Odkryj Garda South Cycling: wydarzenie, kt\u00f3re zrodzi\u0142o si\u0119 z mi\u0142o\u015bci do regionu BassoGarda i ch\u0119ci stworzenia niezapomnianych wra\u017ce\u0144 w tych miejscach.\",\"breadcrumb\":{\"@id\":\"https:\\\/\\\/www.italybikehub.com\\\/pl\\\/o-nas\\\/#breadcrumb\"},\"inLanguage\":\"pl-PL\",\"potentialAction\":[{\"@type\":\"ReadAction\",\"target\":[\"https:\\\/\\\/www.italybikehub.com\\\/pl\\\/o-nas\\\/\"]}]},{\"@type\":\"ImageObject\",\"inLanguage\":\"pl-PL\",\"@id\":\"https:\\\/\\\/www.italybikehub.com\\\/pl\\\/o-nas\\\/#primaryimage\",\"url\":\"https:\\\/\\\/www.italybikehub.com\\\/wp-content\\\/uploads\\\/elementor\\\/thumbs\\\/Lungo-il-Mincio-qyftj4pmp7ohsvs1jwlgdt6w2ozjqyle0f1m2d4jc4.png\",\"contentUrl\":\"https:\\\/\\\/www.italybikehub.com\\\/wp-content\\\/uploads\\\/elementor\\\/thumbs\\\/Lungo-il-Mincio-qyftj4pmp7ohsvs1jwlgdt6w2ozjqyle0f1m2d4jc4.png\"},{\"@type\":\"BreadcrumbList\",\"@id\":\"https:\\\/\\\/www.italybikehub.com\\\/pl\\\/o-nas\\\/#breadcrumb\",\"itemListElement\":[{\"@type\":\"ListItem\",\"position\":1,\"name\":\"Home\",\"item\":\"https:\\\/\\\/www.italybikehub.com\\\/pl\\\/dom\\\/\"},{\"@type\":\"ListItem\",\"position\":2,\"name\":\"O nas\"}]},{\"@type\":\"WebSite\",\"@id\":\"https:\\\/\\\/www.italybikehub.com\\\/pl\\\/#website\",\"url\":\"https:\\\/\\\/www.italybikehub.com\\\/pl\\\/\",\"name\":\"Garda South Cycling\",\"description\":\"Noleggio Bici Peschiera del Garda\",\"publisher\":{\"@id\":\"https:\\\/\\\/www.italybikehub.com\\\/pl\\\/#organization\"},\"potentialAction\":[{\"@type\":\"SearchAction\",\"target\":{\"@type\":\"EntryPoint\",\"urlTemplate\":\"https:\\\/\\\/www.italybikehub.com\\\/pl\\\/?s={search_term_string}\"},\"query-input\":{\"@type\":\"PropertyValueSpecification\",\"valueRequired\":true,\"valueName\":\"search_term_string\"}}],\"inLanguage\":\"pl-PL\"},{\"@type\":\"Organization\",\"@id\":\"https:\\\/\\\/www.italybikehub.com\\\/pl\\\/#organization\",\"name\":\"Garda South Cycling\",\"url\":\"https:\\\/\\\/www.italybikehub.com\\\/pl\\\/\",\"logo\":{\"@type\":\"ImageObject\",\"inLanguage\":\"pl-PL\",\"@id\":\"https:\\\/\\\/www.italybikehub.com\\\/pl\\\/#\\\/schema\\\/logo\\\/image\\\/\",\"url\":\"https:\\\/\\\/www.italybikehub.com\\\/wp-content\\\/uploads\\\/2024\\\/12\\\/Favicon-GSC.jpg\",\"contentUrl\":\"https:\\\/\\\/www.italybikehub.com\\\/wp-content\\\/uploads\\\/2024\\\/12\\\/Favicon-GSC.jpg\",\"width\":500,\"height\":500,\"caption\":\"Garda South Cycling\"},\"image\":{\"@id\":\"https:\\\/\\\/www.italybikehub.com\\\/pl\\\/#\\\/schema\\\/logo\\\/image\\\/\"},\"sameAs\":[\"https:\\\/\\\/www.facebook.com\\\/gardasouthcycling\\\/\",\"https:\\\/\\\/www.instagram.com\\\/gardasouthcycling\\\/\"]}]}<\/script>\n<!-- \/ Yoast SEO plugin. -->","yoast_head_json":{"title":"Kim jeste\u015bmy i co robimy - Garda South Cycling","description":"Odkryj Garda South Cycling: wydarzenie, kt\u00f3re zrodzi\u0142o si\u0119 z mi\u0142o\u015bci do regionu BassoGarda i ch\u0119ci stworzenia niezapomnianych wra\u017ce\u0144 w tych miejscach.","robots":{"index":"index","follow":"follow","max-snippet":"max-snippet:-1","max-image-preview":"max-image-preview:large","max-video-preview":"max-video-preview:-1"},"canonical":"https:\/\/www.italybikehub.com\/pl\/o-nas\/","og_locale":"pl_PL","og_type":"article","og_title":"Kim jeste\u015bmy i co robimy - Garda South Cycling","og_description":"Odkryj Garda South Cycling: wydarzenie, kt\u00f3re zrodzi\u0142o si\u0119 z mi\u0142o\u015bci do regionu BassoGarda i ch\u0119ci stworzenia niezapomnianych wra\u017ce\u0144 w tych miejscach.","og_url":"https:\/\/www.italybikehub.com\/pl\/o-nas\/","og_site_name":"Garda South Cycling","article_publisher":"https:\/\/www.facebook.com\/gardasouthcycling\/","article_modified_time":"2025-05-21T15:28:23+00:00","og_image":[{"url":"https:\/\/www.italybikehub.com\/wp-content\/uploads\/elementor\/thumbs\/Lungo-il-Mincio-qyftj4pmp7ohsvs1jwlgdt6w2ozjqyle0f1m2d4jc4.png","type":"","width":"","height":""}],"twitter_card":"summary_large_image","twitter_misc":{"Szacowany czas czytania":"2 minuty"},"schema":{"@context":"https:\/\/schema.org","@graph":[{"@type":"WebPage","@id":"https:\/\/www.italybikehub.com\/pl\/o-nas\/","url":"https:\/\/www.italybikehub.com\/pl\/o-nas\/","name":"Kim jeste\u015bmy i co robimy - Garda South Cycling","isPartOf":{"@id":"https:\/\/www.italybikehub.com\/pl\/#website"},"primaryImageOfPage":{"@id":"https:\/\/www.italybikehub.com\/pl\/o-nas\/#primaryimage"},"image":{"@id":"https:\/\/www.italybikehub.com\/pl\/o-nas\/#primaryimage"},"thumbnailUrl":"https:\/\/www.italybikehub.com\/wp-content\/uploads\/elementor\/thumbs\/Lungo-il-Mincio-qyftj4pmp7ohsvs1jwlgdt6w2ozjqyle0f1m2d4jc4.png","datePublished":"2024-10-19T08:18:15+00:00","dateModified":"2025-05-21T15:28:23+00:00","description":"Odkryj Garda South Cycling: wydarzenie, kt\u00f3re zrodzi\u0142o si\u0119 z mi\u0142o\u015bci do regionu BassoGarda i ch\u0119ci stworzenia niezapomnianych wra\u017ce\u0144 w tych miejscach.","breadcrumb":{"@id":"https:\/\/www.italybikehub.com\/pl\/o-nas\/#breadcrumb"},"inLanguage":"pl-PL","potentialAction":[{"@type":"ReadAction","target":["https:\/\/www.italybikehub.com\/pl\/o-nas\/"]}]},{"@type":"ImageObject","inLanguage":"pl-PL","@id":"https:\/\/www.italybikehub.com\/pl\/o-nas\/#primaryimage","url":"https:\/\/www.italybikehub.com\/wp-content\/uploads\/elementor\/thumbs\/Lungo-il-Mincio-qyftj4pmp7ohsvs1jwlgdt6w2ozjqyle0f1m2d4jc4.png","contentUrl":"https:\/\/www.italybikehub.com\/wp-content\/uploads\/elementor\/thumbs\/Lungo-il-Mincio-qyftj4pmp7ohsvs1jwlgdt6w2ozjqyle0f1m2d4jc4.png"},{"@type":"BreadcrumbList","@id":"https:\/\/www.italybikehub.com\/pl\/o-nas\/#breadcrumb","itemListElement":[{"@type":"ListItem","position":1,"name":"Home","item":"https:\/\/www.italybikehub.com\/pl\/dom\/"},{"@type":"ListItem","position":2,"name":"O nas"}]},{"@type":"WebSite","@id":"https:\/\/www.italybikehub.com\/pl\/#website","url":"https:\/\/www.italybikehub.com\/pl\/","name":"Garda South Cycling","description":"Noleggio Bici Peschiera del Garda","publisher":{"@id":"https:\/\/www.italybikehub.com\/pl\/#organization"},"potentialAction":[{"@type":"SearchAction","target":{"@type":"EntryPoint","urlTemplate":"https:\/\/www.italybikehub.com\/pl\/?s={search_term_string}"},"query-input":{"@type":"PropertyValueSpecification","valueRequired":true,"valueName":"search_term_string"}}],"inLanguage":"pl-PL"},{"@type":"Organization","@id":"https:\/\/www.italybikehub.com\/pl\/#organization","name":"Garda South Cycling","url":"https:\/\/www.italybikehub.com\/pl\/","logo":{"@type":"ImageObject","inLanguage":"pl-PL","@id":"https:\/\/www.italybikehub.com\/pl\/#\/schema\/logo\/image\/","url":"https:\/\/www.italybikehub.com\/wp-content\/uploads\/2024\/12\/Favicon-GSC.jpg","contentUrl":"https:\/\/www.italybikehub.com\/wp-content\/uploads\/2024\/12\/Favicon-GSC.jpg","width":500,"height":500,"caption":"Garda South Cycling"},"image":{"@id":"https:\/\/www.italybikehub.com\/pl\/#\/schema\/logo\/image\/"},"sameAs":["https:\/\/www.facebook.com\/gardasouthcycling\/","https:\/\/www.instagram.com\/gardasouthcycling\/"]}]}},"_links":{"self":[{"href":"https:\/\/www.italybikehub.com\/pl\/wp-json\/wp\/v2\/pages\/8624","targetHints":{"allow":["GET"]}}],"collection":[{"href":"https:\/\/www.italybikehub.com\/pl\/wp-json\/wp\/v2\/pages"}],"about":[{"href":"https:\/\/www.italybikehub.com\/pl\/wp-json\/wp\/v2\/types\/page"}],"author":[{"embeddable":true,"href":"https:\/\/www.italybikehub.com\/pl\/wp-json\/wp\/v2\/users\/1"}],"replies":[{"embeddable":true,"href":"https:\/\/www.italybikehub.com\/pl\/wp-json\/wp\/v2\/comments?post=8624"}],"version-history":[{"count":1,"href":"https:\/\/www.italybikehub.com\/pl\/wp-json\/wp\/v2\/pages\/8624\/revisions"}],"predecessor-version":[{"id":8626,"href":"https:\/\/www.italybikehub.com\/pl\/wp-json\/wp\/v2\/pages\/8624\/revisions\/8626"}],"wp:attachment":[{"href":"https:\/\/www.italybikehub.com\/pl\/wp-json\/wp\/v2\/media?parent=8624"}],"curies":[{"name":"wp","href":"https:\/\/api.w.org\/{rel}","templated":true}]}}