{"id":8610,"date":"2024-10-19T08:32:34","date_gmt":"2024-10-19T08:32:34","guid":{"rendered":"https:\/\/www.italybikehub.com\/polityka-plikow-cookie\/"},"modified":"2025-05-21T15:28:23","modified_gmt":"2025-05-21T15:28:23","slug":"polityka-plikow-cookie","status":"publish","type":"page","link":"https:\/\/www.italybikehub.com\/pl\/polityka-plikow-cookie\/","title":{"rendered":"Polityka plik\u00f3w cookie"},"content":{"rendered":"\t\t<div data-elementor-type=\"wp-page\" data-elementor-id=\"8610\" class=\"elementor elementor-8610 elementor-4449\" data-elementor-post-type=\"page\">\n\t\t\t\t<div class=\"elementor-element elementor-element-d96f0c3 e-flex e-con-boxed e-con e-parent\" data-id=\"d96f0c3\" data-element_type=\"container\" data-e-type=\"container\">\n\t\t\t\t\t<div class=\"e-con-inner\">\n\t\t\t\t<div class=\"elementor-element elementor-element-782aeaf elementor-widget__width-initial elementor-widget elementor-widget-heading\" data-id=\"782aeaf\" data-element_type=\"widget\" data-e-type=\"widget\" data-widget_type=\"heading.default\">\n\t\t\t\t\t<h2 class=\"elementor-heading-title elementor-size-default\">Polityka plik\u00f3w cookie<\/h2>\t\t\t\t<\/div>\n\t\t\t\t\t<\/div>\n\t\t\t\t<\/div>\n\t\t<div class=\"elementor-element elementor-element-e93528b e-flex e-con-boxed e-con e-parent\" data-id=\"e93528b\" data-element_type=\"container\" data-e-type=\"container\">\n\t\t\t\t\t<div class=\"e-con-inner\">\n\t\t\t\t<div class=\"elementor-element elementor-element-3918f65 elementor-widget elementor-widget-text-editor\" data-id=\"3918f65\" data-element_type=\"widget\" data-e-type=\"widget\" data-widget_type=\"text-editor.default\">\n\t\t\t\t\t\t\t\t\t<p>Odwiedzaj\u0105c nasz\u0105 witryn\u0119 automatycznie otrzymujesz jeden lub wi\u0119cej plik\u00f3w cookie. G\u0142\u00f3wnym powodem, dla kt\u00f3rego u\u017cywamy plik\u00f3w cookie, jest ch\u0119\u0107 zapewnienia Pa\u0144stwu najlepszej mo\u017cliwej obs\u0142ugi. U\u017cywamy r\u00f3wnie\u017c plik\u00f3w cookie stron trzecich w celu tworzenia statystyk i analizy zachowa\u0144 u\u017cytkownik\u00f3w. Niniejsza polityka ma na celu szczeg\u00f3\u0142owe wyja\u015bnienie, jakie rodzaje plik\u00f3w cookie wykorzystujemy, w jakich celach je wykorzystujemy oraz w jaki spos\u00f3b mo\u017cna je zablokowa\u0107 lub usun\u0105\u0107.   <\/p>\t\t\t\t\t\t\t\t<\/div>\n\t\t\t\t\t<\/div>\n\t\t\t\t<\/div>\n\t\t<div class=\"elementor-element elementor-element-0cf9534 e-flex e-con-boxed e-con e-parent\" data-id=\"0cf9534\" data-element_type=\"container\" data-e-type=\"container\">\n\t\t\t\t\t<div class=\"e-con-inner\">\n\t\t\t\t<div class=\"elementor-element elementor-element-d4def9b elementor-widget elementor-widget-heading\" data-id=\"d4def9b\" data-element_type=\"widget\" data-e-type=\"widget\" data-widget_type=\"heading.default\">\n\t\t\t\t\t<h2 class=\"elementor-heading-title elementor-size-default\">Czym jest plik cookie?  <\/h2>\t\t\t\t<\/div>\n\t\t\t\t<div class=\"elementor-element elementor-element-2b9593d elementor-widget elementor-widget-text-editor\" data-id=\"2b9593d\" data-element_type=\"widget\" data-e-type=\"widget\" data-widget_type=\"text-editor.default\">\n\t\t\t\t\t\t\t\t\t<p>Odwiedzaj\u0105c nasz\u0105 witryn\u0119 automatycznie otrzymujesz jeden lub wi\u0119cej plik\u00f3w cookie. G\u0142\u00f3wnym powodem, dla kt\u00f3rego u\u017cywamy plik\u00f3w cookie, jest ch\u0119\u0107 zapewnienia Pa\u0144stwu najlepszej mo\u017cliwej obs\u0142ugi. U\u017cywamy r\u00f3wnie\u017c plik\u00f3w cookie stron trzecich w celu tworzenia statystyk i analizy zachowa\u0144 u\u017cytkownik\u00f3w. Niniejsza polityka ma na celu szczeg\u00f3\u0142owe wyja\u015bnienie, jakie rodzaje plik\u00f3w cookie wykorzystujemy, w jakich celach je wykorzystujemy oraz w jaki spos\u00f3b mo\u017cna je zablokowa\u0107 lub usun\u0105\u0107.     <\/p>\t\t\t\t\t\t\t\t<\/div>\n\t\t\t\t<div class=\"elementor-element elementor-element-af2fbd5 elementor-widget elementor-widget-heading\" data-id=\"af2fbd5\" data-element_type=\"widget\" data-e-type=\"widget\" data-widget_type=\"heading.default\">\n\t\t\t\t\t<h2 class=\"elementor-heading-title elementor-size-default\">Jak zablokowa\u0107 lub usun\u0105\u0107 pliki cookie  <\/h2>\t\t\t\t<\/div>\n\t\t\t\t<div class=\"elementor-element elementor-element-62436a4 elementor-widget elementor-widget-text-editor\" data-id=\"62436a4\" data-element_type=\"widget\" data-e-type=\"widget\" data-widget_type=\"text-editor.default\">\n\t\t\t\t\t\t\t\t\t<p>Istnieje kilka sposob\u00f3w zarz\u0105dzania plikami cookie i innymi technologiami \u015bledz\u0105cymi. Zmieniaj\u0105c ustawienia swojej przegl\u0105darki, mo\u017cesz zaakceptowa\u0107 lub odrzuci\u0107 pliki cookie, a tak\u017ce zdecydowa\u0107 o otrzymywaniu ostrze\u017ce\u0144 przed zaakceptowaniem plik\u00f3w cookie z odwiedzanych witryn internetowych. Nale\u017cy pami\u0119ta\u0107, \u017ce ca\u0142kowite wy\u0142\u0105czenie obs\u0142ugi plik\u00f3w cookie w przegl\u0105darce mo\u017ce uniemo\u017cliwi\u0107 korzystanie ze wszystkich naszych interaktywnych funkcji.  <\/p><p>Je\u015bli korzystasz z wielu komputer\u00f3w w r\u00f3\u017cnych lokalizacjach, upewnij si\u0119, \u017ce ka\u017cda przegl\u0105darka jest ustawiona zgodnie z Twoimi preferencjami.<\/p><p>Mo\u017cesz usun\u0105\u0107 wszystkie pliki cookie zainstalowane w folderze plik\u00f3w cookie swojej przegl\u0105darki. Ka\u017cda przegl\u0105darka ma inne procedury zarz\u0105dzania ustawieniami. Aby uzyska\u0107 szczeg\u00f3\u0142owe instrukcje, kliknij jeden z poni\u017cszych link\u00f3w.    <\/p><p><span style=\"text-decoration: underline;\">Eksplorator Microsoft Windows<\/span><\/p><p><span style=\"text-decoration: underline;\">Google Chrome<\/span><\/p><p><span style=\"text-decoration: underline;\">Mozilla Firefox<\/span><\/p><p><span style=\"text-decoration: underline;\">Safari Apple&#8217;a<\/span><\/p>\t\t\t\t\t\t\t\t<\/div>\n\t\t\t\t<div class=\"elementor-element elementor-element-ef8c654 elementor-widget elementor-widget-heading\" data-id=\"ef8c654\" data-element_type=\"widget\" data-e-type=\"widget\" data-widget_type=\"heading.default\">\n\t\t\t\t\t<h2 class=\"elementor-heading-title elementor-size-default\">Nasze wykorzystanie plik\u00f3w cookie  <\/h2>\t\t\t\t<\/div>\n\t\t\t\t<div class=\"elementor-element elementor-element-4631518 elementor-widget elementor-widget-text-editor\" data-id=\"4631518\" data-element_type=\"widget\" data-e-type=\"widget\" data-widget_type=\"text-editor.default\">\n\t\t\t\t\t\t\t\t\t<p>Pliki cookie na naszej stronie internetowej mog\u0105 by\u0107 ustawiane przez nas, przez osoby trzecie, kt\u00f3re zawar\u0142y z nami umowy, lub przez niezale\u017cne osoby trzecie, takie jak reklamodawcy.<\/p><p>Nasza strona korzysta zar\u00f3wno z plik\u00f3w cookie \u201esesyjnych \u201e, jak i \u201esta\u0142ych\u201d. Pliki cookie \u201esesyjne \u201erejestruj\u0105 informacje o ka\u017cdej odwiedzanej stronie, filtruj\u0105c i realizuj\u0105c wyszukiwania przed zako\u0144czeniem sesji, po czym pliki cookie s\u0105 usuwane. \u201eTrwa\u0142e\u201d pliki cookie pozwalaj\u0105 naszym witrynom internetowym rozpozna\u0107 u\u017cytkownika, gdy powraca on do nas, i pozostaj\u0105 zapisane na komputerze u\u017cytkownika do czasu ich usuni\u0119cia lub osi\u0105gni\u0119cia okre\u015blonej daty wyga\u015bni\u0119cia. Trwa\u0142e pliki cookie zainstalowane na Twoim komputerze po skorzystaniu z naszych stron internetowych nigdy nie b\u0119d\u0105 przechowywane d\u0142u\u017cej ni\u017c 2 lata od daty Twojej ostatniej wizyty.   <\/p><p>Poni\u017csza tabela przedstawia r\u00f3\u017cne rodzaje plik\u00f3w cookie, kt\u00f3rych u\u017cywamy (lub kt\u00f3rych u\u017cywaj\u0105 strony trzecie), powody, dla kt\u00f3rych je wykorzystujemy, a tak\u017ce zawiera informacje, dzi\u0119ki kt\u00f3rym mo\u017cesz kontrolowa\u0107 pliki cookie lub dowiedzie\u0107 si\u0119 wi\u0119cej o plikach cookie u\u017cywanych w naszej witrynie.<\/p><p>Ta tabela plik\u00f3w cookie zosta\u0142a utworzona i zaktualizowana przez <a href=\"https:\/\/cookiefirst.com\/\">platform\u0119 zarz\u0105dzania zgodami CookieFirst.<\/a> <\/p>\t\t\t\t\t\t\t\t<\/div>\n\t\t\t\t<div class=\"elementor-element elementor-element-1a75f31 elementor-widget elementor-widget-heading\" data-id=\"1a75f31\" data-element_type=\"widget\" data-e-type=\"widget\" data-widget_type=\"heading.default\">\n\t\t\t\t\t<h2 class=\"elementor-heading-title elementor-size-default\">Informacje dodatkowe  <\/h2>\t\t\t\t<\/div>\n\t\t\t\t<div class=\"elementor-element elementor-element-4952cda elementor-widget elementor-widget-text-editor\" data-id=\"4952cda\" data-element_type=\"widget\" data-e-type=\"widget\" data-widget_type=\"text-editor.default\">\n\t\t\t\t\t\t\t\t\t<p>Je\u015bli masz jakiekolwiek pytania dotycz\u0105ce niniejszej polityki lub chcesz uzyska\u0107 wi\u0119cej informacji na temat plik\u00f3w cookie u\u017cywanych na naszej stronie internetowej, mo\u017cesz skontaktowa\u0107 si\u0119 z nami za po\u015brednictwem poczty elektronicznej, telefonu lub formularzy kontaktowych udost\u0119pnionych na stronie. Przeka\u017cemy ka\u017cde zapytanie do Mened\u017cera. <\/p>\t\t\t\t\t\t\t\t<\/div>\n\t\t\t\t\t<\/div>\n\t\t\t\t<\/div>\n\t\t\t\t<\/div>\n\t\t","protected":false},"excerpt":{"rendered":"<p>Polityka plik\u00f3w cookie Odwiedzaj\u0105c nasz\u0105 witryn\u0119 automatycznie otrzymujesz jeden lub wi\u0119cej plik\u00f3w cookie. G\u0142\u00f3wnym powodem, dla kt\u00f3rego u\u017cywamy plik\u00f3w cookie, jest ch\u0119\u0107 zapewnienia Pa\u0144stwu najlepszej mo\u017cliwej obs\u0142ugi. U\u017cywamy r\u00f3wnie\u017c plik\u00f3w cookie stron trzecich w celu tworzenia statystyk i analizy zachowa\u0144 u\u017cytkownik\u00f3w. Niniejsza polityka ma na celu szczeg\u00f3\u0142owe wyja\u015bnienie, jakie rodzaje plik\u00f3w cookie wykorzystujemy, w jakich [&hellip;]<\/p>\n","protected":false},"author":1,"featured_media":0,"parent":0,"menu_order":0,"comment_status":"closed","ping_status":"closed","template":"","meta":{"_acf_changed":false,"inline_featured_image":false,"footnotes":""},"class_list":["post-8610","page","type-page","status-publish","hentry"],"acf":[],"yoast_head":"<!-- This site is optimized with the Yoast SEO plugin v27.5 - https:\/\/yoast.com\/product\/yoast-seo-wordpress\/ -->\n<title>Polityka plik\u00f3w cookie - Garda South Cycling<\/title>\n<meta name=\"description\" content=\"Dowiedz si\u0119, w jaki spos\u00f3b Garda South Cycling wykorzystuje pliki cookie, aby usprawni\u0107 przegl\u0105danie witryny, zapoznaj\u0105c si\u0119 z nasz\u0105 polityk\u0105 dotycz\u0105c\u0105 plik\u00f3w cookie.\" \/>\n<meta name=\"robots\" content=\"index, follow, max-snippet:-1, max-image-preview:large, max-video-preview:-1\" \/>\n<link rel=\"canonical\" href=\"https:\/\/www.italybikehub.com\/pl\/polityka-plikow-cookie\/\" \/>\n<meta property=\"og:locale\" content=\"pl_PL\" \/>\n<meta property=\"og:type\" content=\"article\" \/>\n<meta property=\"og:title\" content=\"Polityka plik\u00f3w cookie - Garda South Cycling\" \/>\n<meta property=\"og:description\" content=\"Dowiedz si\u0119, w jaki spos\u00f3b Garda South Cycling wykorzystuje pliki cookie, aby usprawni\u0107 przegl\u0105danie witryny, zapoznaj\u0105c si\u0119 z nasz\u0105 polityk\u0105 dotycz\u0105c\u0105 plik\u00f3w cookie.\" \/>\n<meta property=\"og:url\" content=\"https:\/\/www.italybikehub.com\/pl\/polityka-plikow-cookie\/\" \/>\n<meta property=\"og:site_name\" content=\"Garda South Cycling\" \/>\n<meta property=\"article:publisher\" content=\"https:\/\/www.facebook.com\/gardasouthcycling\/\" \/>\n<meta property=\"article:modified_time\" content=\"2025-05-21T15:28:23+00:00\" \/>\n<meta name=\"twitter:card\" content=\"summary_large_image\" \/>\n<meta name=\"twitter:label1\" content=\"Szacowany czas czytania\" \/>\n\t<meta name=\"twitter:data1\" content=\"3 minuty\" \/>\n<script type=\"application\/ld+json\" class=\"yoast-schema-graph\">{\"@context\":\"https:\\\/\\\/schema.org\",\"@graph\":[{\"@type\":\"WebPage\",\"@id\":\"https:\\\/\\\/www.italybikehub.com\\\/pl\\\/polityka-plikow-cookie\\\/\",\"url\":\"https:\\\/\\\/www.italybikehub.com\\\/pl\\\/polityka-plikow-cookie\\\/\",\"name\":\"Polityka plik\u00f3w cookie - Garda South Cycling\",\"isPartOf\":{\"@id\":\"https:\\\/\\\/www.italybikehub.com\\\/pl\\\/#website\"},\"datePublished\":\"2024-10-19T08:32:34+00:00\",\"dateModified\":\"2025-05-21T15:28:23+00:00\",\"description\":\"Dowiedz si\u0119, w jaki spos\u00f3b Garda South Cycling wykorzystuje pliki cookie, aby usprawni\u0107 przegl\u0105danie witryny, zapoznaj\u0105c si\u0119 z nasz\u0105 polityk\u0105 dotycz\u0105c\u0105 plik\u00f3w cookie.\",\"breadcrumb\":{\"@id\":\"https:\\\/\\\/www.italybikehub.com\\\/pl\\\/polityka-plikow-cookie\\\/#breadcrumb\"},\"inLanguage\":\"pl-PL\",\"potentialAction\":[{\"@type\":\"ReadAction\",\"target\":[\"https:\\\/\\\/www.italybikehub.com\\\/pl\\\/polityka-plikow-cookie\\\/\"]}]},{\"@type\":\"BreadcrumbList\",\"@id\":\"https:\\\/\\\/www.italybikehub.com\\\/pl\\\/polityka-plikow-cookie\\\/#breadcrumb\",\"itemListElement\":[{\"@type\":\"ListItem\",\"position\":1,\"name\":\"Home\",\"item\":\"https:\\\/\\\/www.italybikehub.com\\\/pl\\\/dom\\\/\"},{\"@type\":\"ListItem\",\"position\":2,\"name\":\"Polityka plik\u00f3w cookie\"}]},{\"@type\":\"WebSite\",\"@id\":\"https:\\\/\\\/www.italybikehub.com\\\/pl\\\/#website\",\"url\":\"https:\\\/\\\/www.italybikehub.com\\\/pl\\\/\",\"name\":\"Garda South Cycling\",\"description\":\"Noleggio Bici Peschiera del Garda\",\"publisher\":{\"@id\":\"https:\\\/\\\/www.italybikehub.com\\\/pl\\\/#organization\"},\"potentialAction\":[{\"@type\":\"SearchAction\",\"target\":{\"@type\":\"EntryPoint\",\"urlTemplate\":\"https:\\\/\\\/www.italybikehub.com\\\/pl\\\/?s={search_term_string}\"},\"query-input\":{\"@type\":\"PropertyValueSpecification\",\"valueRequired\":true,\"valueName\":\"search_term_string\"}}],\"inLanguage\":\"pl-PL\"},{\"@type\":\"Organization\",\"@id\":\"https:\\\/\\\/www.italybikehub.com\\\/pl\\\/#organization\",\"name\":\"Garda South Cycling\",\"url\":\"https:\\\/\\\/www.italybikehub.com\\\/pl\\\/\",\"logo\":{\"@type\":\"ImageObject\",\"inLanguage\":\"pl-PL\",\"@id\":\"https:\\\/\\\/www.italybikehub.com\\\/pl\\\/#\\\/schema\\\/logo\\\/image\\\/\",\"url\":\"https:\\\/\\\/www.italybikehub.com\\\/wp-content\\\/uploads\\\/2024\\\/12\\\/Favicon-GSC.jpg\",\"contentUrl\":\"https:\\\/\\\/www.italybikehub.com\\\/wp-content\\\/uploads\\\/2024\\\/12\\\/Favicon-GSC.jpg\",\"width\":500,\"height\":500,\"caption\":\"Garda South Cycling\"},\"image\":{\"@id\":\"https:\\\/\\\/www.italybikehub.com\\\/pl\\\/#\\\/schema\\\/logo\\\/image\\\/\"},\"sameAs\":[\"https:\\\/\\\/www.facebook.com\\\/gardasouthcycling\\\/\",\"https:\\\/\\\/www.instagram.com\\\/gardasouthcycling\\\/\"]}]}<\/script>\n<!-- \/ Yoast SEO plugin. -->","yoast_head_json":{"title":"Polityka plik\u00f3w cookie - Garda South Cycling","description":"Dowiedz si\u0119, w jaki spos\u00f3b Garda South Cycling wykorzystuje pliki cookie, aby usprawni\u0107 przegl\u0105danie witryny, zapoznaj\u0105c si\u0119 z nasz\u0105 polityk\u0105 dotycz\u0105c\u0105 plik\u00f3w cookie.","robots":{"index":"index","follow":"follow","max-snippet":"max-snippet:-1","max-image-preview":"max-image-preview:large","max-video-preview":"max-video-preview:-1"},"canonical":"https:\/\/www.italybikehub.com\/pl\/polityka-plikow-cookie\/","og_locale":"pl_PL","og_type":"article","og_title":"Polityka plik\u00f3w cookie - Garda South Cycling","og_description":"Dowiedz si\u0119, w jaki spos\u00f3b Garda South Cycling wykorzystuje pliki cookie, aby usprawni\u0107 przegl\u0105danie witryny, zapoznaj\u0105c si\u0119 z nasz\u0105 polityk\u0105 dotycz\u0105c\u0105 plik\u00f3w cookie.","og_url":"https:\/\/www.italybikehub.com\/pl\/polityka-plikow-cookie\/","og_site_name":"Garda South Cycling","article_publisher":"https:\/\/www.facebook.com\/gardasouthcycling\/","article_modified_time":"2025-05-21T15:28:23+00:00","twitter_card":"summary_large_image","twitter_misc":{"Szacowany czas czytania":"3 minuty"},"schema":{"@context":"https:\/\/schema.org","@graph":[{"@type":"WebPage","@id":"https:\/\/www.italybikehub.com\/pl\/polityka-plikow-cookie\/","url":"https:\/\/www.italybikehub.com\/pl\/polityka-plikow-cookie\/","name":"Polityka plik\u00f3w cookie - Garda South Cycling","isPartOf":{"@id":"https:\/\/www.italybikehub.com\/pl\/#website"},"datePublished":"2024-10-19T08:32:34+00:00","dateModified":"2025-05-21T15:28:23+00:00","description":"Dowiedz si\u0119, w jaki spos\u00f3b Garda South Cycling wykorzystuje pliki cookie, aby usprawni\u0107 przegl\u0105danie witryny, zapoznaj\u0105c si\u0119 z nasz\u0105 polityk\u0105 dotycz\u0105c\u0105 plik\u00f3w cookie.","breadcrumb":{"@id":"https:\/\/www.italybikehub.com\/pl\/polityka-plikow-cookie\/#breadcrumb"},"inLanguage":"pl-PL","potentialAction":[{"@type":"ReadAction","target":["https:\/\/www.italybikehub.com\/pl\/polityka-plikow-cookie\/"]}]},{"@type":"BreadcrumbList","@id":"https:\/\/www.italybikehub.com\/pl\/polityka-plikow-cookie\/#breadcrumb","itemListElement":[{"@type":"ListItem","position":1,"name":"Home","item":"https:\/\/www.italybikehub.com\/pl\/dom\/"},{"@type":"ListItem","position":2,"name":"Polityka plik\u00f3w cookie"}]},{"@type":"WebSite","@id":"https:\/\/www.italybikehub.com\/pl\/#website","url":"https:\/\/www.italybikehub.com\/pl\/","name":"Garda South Cycling","description":"Noleggio Bici Peschiera del Garda","publisher":{"@id":"https:\/\/www.italybikehub.com\/pl\/#organization"},"potentialAction":[{"@type":"SearchAction","target":{"@type":"EntryPoint","urlTemplate":"https:\/\/www.italybikehub.com\/pl\/?s={search_term_string}"},"query-input":{"@type":"PropertyValueSpecification","valueRequired":true,"valueName":"search_term_string"}}],"inLanguage":"pl-PL"},{"@type":"Organization","@id":"https:\/\/www.italybikehub.com\/pl\/#organization","name":"Garda South Cycling","url":"https:\/\/www.italybikehub.com\/pl\/","logo":{"@type":"ImageObject","inLanguage":"pl-PL","@id":"https:\/\/www.italybikehub.com\/pl\/#\/schema\/logo\/image\/","url":"https:\/\/www.italybikehub.com\/wp-content\/uploads\/2024\/12\/Favicon-GSC.jpg","contentUrl":"https:\/\/www.italybikehub.com\/wp-content\/uploads\/2024\/12\/Favicon-GSC.jpg","width":500,"height":500,"caption":"Garda South Cycling"},"image":{"@id":"https:\/\/www.italybikehub.com\/pl\/#\/schema\/logo\/image\/"},"sameAs":["https:\/\/www.facebook.com\/gardasouthcycling\/","https:\/\/www.instagram.com\/gardasouthcycling\/"]}]}},"_links":{"self":[{"href":"https:\/\/www.italybikehub.com\/pl\/wp-json\/wp\/v2\/pages\/8610","targetHints":{"allow":["GET"]}}],"collection":[{"href":"https:\/\/www.italybikehub.com\/pl\/wp-json\/wp\/v2\/pages"}],"about":[{"href":"https:\/\/www.italybikehub.com\/pl\/wp-json\/wp\/v2\/types\/page"}],"author":[{"embeddable":true,"href":"https:\/\/www.italybikehub.com\/pl\/wp-json\/wp\/v2\/users\/1"}],"replies":[{"embeddable":true,"href":"https:\/\/www.italybikehub.com\/pl\/wp-json\/wp\/v2\/comments?post=8610"}],"version-history":[{"count":1,"href":"https:\/\/www.italybikehub.com\/pl\/wp-json\/wp\/v2\/pages\/8610\/revisions"}],"predecessor-version":[{"id":8611,"href":"https:\/\/www.italybikehub.com\/pl\/wp-json\/wp\/v2\/pages\/8610\/revisions\/8611"}],"wp:attachment":[{"href":"https:\/\/www.italybikehub.com\/pl\/wp-json\/wp\/v2\/media?parent=8610"}],"curies":[{"name":"wp","href":"https:\/\/api.w.org\/{rel}","templated":true}]}}