{"id":4467,"date":"2024-10-19T08:33:45","date_gmt":"2024-10-19T08:33:45","guid":{"rendered":"https:\/\/www.italybikehub.com\/?page_id=4467"},"modified":"2024-11-04T09:16:29","modified_gmt":"2024-11-04T09:16:29","slug":"privacy-policy","status":"publish","type":"page","link":"https:\/\/www.italybikehub.com\/it\/privacy-policy\/","title":{"rendered":"Privacy Policy"},"content":{"rendered":"\t\t<div data-elementor-type=\"wp-page\" data-elementor-id=\"4467\" class=\"elementor elementor-4467\" data-elementor-post-type=\"page\">\n\t\t\t\t<div class=\"elementor-element elementor-element-65f663d e-flex e-con-boxed e-con e-parent\" data-id=\"65f663d\" data-element_type=\"container\" data-e-type=\"container\" data-settings=\"{&quot;background_background&quot;:&quot;classic&quot;}\">\n\t\t\t\t\t<div class=\"e-con-inner\">\n\t\t\t\t<div class=\"elementor-element elementor-element-0c6f6fe elementor-widget__width-initial elementor-widget elementor-widget-heading\" data-id=\"0c6f6fe\" data-element_type=\"widget\" data-e-type=\"widget\" data-widget_type=\"heading.default\">\n\t\t\t\t\t<h2 class=\"elementor-heading-title elementor-size-default\">Privacy Policy<\/h2>\t\t\t\t<\/div>\n\t\t\t\t<div class=\"elementor-element elementor-element-3e8de2a elementor-widget__width-initial elementor-widget elementor-widget-text-editor\" data-id=\"3e8de2a\" data-element_type=\"widget\" data-e-type=\"widget\" data-widget_type=\"text-editor.default\">\n\t\t\t\t\t\t\t\t\t<p><strong>Oggetto<\/strong>: Informativa ai sensi dell\u2019art. 13 d.lgs. 196\/03 \u201cCodice in materia di protezione dei dati personale\u201d<\/p>\t\t\t\t\t\t\t\t<\/div>\n\t\t\t\t<div class=\"elementor-element elementor-element-5ef761a elementor-widget elementor-widget-heading\" data-id=\"5ef761a\" data-element_type=\"widget\" data-e-type=\"widget\" data-widget_type=\"heading.default\">\n\t\t\t\t\t<h2 class=\"elementor-heading-title elementor-size-default\">Premessa <\/h2>\t\t\t\t<\/div>\n\t\t\t\t<div class=\"elementor-element elementor-element-5aacf9b elementor-widget__width-initial elementor-widget elementor-widget-text-editor\" data-id=\"5aacf9b\" data-element_type=\"widget\" data-e-type=\"widget\" data-widget_type=\"text-editor.default\">\n\t\t\t\t\t\t\t\t\t<p>A seguito della disciplina dettata dal d.lgs. 196\/03 \u201cCodice in materia di protezione dei dati personali\u201d (di seguito \u201cCodice\u201d) forniamo qui di seguito le informazioni circa l\u2019utilizzo da parte della scrivente societ\u00e0 dei dati personali acquisiti in relazione ai rapporti contrattuali intercorsi con Voi\/Lei o a quelli che potranno essere intrattenuti in futuro.\u00a0<\/p>\t\t\t\t\t\t\t\t<\/div>\n\t\t\t\t<div class=\"elementor-element elementor-element-1b8b433 elementor-widget elementor-widget-heading\" data-id=\"1b8b433\" data-element_type=\"widget\" data-e-type=\"widget\" data-widget_type=\"heading.default\">\n\t\t\t\t\t<h2 class=\"elementor-heading-title elementor-size-default\">Fonte dei dati personali <\/h2>\t\t\t\t<\/div>\n\t\t\t\t<div class=\"elementor-element elementor-element-b90d04e elementor-widget__width-initial elementor-widget elementor-widget-text-editor\" data-id=\"b90d04e\" data-element_type=\"widget\" data-e-type=\"widget\" data-widget_type=\"text-editor.default\">\n\t\t\t\t\t\t\t\t\t<p>I dati in nostro possesso, acquisiti in relazione al conferimento degli stessi tramite il sito internet della scrivente o a rapporti contrattuali saranno trattati nel rispetto della normativa vigente, e comunque, con la dovuta riservatezza.\u00a0<\/p>\t\t\t\t\t\t\t\t<\/div>\n\t\t\t\t<div class=\"elementor-element elementor-element-b6b3396 elementor-widget elementor-widget-heading\" data-id=\"b6b3396\" data-element_type=\"widget\" data-e-type=\"widget\" data-widget_type=\"heading.default\">\n\t\t\t\t\t<h2 class=\"elementor-heading-title elementor-size-default\">Finalit\u00e0 del trattamento <\/h2>\t\t\t\t<\/div>\n\t\t\t\t<div class=\"elementor-element elementor-element-bc88bc1 elementor-widget__width-initial elementor-widget elementor-widget-text-editor\" data-id=\"bc88bc1\" data-element_type=\"widget\" data-e-type=\"widget\" data-widget_type=\"text-editor.default\">\n\t\t\t\t\t\t\t\t\t<p>La raccolta ovvero il trattamento dei dati personali finalit\u00e0 di provvedere in modo adeguato agli adempimenti connessi all\u2019espletamento dell\u2019attivit\u00e0 economica della nostra societ\u00e0 e in particolare per: esigenze preliminari alla stipulazione di un contratto; adempiere agli obblighi contrattuali nei confronti dell\u2019interessato dando esecuzione ad un atto, pluralit\u00e0 d\u2019atti od insieme di operazioni necessarie all\u2019adempimento dei predetti obblighi; dare esecuzione presso ogni ente pubblico o privato agli adempimenti connessi o strumentali al contratto; dare esecuzione a adempimenti di obblighi di legge.<\/p><p>Inoltre il trattamento dei dati viene effettuato per finalit\u00e0 d\u2019invio di materiale pubblicitario relativo ai nostri prodotti o servizi, finalit\u00e0 di marketing o di contatto tramite nostri concessionari o operatori telefonici. Per queste specifiche finalit\u00e0 siamo a chiedervi espresso consenso al trattamento dei dati.\u00a0<\/p>\t\t\t\t\t\t\t\t<\/div>\n\t\t\t\t<div class=\"elementor-element elementor-element-d14f051 elementor-widget elementor-widget-heading\" data-id=\"d14f051\" data-element_type=\"widget\" data-e-type=\"widget\" data-widget_type=\"heading.default\">\n\t\t\t\t\t<h2 class=\"elementor-heading-title elementor-size-default\">Modalit\u00e0 del trattamento <\/h2>\t\t\t\t<\/div>\n\t\t\t\t<div class=\"elementor-element elementor-element-015bf4b elementor-widget__width-initial elementor-widget elementor-widget-text-editor\" data-id=\"015bf4b\" data-element_type=\"widget\" data-e-type=\"widget\" data-widget_type=\"text-editor.default\">\n\t\t\t\t\t\t\t\t\t<p>In relazione alle indicate finalit\u00e0, il trattamento dei dati personali avviene mediante strumenti manuali, informatici e telematici con logiche strettamente correlate alle finalit\u00e0 stesse e, comunque, in modo da garantire la sicurezza e la riservatezza dei dati stessi nel rispetto della citata legge.\u00a0<\/p>\t\t\t\t\t\t\t\t<\/div>\n\t\t\t\t<div class=\"elementor-element elementor-element-c7b6fd8 elementor-widget elementor-widget-heading\" data-id=\"c7b6fd8\" data-element_type=\"widget\" data-e-type=\"widget\" data-widget_type=\"heading.default\">\n\t\t\t\t\t<h2 class=\"elementor-heading-title elementor-size-default\">Natura della raccolta <\/h2>\t\t\t\t<\/div>\n\t\t\t\t<div class=\"elementor-element elementor-element-1dc3b70 elementor-widget__width-initial elementor-widget elementor-widget-text-editor\" data-id=\"1dc3b70\" data-element_type=\"widget\" data-e-type=\"widget\" data-widget_type=\"text-editor.default\">\n\t\t\t\t\t\t\t\t\t<p>Per la stipulazione ed esecuzione del rapporto contrattuale la raccolta dei dati personali ha anche natura obbligatoria dovendosi dare corso agli adempimenti di legge e fiscali, il rifiuto di fornire tali dati comporter\u00e0 l\u2019impossibilit\u00e0 di instaurare rapporti con la societ\u00e0. Il relativo trattamento non richiede il consenso dell\u2019interessato.\u00a0<\/p>\t\t\t\t\t\t\t\t<\/div>\n\t\t\t\t<div class=\"elementor-element elementor-element-0e99a44 elementor-widget elementor-widget-heading\" data-id=\"0e99a44\" data-element_type=\"widget\" data-e-type=\"widget\" data-widget_type=\"heading.default\">\n\t\t\t\t\t<h2 class=\"elementor-heading-title elementor-size-default\">Comunicazione e diffusione <\/h2>\t\t\t\t<\/div>\n\t\t\t\t<div class=\"elementor-element elementor-element-99c7643 elementor-widget__width-initial elementor-widget elementor-widget-text-editor\" data-id=\"99c7643\" data-element_type=\"widget\" data-e-type=\"widget\" data-widget_type=\"text-editor.default\">\n\t\t\t\t\t\t\t\t\t<p>I dati personali ed il relativo trattamento sar\u00e0 oggetto di comunicazione a societ\u00e0 per lo svolgimento di attivit\u00e0 economiche (commerciali, gestionali, gestione dei sistemi informativi, assicurative, intermediazione bancaria o non bancaria, factoring, gestione della spedizione, inbustamento e invio corrispondenza, gestione e tutela del credito) o per l\u2019assolvimento di norme di legge (studi commercialisti, avvocati). I dati non saranno diffusi.<\/p><p>Potranno venire a conoscenza dei Vostri dati il Titolare del Trattamento e i soggetti interni incaricati del trattamento.\u00a0<\/p>\t\t\t\t\t\t\t\t<\/div>\n\t\t\t\t<div class=\"elementor-element elementor-element-7e5e19e elementor-widget elementor-widget-heading\" data-id=\"7e5e19e\" data-element_type=\"widget\" data-e-type=\"widget\" data-widget_type=\"heading.default\">\n\t\t\t\t\t<h2 class=\"elementor-heading-title elementor-size-default\">Diritti dell\u2019interessato <\/h2>\t\t\t\t<\/div>\n\t\t\t\t<div class=\"elementor-element elementor-element-6b4e10d elementor-widget__width-initial elementor-widget elementor-widget-text-editor\" data-id=\"6b4e10d\" data-element_type=\"widget\" data-e-type=\"widget\" data-widget_type=\"text-editor.default\">\n\t\t\t\t\t\t\t\t\t<p>L\u2019interessato potr\u00e0 rivolgersi al Servizio Privacy presso il titolare del trattamento per verificare i propri dati e farli integrare, aggiornare o rettificare e\/o per esercitare gli altri diritti previsti dall\u2019art. 7 del Codice (riportato in allegato). In particolare potr\u00e0 opporsi in ogni momento, sempre attraverso il Sevizio Privacy, al trattamento delle sue coordinate di posta elettronica o telefoniche a fini di vendita diretta o di marketing.\u00a0<\/p>\t\t\t\t\t\t\t\t<\/div>\n\t\t\t\t<div class=\"elementor-element elementor-element-47c3607 elementor-widget elementor-widget-heading\" data-id=\"47c3607\" data-element_type=\"widget\" data-e-type=\"widget\" data-widget_type=\"heading.default\">\n\t\t\t\t\t<h2 class=\"elementor-heading-title elementor-size-default\">Titolare del trattamento<\/h2>\t\t\t\t<\/div>\n\t\t\t\t<div class=\"elementor-element elementor-element-5ef7a9d elementor-widget__width-initial elementor-widget elementor-widget-text-editor\" data-id=\"5ef7a9d\" data-element_type=\"widget\" data-e-type=\"widget\" data-widget_type=\"text-editor.default\">\n\t\t\t\t\t\t\t\t\t<p>Titolare del trattamento dei dati \u00e8:<\/p><p><strong>GARDA BIKE HUB SRL<\/strong><\/p><p>Tel: +39 349 8246245<br \/>Email: <span style=\"text-decoration: underline;\">gardabikehubsrl@gmail.com<\/span><\/p><p>Via del Garda, 124 Salionze (VR)<br \/>P.iva 04794700239\u00a0<\/p>\t\t\t\t\t\t\t\t<\/div>\n\t\t\t\t<div class=\"elementor-element elementor-element-04ca651 elementor-widget elementor-widget-heading\" data-id=\"04ca651\" data-element_type=\"widget\" data-e-type=\"widget\" data-widget_type=\"heading.default\">\n\t\t\t\t\t<h2 class=\"elementor-heading-title elementor-size-default\">Art. 7 d.lgs. 196\/03 (Diritto di accesso ai dati personali ed altri diritti) <\/h2>\t\t\t\t<\/div>\n\t\t\t\t<div class=\"elementor-element elementor-element-c2a84b7 elementor-widget__width-initial elementor-widget elementor-widget-text-editor\" data-id=\"c2a84b7\" data-element_type=\"widget\" data-e-type=\"widget\" data-widget_type=\"text-editor.default\">\n\t\t\t\t\t\t\t\t\t<p>1. L\u2019interessato ha diritto di ottenere la conferma dell\u2019esistenza o meno di dati personali che lo riguardano, anche se non ancora registrati, e la loro comunicazione in forma intelligibile.<\/p><p>2. L\u2019interessato ha diritto di ottenere l\u2019indicazione:<br \/>a) dell\u2019origine dei dati personali;<br \/>b) delle finalit\u00e0 e modalit\u00e0 del trattamento;<br \/>c) della logica applicata in caso di trattamento effettuato con l\u2019ausilio di strumenti elettronici;<br \/>d) degli estremi identificativi del titolare, dei responsabili e del rappresentante designato ai sensi dell\u2019articolo 5, comma 2;<br \/>e) dei soggetti o delle categorie di soggetti ai quali i dati personali possono essere comunicati o che possono venirne a conoscenza in qualit\u00e0 di rappresentante designato nel territorio dello Stato, di responsabili o incaricati.<\/p><p>3. L\u2019interessato ha diritto di ottenere:<br \/>a) l\u2019aggiornamento, la rettificazione ovvero, quando vi ha interesse, l\u2019integrazione dei dati;<br \/>b) la cancellazione, la trasformazione in forma anonima o il blocco dei dati trattati in violazione di legge, compresi quelli di cui non \u00e8 necessaria la conservazione in relazione agli scopi per i quali i dati sono stati raccolti o successivamente trattati;<br \/>c) l\u2019attestazione che le operazioni di cui alle lettere a) e b) sono state portate a conoscenza, anche per quanto riguarda il loro contenuto, di coloro ai quali i dati sono stati comunicati o diffusi, eccettuato il caso in cui tale adempimento si rivela impossibile o comporta un impiego di mezzi manifestamente sproporzionato rispetto al diritto tutelato.<\/p><p>4. L\u2019interessato ha diritto di opporsi, in tutto o in parte:<br \/>a) per motivi legittimi al trattamento dei dati personali che lo riguardano, ancorch\u00e9 pertinenti allo scopo della raccolta;<br \/>b) al trattamento di dati personali che lo riguardano a fini di invio di materiale pubblicitario o di vendita diretta o per il compimento di ricerche di mercato o di comunicazione commerciale.<\/p>\t\t\t\t\t\t\t\t<\/div>\n\t\t\t\t\t<\/div>\n\t\t\t\t<\/div>\n\t\t\t\t<\/div>\n\t\t","protected":false},"excerpt":{"rendered":"<p>Privacy Policy Oggetto: Informativa ai sensi dell\u2019art. 13 d.lgs. 196\/03 \u201cCodice in materia di protezione dei dati personale\u201d Premessa A seguito della disciplina dettata dal d.lgs. 196\/03 \u201cCodice in materia di protezione dei dati personali\u201d (di seguito \u201cCodice\u201d) forniamo qui di seguito le informazioni circa l\u2019utilizzo da parte della scrivente societ\u00e0 dei dati personali acquisiti [&hellip;]<\/p>\n","protected":false},"author":1,"featured_media":0,"parent":0,"menu_order":0,"comment_status":"closed","ping_status":"closed","template":"","meta":{"_acf_changed":false,"inline_featured_image":false,"footnotes":""},"class_list":["post-4467","page","type-page","status-publish","hentry"],"acf":[],"yoast_head":"<!-- This site is optimized with the Yoast SEO plugin v27.5 - https:\/\/yoast.com\/product\/yoast-seo-wordpress\/ -->\n<title>Informativa sulla privacy - Garda South Cycling<\/title>\n<meta name=\"description\" content=\"Leggi la nostra informativa sulla privacy per comprendere come Garda South Cycling garantisce la sicurezza e la riservatezza dei tuoi dati.\" \/>\n<meta name=\"robots\" content=\"index, follow, max-snippet:-1, max-image-preview:large, max-video-preview:-1\" \/>\n<link rel=\"canonical\" href=\"https:\/\/www.italybikehub.com\/it\/privacy-policy\/\" \/>\n<meta property=\"og:locale\" content=\"it_IT\" \/>\n<meta property=\"og:type\" content=\"article\" \/>\n<meta property=\"og:title\" content=\"Informativa sulla privacy - Garda South Cycling\" \/>\n<meta property=\"og:description\" content=\"Leggi la nostra informativa sulla privacy per comprendere come Garda South Cycling garantisce la sicurezza e la riservatezza dei tuoi dati.\" \/>\n<meta property=\"og:url\" content=\"https:\/\/www.italybikehub.com\/it\/privacy-policy\/\" \/>\n<meta property=\"og:site_name\" content=\"Garda South Cycling\" \/>\n<meta property=\"article:publisher\" content=\"https:\/\/www.facebook.com\/gardasouthcycling\/\" \/>\n<meta property=\"article:modified_time\" content=\"2024-11-04T09:16:29+00:00\" \/>\n<meta name=\"twitter:card\" content=\"summary_large_image\" \/>\n<meta name=\"twitter:label1\" content=\"Tempo di lettura stimato\" \/>\n\t<meta name=\"twitter:data1\" content=\"5 minuti\" \/>\n<script type=\"application\/ld+json\" class=\"yoast-schema-graph\">{\"@context\":\"https:\\\/\\\/schema.org\",\"@graph\":[{\"@type\":\"WebPage\",\"@id\":\"https:\\\/\\\/www.italybikehub.com\\\/it\\\/privacy-policy\\\/\",\"url\":\"https:\\\/\\\/www.italybikehub.com\\\/it\\\/privacy-policy\\\/\",\"name\":\"Informativa sulla privacy - Garda South Cycling\",\"isPartOf\":{\"@id\":\"https:\\\/\\\/www.italybikehub.com\\\/it\\\/#website\"},\"datePublished\":\"2024-10-19T08:33:45+00:00\",\"dateModified\":\"2024-11-04T09:16:29+00:00\",\"description\":\"Leggi la nostra informativa sulla privacy per comprendere come Garda South Cycling garantisce la sicurezza e la riservatezza dei tuoi dati.\",\"breadcrumb\":{\"@id\":\"https:\\\/\\\/www.italybikehub.com\\\/it\\\/privacy-policy\\\/#breadcrumb\"},\"inLanguage\":\"it-IT\",\"potentialAction\":[{\"@type\":\"ReadAction\",\"target\":[\"https:\\\/\\\/www.italybikehub.com\\\/it\\\/privacy-policy\\\/\"]}]},{\"@type\":\"BreadcrumbList\",\"@id\":\"https:\\\/\\\/www.italybikehub.com\\\/it\\\/privacy-policy\\\/#breadcrumb\",\"itemListElement\":[{\"@type\":\"ListItem\",\"position\":1,\"name\":\"Home\",\"item\":\"https:\\\/\\\/www.italybikehub.com\\\/it\\\/\"},{\"@type\":\"ListItem\",\"position\":2,\"name\":\"Privacy Policy\"}]},{\"@type\":\"WebSite\",\"@id\":\"https:\\\/\\\/www.italybikehub.com\\\/it\\\/#website\",\"url\":\"https:\\\/\\\/www.italybikehub.com\\\/it\\\/\",\"name\":\"Garda South Cycling\",\"description\":\"Noleggio Bici Peschiera del Garda\",\"publisher\":{\"@id\":\"https:\\\/\\\/www.italybikehub.com\\\/it\\\/#organization\"},\"potentialAction\":[{\"@type\":\"SearchAction\",\"target\":{\"@type\":\"EntryPoint\",\"urlTemplate\":\"https:\\\/\\\/www.italybikehub.com\\\/it\\\/?s={search_term_string}\"},\"query-input\":{\"@type\":\"PropertyValueSpecification\",\"valueRequired\":true,\"valueName\":\"search_term_string\"}}],\"inLanguage\":\"it-IT\"},{\"@type\":\"Organization\",\"@id\":\"https:\\\/\\\/www.italybikehub.com\\\/it\\\/#organization\",\"name\":\"Garda South Cycling\",\"url\":\"https:\\\/\\\/www.italybikehub.com\\\/it\\\/\",\"logo\":{\"@type\":\"ImageObject\",\"inLanguage\":\"it-IT\",\"@id\":\"https:\\\/\\\/www.italybikehub.com\\\/it\\\/#\\\/schema\\\/logo\\\/image\\\/\",\"url\":\"https:\\\/\\\/www.italybikehub.com\\\/wp-content\\\/uploads\\\/2024\\\/12\\\/Favicon-GSC.jpg\",\"contentUrl\":\"https:\\\/\\\/www.italybikehub.com\\\/wp-content\\\/uploads\\\/2024\\\/12\\\/Favicon-GSC.jpg\",\"width\":500,\"height\":500,\"caption\":\"Garda South Cycling\"},\"image\":{\"@id\":\"https:\\\/\\\/www.italybikehub.com\\\/it\\\/#\\\/schema\\\/logo\\\/image\\\/\"},\"sameAs\":[\"https:\\\/\\\/www.facebook.com\\\/gardasouthcycling\\\/\",\"https:\\\/\\\/www.instagram.com\\\/gardasouthcycling\\\/\"]}]}<\/script>\n<!-- \/ Yoast SEO plugin. -->","yoast_head_json":{"title":"Informativa sulla privacy - Garda South Cycling","description":"Leggi la nostra informativa sulla privacy per comprendere come Garda South Cycling garantisce la sicurezza e la riservatezza dei tuoi dati.","robots":{"index":"index","follow":"follow","max-snippet":"max-snippet:-1","max-image-preview":"max-image-preview:large","max-video-preview":"max-video-preview:-1"},"canonical":"https:\/\/www.italybikehub.com\/it\/privacy-policy\/","og_locale":"it_IT","og_type":"article","og_title":"Informativa sulla privacy - Garda South Cycling","og_description":"Leggi la nostra informativa sulla privacy per comprendere come Garda South Cycling garantisce la sicurezza e la riservatezza dei tuoi dati.","og_url":"https:\/\/www.italybikehub.com\/it\/privacy-policy\/","og_site_name":"Garda South Cycling","article_publisher":"https:\/\/www.facebook.com\/gardasouthcycling\/","article_modified_time":"2024-11-04T09:16:29+00:00","twitter_card":"summary_large_image","twitter_misc":{"Tempo di lettura stimato":"5 minuti"},"schema":{"@context":"https:\/\/schema.org","@graph":[{"@type":"WebPage","@id":"https:\/\/www.italybikehub.com\/it\/privacy-policy\/","url":"https:\/\/www.italybikehub.com\/it\/privacy-policy\/","name":"Informativa sulla privacy - Garda South Cycling","isPartOf":{"@id":"https:\/\/www.italybikehub.com\/it\/#website"},"datePublished":"2024-10-19T08:33:45+00:00","dateModified":"2024-11-04T09:16:29+00:00","description":"Leggi la nostra informativa sulla privacy per comprendere come Garda South Cycling garantisce la sicurezza e la riservatezza dei tuoi dati.","breadcrumb":{"@id":"https:\/\/www.italybikehub.com\/it\/privacy-policy\/#breadcrumb"},"inLanguage":"it-IT","potentialAction":[{"@type":"ReadAction","target":["https:\/\/www.italybikehub.com\/it\/privacy-policy\/"]}]},{"@type":"BreadcrumbList","@id":"https:\/\/www.italybikehub.com\/it\/privacy-policy\/#breadcrumb","itemListElement":[{"@type":"ListItem","position":1,"name":"Home","item":"https:\/\/www.italybikehub.com\/it\/"},{"@type":"ListItem","position":2,"name":"Privacy Policy"}]},{"@type":"WebSite","@id":"https:\/\/www.italybikehub.com\/it\/#website","url":"https:\/\/www.italybikehub.com\/it\/","name":"Garda South Cycling","description":"Noleggio Bici Peschiera del Garda","publisher":{"@id":"https:\/\/www.italybikehub.com\/it\/#organization"},"potentialAction":[{"@type":"SearchAction","target":{"@type":"EntryPoint","urlTemplate":"https:\/\/www.italybikehub.com\/it\/?s={search_term_string}"},"query-input":{"@type":"PropertyValueSpecification","valueRequired":true,"valueName":"search_term_string"}}],"inLanguage":"it-IT"},{"@type":"Organization","@id":"https:\/\/www.italybikehub.com\/it\/#organization","name":"Garda South Cycling","url":"https:\/\/www.italybikehub.com\/it\/","logo":{"@type":"ImageObject","inLanguage":"it-IT","@id":"https:\/\/www.italybikehub.com\/it\/#\/schema\/logo\/image\/","url":"https:\/\/www.italybikehub.com\/wp-content\/uploads\/2024\/12\/Favicon-GSC.jpg","contentUrl":"https:\/\/www.italybikehub.com\/wp-content\/uploads\/2024\/12\/Favicon-GSC.jpg","width":500,"height":500,"caption":"Garda South Cycling"},"image":{"@id":"https:\/\/www.italybikehub.com\/it\/#\/schema\/logo\/image\/"},"sameAs":["https:\/\/www.facebook.com\/gardasouthcycling\/","https:\/\/www.instagram.com\/gardasouthcycling\/"]}]}},"_links":{"self":[{"href":"https:\/\/www.italybikehub.com\/it\/wp-json\/wp\/v2\/pages\/4467","targetHints":{"allow":["GET"]}}],"collection":[{"href":"https:\/\/www.italybikehub.com\/it\/wp-json\/wp\/v2\/pages"}],"about":[{"href":"https:\/\/www.italybikehub.com\/it\/wp-json\/wp\/v2\/types\/page"}],"author":[{"embeddable":true,"href":"https:\/\/www.italybikehub.com\/it\/wp-json\/wp\/v2\/users\/1"}],"replies":[{"embeddable":true,"href":"https:\/\/www.italybikehub.com\/it\/wp-json\/wp\/v2\/comments?post=4467"}],"version-history":[{"count":0,"href":"https:\/\/www.italybikehub.com\/it\/wp-json\/wp\/v2\/pages\/4467\/revisions"}],"wp:attachment":[{"href":"https:\/\/www.italybikehub.com\/it\/wp-json\/wp\/v2\/media?parent=4467"}],"curies":[{"name":"wp","href":"https:\/\/api.w.org\/{rel}","templated":true}]}}