{"id":7400,"date":"2024-10-19T08:33:45","date_gmt":"2024-10-19T08:33:45","guid":{"rendered":"https:\/\/www.italybikehub.com\/datenschutzbestimmungen\/"},"modified":"2024-11-06T12:01:06","modified_gmt":"2024-11-06T12:01:06","slug":"datenschutzbestimmungen","status":"publish","type":"page","link":"https:\/\/www.italybikehub.com\/de\/datenschutzbestimmungen\/","title":{"rendered":"Datenschutzbestimmungen"},"content":{"rendered":"\t\t<div data-elementor-type=\"wp-page\" data-elementor-id=\"7400\" class=\"elementor elementor-7400 elementor-4467\" data-elementor-post-type=\"page\">\n\t\t\t\t<div class=\"elementor-element elementor-element-65f663d e-flex e-con-boxed e-con e-parent\" data-id=\"65f663d\" data-element_type=\"container\" data-e-type=\"container\" data-settings=\"{&quot;background_background&quot;:&quot;classic&quot;}\">\n\t\t\t\t\t<div class=\"e-con-inner\">\n\t\t\t\t<div class=\"elementor-element elementor-element-0c6f6fe elementor-widget__width-initial elementor-widget elementor-widget-heading\" data-id=\"0c6f6fe\" data-element_type=\"widget\" data-e-type=\"widget\" data-widget_type=\"heading.default\">\n\t\t\t\t\t<h2 class=\"elementor-heading-title elementor-size-default\">Datenschutzbestimmungen<\/h2>\t\t\t\t<\/div>\n\t\t\t\t<div class=\"elementor-element elementor-element-3e8de2a elementor-widget__width-initial elementor-widget elementor-widget-text-editor\" data-id=\"3e8de2a\" data-element_type=\"widget\" data-e-type=\"widget\" data-widget_type=\"text-editor.default\">\n\t\t\t\t\t\t\t\t\t<p><strong>Betrifft<\/strong>: Informationen gem\u00e4\u00df Artikel 13 des Gesetzesdekrets 196\/03 &#8222;Gesetz zum Schutz personenbezogener Daten  <\/p>\n\t\t\t\t\t\t\t\t<\/div>\n\t\t\t\t<div class=\"elementor-element elementor-element-5ef761a elementor-widget elementor-widget-heading\" data-id=\"5ef761a\" data-element_type=\"widget\" data-e-type=\"widget\" data-widget_type=\"heading.default\">\n\t\t\t\t\t<h2 class=\"elementor-heading-title elementor-size-default\">Vorwort  <\/h2>\t\t\t\t<\/div>\n\t\t\t\t<div class=\"elementor-element elementor-element-5aacf9b elementor-widget__width-initial elementor-widget elementor-widget-text-editor\" data-id=\"5aacf9b\" data-element_type=\"widget\" data-e-type=\"widget\" data-widget_type=\"text-editor.default\">\n\t\t\t\t\t\t\t\t\t<p>Gem\u00e4\u00df den Bestimmungen des Gesetzesdekrets 196\/03 &#8222;Datenschutzkodex&#8220; (im Folgenden &#8222;Kodex&#8220; genannt) informieren wir Sie hiermit \u00fcber die Verwendung personenbezogener Daten durch das unterzeichnende Unternehmen, die im Zusammenhang mit vertraglichen Beziehungen mit Ihnen oder solchen, die in Zukunft unterhalten werden k\u00f6nnten, erworben wurden.   <\/p>\n\t\t\t\t\t\t\t\t<\/div>\n\t\t\t\t<div class=\"elementor-element elementor-element-1b8b433 elementor-widget elementor-widget-heading\" data-id=\"1b8b433\" data-element_type=\"widget\" data-e-type=\"widget\" data-widget_type=\"heading.default\">\n\t\t\t\t\t<h2 class=\"elementor-heading-title elementor-size-default\">Quelle der pers\u00f6nlichen Daten  <\/h2>\t\t\t\t<\/div>\n\t\t\t\t<div class=\"elementor-element elementor-element-b90d04e elementor-widget__width-initial elementor-widget elementor-widget-text-editor\" data-id=\"b90d04e\" data-element_type=\"widget\" data-e-type=\"widget\" data-widget_type=\"text-editor.default\">\n\t\t\t\t\t\t\t\t\t<p>Die in unserem Besitz befindlichen Daten, die wir im Zusammenhang mit der Bereitstellung derselben \u00fcber die Website des Verfassers oder durch vertragliche Beziehungen erhalten haben, werden in \u00dcbereinstimmung mit der geltenden Gesetzgebung und in jedem Fall mit der gebotenen Vertraulichkeit behandelt.  <\/p>\n\t\t\t\t\t\t\t\t<\/div>\n\t\t\t\t<div class=\"elementor-element elementor-element-b6b3396 elementor-widget elementor-widget-heading\" data-id=\"b6b3396\" data-element_type=\"widget\" data-e-type=\"widget\" data-widget_type=\"heading.default\">\n\t\t\t\t\t<h2 class=\"elementor-heading-title elementor-size-default\">Zweck der Verarbeitung  <\/h2>\t\t\t\t<\/div>\n\t\t\t\t<div class=\"elementor-element elementor-element-bc88bc1 elementor-widget__width-initial elementor-widget elementor-widget-text-editor\" data-id=\"bc88bc1\" data-element_type=\"widget\" data-e-type=\"widget\" data-widget_type=\"text-editor.default\">\n\t\t\t\t\t\t\t\t\t<p>Die Erhebung oder Verarbeitung personenbezogener Daten zum Zwecke der angemessenen Erf\u00fcllung der Verpflichtungen, die mit der Aus\u00fcbung der wirtschaftlichen T\u00e4tigkeit unseres Unternehmens verbunden sind, und insbesondere f\u00fcr: vorbereitende Anforderungen vor dem Abschluss eines Vertrags; die Erf\u00fcllung vertraglicher Verpflichtungen gegen\u00fcber der betroffenen Person durch die Ausf\u00fchrung einer Handlung, einer Vielzahl von Handlungen oder einer Reihe von Vorg\u00e4ngen, die f\u00fcr die Erf\u00fcllung der vorgenannten Verpflichtungen erforderlich sind; die Erf\u00fcllung der mit dem Vertrag verbundenen oder instrumentellen Verpflichtungen bei einer \u00f6ffentlichen oder privaten Stelle; die Erf\u00fcllung gesetzlicher Verpflichtungen.<\/p>\n<p>Dar\u00fcber hinaus werden die Daten f\u00fcr den Versand von Werbematerial zu unseren Produkten oder Dienstleistungen, f\u00fcr Marketingzwecke oder zur Kontaktaufnahme mit Ihnen \u00fcber unsere H\u00e4ndler oder Telefonanbieter verarbeitet. F\u00fcr diese speziellen Zwecke bitten wir Sie um Ihre ausdr\u00fcckliche Zustimmung zur Verarbeitung der Daten.   <\/p>\n\t\t\t\t\t\t\t\t<\/div>\n\t\t\t\t<div class=\"elementor-element elementor-element-d14f051 elementor-widget elementor-widget-heading\" data-id=\"d14f051\" data-element_type=\"widget\" data-e-type=\"widget\" data-widget_type=\"heading.default\">\n\t\t\t\t\t<h2 class=\"elementor-heading-title elementor-size-default\">Modalit\u00e4ten der Behandlung  <\/h2>\t\t\t\t<\/div>\n\t\t\t\t<div class=\"elementor-element elementor-element-015bf4b elementor-widget__width-initial elementor-widget elementor-widget-text-editor\" data-id=\"015bf4b\" data-element_type=\"widget\" data-e-type=\"widget\" data-widget_type=\"text-editor.default\">\n\t\t\t\t\t\t\t\t\t<p>Im Zusammenhang mit den oben genannten Zwecken werden personenbezogene Daten mittels manueller, computergest\u00fctzter und telematischer Hilfsmittel mit einer streng auf diese Zwecke bezogenen Logik und in jedem Fall so verarbeitet, dass die Sicherheit und Vertraulichkeit der Daten in \u00dcbereinstimmung mit dem oben genannten Gesetz gew\u00e4hrleistet ist.  <\/p>\n\t\t\t\t\t\t\t\t<\/div>\n\t\t\t\t<div class=\"elementor-element elementor-element-c7b6fd8 elementor-widget elementor-widget-heading\" data-id=\"c7b6fd8\" data-element_type=\"widget\" data-e-type=\"widget\" data-widget_type=\"heading.default\">\n\t\t\t\t\t<h2 class=\"elementor-heading-title elementor-size-default\">Art der Sammlung  <\/h2>\t\t\t\t<\/div>\n\t\t\t\t<div class=\"elementor-element elementor-element-1dc3b70 elementor-widget__width-initial elementor-widget elementor-widget-text-editor\" data-id=\"1dc3b70\" data-element_type=\"widget\" data-e-type=\"widget\" data-widget_type=\"text-editor.default\">\n\t\t\t\t\t\t\t\t\t<p>F\u00fcr die Festlegung und Durchf\u00fchrung des Vertragsverh\u00e4ltnisses ist die Erhebung personenbezogener Daten ebenfalls obligatorisch, da sie zur Erf\u00fcllung rechtlicher und steuerlicher Verpflichtungen erforderlich ist; eine Verweigerung der Bereitstellung dieser Daten macht die Aufnahme von Beziehungen mit dem Unternehmen unm\u00f6glich. Die entsprechende Verarbeitung bedarf nicht der Zustimmung der betroffenen Person.   <\/p>\n\t\t\t\t\t\t\t\t<\/div>\n\t\t\t\t<div class=\"elementor-element elementor-element-0e99a44 elementor-widget elementor-widget-heading\" data-id=\"0e99a44\" data-element_type=\"widget\" data-e-type=\"widget\" data-widget_type=\"heading.default\">\n\t\t\t\t\t<h2 class=\"elementor-heading-title elementor-size-default\">Kommunikation und Verbreitung  <\/h2>\t\t\t\t<\/div>\n\t\t\t\t<div class=\"elementor-element elementor-element-99c7643 elementor-widget__width-initial elementor-widget elementor-widget-text-editor\" data-id=\"99c7643\" data-element_type=\"widget\" data-e-type=\"widget\" data-widget_type=\"text-editor.default\">\n\t\t\t\t\t\t\t\t\t<p>Die personenbezogenen Daten und ihre Verarbeitung werden an Unternehmen zur Aus\u00fcbung wirtschaftlicher T\u00e4tigkeiten (Handel, Verwaltung, Verwaltung von Informationssystemen, Versicherungen, Vermittlung von Banken oder Nichtbanken, Factoring, Verwaltung des Versands, Kuvertierung und Versand von Korrespondenz, Verwaltung und Schutz von Krediten) oder zur Erf\u00fcllung gesetzlicher Anforderungen (Buchhaltungsb\u00fcros, Rechtsanw\u00e4lte) weitergegeben. Die Daten werden nicht weitergegeben. <\/p>\n<p>Ihre Daten k\u00f6nnen an den Data Controller und an interne Datenverarbeiter weitergegeben werden.  <\/p>\n\t\t\t\t\t\t\t\t<\/div>\n\t\t\t\t<div class=\"elementor-element elementor-element-7e5e19e elementor-widget elementor-widget-heading\" data-id=\"7e5e19e\" data-element_type=\"widget\" data-e-type=\"widget\" data-widget_type=\"heading.default\">\n\t\t\t\t\t<h2 class=\"elementor-heading-title elementor-size-default\">Rechte der betroffenen Person  <\/h2>\t\t\t\t<\/div>\n\t\t\t\t<div class=\"elementor-element elementor-element-6b4e10d elementor-widget__width-initial elementor-widget elementor-widget-text-editor\" data-id=\"6b4e10d\" data-element_type=\"widget\" data-e-type=\"widget\" data-widget_type=\"text-editor.default\">\n\t\t\t\t\t\t\t\t\t<p>Die betroffene Person kann sich an den Datenschutzdienst des f\u00fcr die Verarbeitung Verantwortlichen wenden, um ihre Daten zu \u00fcberpr\u00fcfen und sie zu erg\u00e4nzen, zu aktualisieren oder zu berichtigen und\/oder um die anderen in Artikel 7 des Kodex (im Anhang) vorgesehenen Rechte auszu\u00fcben. Insbesondere kann sie jederzeit, ebenfalls \u00fcber den Datenschutzdienst, der Verarbeitung ihrer E-Mail- oder Telefondaten f\u00fcr Direktverkaufs- oder Marketingzwecke widersprechen.    <\/p>\n\t\t\t\t\t\t\t\t<\/div>\n\t\t\t\t<div class=\"elementor-element elementor-element-47c3607 elementor-widget elementor-widget-heading\" data-id=\"47c3607\" data-element_type=\"widget\" data-e-type=\"widget\" data-widget_type=\"heading.default\">\n\t\t\t\t\t<h2 class=\"elementor-heading-title elementor-size-default\">Datenkontrolleur<\/h2>\t\t\t\t<\/div>\n\t\t\t\t<div class=\"elementor-element elementor-element-5ef7a9d elementor-widget__width-initial elementor-widget elementor-widget-text-editor\" data-id=\"5ef7a9d\" data-element_type=\"widget\" data-e-type=\"widget\" data-widget_type=\"text-editor.default\">\n\t\t\t\t\t\t\t\t\t<p>Der f\u00fcr die Datenverarbeitung Verantwortliche ist:<\/p>\n<p><strong>GARDA BIKE HUB SRL<\/strong><\/p>\n<p>Tel: +39 349 8246245 E-Mail:<span style=\"text-decoration: underline;\">gardabikehubsrl@gmail.com<\/span><\/p>\n<p>Via del Garda, 124 Salionze (VR) VAT 04794700239 <\/p>\n\t\t\t\t\t\t\t\t<\/div>\n\t\t\t\t<div class=\"elementor-element elementor-element-04ca651 elementor-widget elementor-widget-heading\" data-id=\"04ca651\" data-element_type=\"widget\" data-e-type=\"widget\" data-widget_type=\"heading.default\">\n\t\t\t\t\t<h2 class=\"elementor-heading-title elementor-size-default\">Art. 7 Legislativdekret 196\/03 (Recht auf Zugang zu pers\u00f6nlichen Daten und andere Rechte)   <\/h2>\t\t\t\t<\/div>\n\t\t\t\t<div class=\"elementor-element elementor-element-c2a84b7 elementor-widget__width-initial elementor-widget elementor-widget-text-editor\" data-id=\"c2a84b7\" data-element_type=\"widget\" data-e-type=\"widget\" data-widget_type=\"text-editor.default\">\n\t\t\t\t\t\t\t\t\t<p>1. Die betroffene Person hat das Recht, eine Best\u00e4tigung dar\u00fcber zu erhalten, ob sie betreffende personenbezogene Daten vorhanden sind oder nicht, auch wenn diese noch nicht gespeichert sind, sowie die Mitteilung dieser Daten in verst\u00e4ndlicher Form.<\/p>\n<p>2. Die betroffene Person hat das Recht, \u00fcber Folgendes informiert zu werden<\/p>\n<p>a) die Herkunft der personenbezogenen Daten; b) den Zweck und die Modalit\u00e4ten der Verarbeitung; c) die angewandte Logik im Falle einer Verarbeitung mit Hilfe elektronischer Mittel; d) die Identifikationsdaten des Inhabers der Datenverarbeitung, der Verantwortlichen und des gem\u00e4\u00df Artikel 5 Absatz 2 benannten Vertreters; e) die Personen oder Kategorien von Personen, denen die personenbezogenen Daten mitgeteilt werden k\u00f6nnen oder die in ihrer Eigenschaft als benannter Vertreter im Staatsgebiet, als Verantwortliche oder Beauftragte davon Kenntnis erlangen k\u00f6nnen.<\/p>\n<p>3. Die betroffene Person hat das Recht, Folgendes zu erhalten<\/p>\n<p>a) die Aktualisierung, die Berichtigung oder, sofern interessiert, die Erg\u00e4nzung der Daten zu verlangen; b) zu verlangen, dass widerrechtlich verarbeitete Daten gel\u00f6scht, anonymisiert oder gesperrt werden; dies gilt auch f\u00fcr Daten, deren Aufbewahrung f\u00fcr die Zwecke, f\u00fcr die sie erhoben oder sp\u00e4ter verarbeitet wurden, nicht erforderlich ist<br \/>c) eine Bescheinigung dar\u00fcber, dass die unter den Buchstaben a) und b) genannten Vorg\u00e4nge, auch was ihren Inhalt betrifft, jenen mitgeteilt wurden, denen die Daten \u00fcbermittelt oder bei denen sie verbreitet wurden, sofern sich dies nicht als unm\u00f6glich erweist oder der Aufwand an Mitteln im Verh\u00e4ltnis zu dem zu sch\u00fctzenden Recht unvertretbar gro\u00df ist.  <\/p>\n<p>4.<\/p>\n<p>Die betroffene Person hat das Recht, sich ganz oder teilweise a) der Verarbeitung personenbezogener Daten, die sie betreffen, aus legitimen Gr\u00fcnden zu widersetzen, auch wenn diese Daten dem Zweck der Erhebung entsprechen; b) der Verarbeitung personenbezogener Daten, die sie betreffen, zu widersetzen, wenn diese Verarbeitung zum Zwecke des Versands von Werbematerial oder des Direktverkaufs, zur Markt- oder Meinungsforschung oder zur Handelsinformation erfolgt.<\/p>\n\t\t\t\t\t\t\t\t<\/div>\n\t\t\t\t\t<\/div>\n\t\t\t\t<\/div>\n\t\t\t\t<\/div>\n\t\t","protected":false},"excerpt":{"rendered":"<p>Datenschutzbestimmungen Betrifft: Informationen gem\u00e4\u00df Artikel 13 des Gesetzesdekrets 196\/03 &#8222;Gesetz zum Schutz personenbezogener Daten Vorwort Gem\u00e4\u00df den Bestimmungen des Gesetzesdekrets 196\/03 &#8222;Datenschutzkodex&#8220; (im Folgenden &#8222;Kodex&#8220; genannt) informieren wir Sie hiermit \u00fcber die Verwendung personenbezogener Daten durch das unterzeichnende Unternehmen, die im Zusammenhang mit vertraglichen Beziehungen mit Ihnen oder solchen, die in Zukunft unterhalten werden k\u00f6nnten, [&hellip;]<\/p>\n","protected":false},"author":1,"featured_media":0,"parent":0,"menu_order":0,"comment_status":"closed","ping_status":"closed","template":"","meta":{"_acf_changed":false,"inline_featured_image":false,"footnotes":""},"class_list":["post-7400","page","type-page","status-publish","hentry"],"acf":[],"yoast_head":"<!-- This site is optimized with the Yoast SEO plugin v27.5 - https:\/\/yoast.com\/product\/yoast-seo-wordpress\/ -->\n<title>Datenschutzrichtlinie - Garda South Cycling<\/title>\n<meta name=\"description\" content=\"Lesen Sie unsere Datenschutzbestimmungen, um zu erfahren, wie Garda South Cycling die Sicherheit und Vertraulichkeit Ihrer Daten gew\u00e4hrleistet.\" \/>\n<meta name=\"robots\" content=\"index, follow, max-snippet:-1, max-image-preview:large, max-video-preview:-1\" \/>\n<link rel=\"canonical\" href=\"https:\/\/www.italybikehub.com\/de\/datenschutzbestimmungen\/\" \/>\n<meta property=\"og:locale\" content=\"de_DE\" \/>\n<meta property=\"og:type\" content=\"article\" \/>\n<meta property=\"og:title\" content=\"Datenschutzrichtlinie - Garda South Cycling\" \/>\n<meta property=\"og:description\" content=\"Lesen Sie unsere Datenschutzbestimmungen, um zu erfahren, wie Garda South Cycling die Sicherheit und Vertraulichkeit Ihrer Daten gew\u00e4hrleistet.\" \/>\n<meta property=\"og:url\" content=\"https:\/\/www.italybikehub.com\/de\/datenschutzbestimmungen\/\" \/>\n<meta property=\"og:site_name\" content=\"Garda South Cycling\" \/>\n<meta property=\"article:publisher\" content=\"https:\/\/www.facebook.com\/gardasouthcycling\/\" \/>\n<meta property=\"article:modified_time\" content=\"2024-11-06T12:01:06+00:00\" \/>\n<meta name=\"twitter:card\" content=\"summary_large_image\" \/>\n<meta name=\"twitter:label1\" content=\"Gesch\u00e4tzte Lesezeit\" \/>\n\t<meta name=\"twitter:data1\" content=\"4\u00a0Minuten\" \/>\n<script type=\"application\/ld+json\" class=\"yoast-schema-graph\">{\"@context\":\"https:\\\/\\\/schema.org\",\"@graph\":[{\"@type\":\"WebPage\",\"@id\":\"https:\\\/\\\/www.italybikehub.com\\\/de\\\/datenschutzbestimmungen\\\/\",\"url\":\"https:\\\/\\\/www.italybikehub.com\\\/de\\\/datenschutzbestimmungen\\\/\",\"name\":\"Datenschutzrichtlinie - Garda South Cycling\",\"isPartOf\":{\"@id\":\"https:\\\/\\\/www.italybikehub.com\\\/de\\\/#website\"},\"datePublished\":\"2024-10-19T08:33:45+00:00\",\"dateModified\":\"2024-11-06T12:01:06+00:00\",\"description\":\"Lesen Sie unsere Datenschutzbestimmungen, um zu erfahren, wie Garda South Cycling die Sicherheit und Vertraulichkeit Ihrer Daten gew\u00e4hrleistet.\",\"breadcrumb\":{\"@id\":\"https:\\\/\\\/www.italybikehub.com\\\/de\\\/datenschutzbestimmungen\\\/#breadcrumb\"},\"inLanguage\":\"de\",\"potentialAction\":[{\"@type\":\"ReadAction\",\"target\":[\"https:\\\/\\\/www.italybikehub.com\\\/de\\\/datenschutzbestimmungen\\\/\"]}]},{\"@type\":\"BreadcrumbList\",\"@id\":\"https:\\\/\\\/www.italybikehub.com\\\/de\\\/datenschutzbestimmungen\\\/#breadcrumb\",\"itemListElement\":[{\"@type\":\"ListItem\",\"position\":1,\"name\":\"Home\",\"item\":\"https:\\\/\\\/www.italybikehub.com\\\/de\\\/startseite\\\/\"},{\"@type\":\"ListItem\",\"position\":2,\"name\":\"Datenschutzbestimmungen\"}]},{\"@type\":\"WebSite\",\"@id\":\"https:\\\/\\\/www.italybikehub.com\\\/de\\\/#website\",\"url\":\"https:\\\/\\\/www.italybikehub.com\\\/de\\\/\",\"name\":\"Garda South Cycling\",\"description\":\"Noleggio Bici Peschiera del Garda\",\"publisher\":{\"@id\":\"https:\\\/\\\/www.italybikehub.com\\\/de\\\/#organization\"},\"potentialAction\":[{\"@type\":\"SearchAction\",\"target\":{\"@type\":\"EntryPoint\",\"urlTemplate\":\"https:\\\/\\\/www.italybikehub.com\\\/de\\\/?s={search_term_string}\"},\"query-input\":{\"@type\":\"PropertyValueSpecification\",\"valueRequired\":true,\"valueName\":\"search_term_string\"}}],\"inLanguage\":\"de\"},{\"@type\":\"Organization\",\"@id\":\"https:\\\/\\\/www.italybikehub.com\\\/de\\\/#organization\",\"name\":\"Garda South Cycling\",\"url\":\"https:\\\/\\\/www.italybikehub.com\\\/de\\\/\",\"logo\":{\"@type\":\"ImageObject\",\"inLanguage\":\"de\",\"@id\":\"https:\\\/\\\/www.italybikehub.com\\\/de\\\/#\\\/schema\\\/logo\\\/image\\\/\",\"url\":\"https:\\\/\\\/www.italybikehub.com\\\/wp-content\\\/uploads\\\/2024\\\/12\\\/Favicon-GSC.jpg\",\"contentUrl\":\"https:\\\/\\\/www.italybikehub.com\\\/wp-content\\\/uploads\\\/2024\\\/12\\\/Favicon-GSC.jpg\",\"width\":500,\"height\":500,\"caption\":\"Garda South Cycling\"},\"image\":{\"@id\":\"https:\\\/\\\/www.italybikehub.com\\\/de\\\/#\\\/schema\\\/logo\\\/image\\\/\"},\"sameAs\":[\"https:\\\/\\\/www.facebook.com\\\/gardasouthcycling\\\/\",\"https:\\\/\\\/www.instagram.com\\\/gardasouthcycling\\\/\"]}]}<\/script>\n<!-- \/ Yoast SEO plugin. -->","yoast_head_json":{"title":"Datenschutzrichtlinie - Garda South Cycling","description":"Lesen Sie unsere Datenschutzbestimmungen, um zu erfahren, wie Garda South Cycling die Sicherheit und Vertraulichkeit Ihrer Daten gew\u00e4hrleistet.","robots":{"index":"index","follow":"follow","max-snippet":"max-snippet:-1","max-image-preview":"max-image-preview:large","max-video-preview":"max-video-preview:-1"},"canonical":"https:\/\/www.italybikehub.com\/de\/datenschutzbestimmungen\/","og_locale":"de_DE","og_type":"article","og_title":"Datenschutzrichtlinie - Garda South Cycling","og_description":"Lesen Sie unsere Datenschutzbestimmungen, um zu erfahren, wie Garda South Cycling die Sicherheit und Vertraulichkeit Ihrer Daten gew\u00e4hrleistet.","og_url":"https:\/\/www.italybikehub.com\/de\/datenschutzbestimmungen\/","og_site_name":"Garda South Cycling","article_publisher":"https:\/\/www.facebook.com\/gardasouthcycling\/","article_modified_time":"2024-11-06T12:01:06+00:00","twitter_card":"summary_large_image","twitter_misc":{"Gesch\u00e4tzte Lesezeit":"4\u00a0Minuten"},"schema":{"@context":"https:\/\/schema.org","@graph":[{"@type":"WebPage","@id":"https:\/\/www.italybikehub.com\/de\/datenschutzbestimmungen\/","url":"https:\/\/www.italybikehub.com\/de\/datenschutzbestimmungen\/","name":"Datenschutzrichtlinie - Garda South Cycling","isPartOf":{"@id":"https:\/\/www.italybikehub.com\/de\/#website"},"datePublished":"2024-10-19T08:33:45+00:00","dateModified":"2024-11-06T12:01:06+00:00","description":"Lesen Sie unsere Datenschutzbestimmungen, um zu erfahren, wie Garda South Cycling die Sicherheit und Vertraulichkeit Ihrer Daten gew\u00e4hrleistet.","breadcrumb":{"@id":"https:\/\/www.italybikehub.com\/de\/datenschutzbestimmungen\/#breadcrumb"},"inLanguage":"de","potentialAction":[{"@type":"ReadAction","target":["https:\/\/www.italybikehub.com\/de\/datenschutzbestimmungen\/"]}]},{"@type":"BreadcrumbList","@id":"https:\/\/www.italybikehub.com\/de\/datenschutzbestimmungen\/#breadcrumb","itemListElement":[{"@type":"ListItem","position":1,"name":"Home","item":"https:\/\/www.italybikehub.com\/de\/startseite\/"},{"@type":"ListItem","position":2,"name":"Datenschutzbestimmungen"}]},{"@type":"WebSite","@id":"https:\/\/www.italybikehub.com\/de\/#website","url":"https:\/\/www.italybikehub.com\/de\/","name":"Garda South Cycling","description":"Noleggio Bici Peschiera del Garda","publisher":{"@id":"https:\/\/www.italybikehub.com\/de\/#organization"},"potentialAction":[{"@type":"SearchAction","target":{"@type":"EntryPoint","urlTemplate":"https:\/\/www.italybikehub.com\/de\/?s={search_term_string}"},"query-input":{"@type":"PropertyValueSpecification","valueRequired":true,"valueName":"search_term_string"}}],"inLanguage":"de"},{"@type":"Organization","@id":"https:\/\/www.italybikehub.com\/de\/#organization","name":"Garda South Cycling","url":"https:\/\/www.italybikehub.com\/de\/","logo":{"@type":"ImageObject","inLanguage":"de","@id":"https:\/\/www.italybikehub.com\/de\/#\/schema\/logo\/image\/","url":"https:\/\/www.italybikehub.com\/wp-content\/uploads\/2024\/12\/Favicon-GSC.jpg","contentUrl":"https:\/\/www.italybikehub.com\/wp-content\/uploads\/2024\/12\/Favicon-GSC.jpg","width":500,"height":500,"caption":"Garda South Cycling"},"image":{"@id":"https:\/\/www.italybikehub.com\/de\/#\/schema\/logo\/image\/"},"sameAs":["https:\/\/www.facebook.com\/gardasouthcycling\/","https:\/\/www.instagram.com\/gardasouthcycling\/"]}]}},"_links":{"self":[{"href":"https:\/\/www.italybikehub.com\/de\/wp-json\/wp\/v2\/pages\/7400","targetHints":{"allow":["GET"]}}],"collection":[{"href":"https:\/\/www.italybikehub.com\/de\/wp-json\/wp\/v2\/pages"}],"about":[{"href":"https:\/\/www.italybikehub.com\/de\/wp-json\/wp\/v2\/types\/page"}],"author":[{"embeddable":true,"href":"https:\/\/www.italybikehub.com\/de\/wp-json\/wp\/v2\/users\/1"}],"replies":[{"embeddable":true,"href":"https:\/\/www.italybikehub.com\/de\/wp-json\/wp\/v2\/comments?post=7400"}],"version-history":[{"count":0,"href":"https:\/\/www.italybikehub.com\/de\/wp-json\/wp\/v2\/pages\/7400\/revisions"}],"wp:attachment":[{"href":"https:\/\/www.italybikehub.com\/de\/wp-json\/wp\/v2\/media?parent=7400"}],"curies":[{"name":"wp","href":"https:\/\/api.w.org\/{rel}","templated":true}]}}