{"id":7360,"date":"2024-10-19T08:32:34","date_gmt":"2024-10-19T08:32:34","guid":{"rendered":"https:\/\/www.italybikehub.com\/cookie-richtlinie\/"},"modified":"2024-11-06T12:00:29","modified_gmt":"2024-11-06T12:00:29","slug":"cookie-richtlinie","status":"publish","type":"page","link":"https:\/\/www.italybikehub.com\/de\/cookie-richtlinie\/","title":{"rendered":"Cookie-Richtlinie"},"content":{"rendered":"\t\t<div data-elementor-type=\"wp-page\" data-elementor-id=\"7360\" class=\"elementor elementor-7360 elementor-4449\" data-elementor-post-type=\"page\">\n\t\t\t\t<div class=\"elementor-element elementor-element-d96f0c3 e-flex e-con-boxed e-con e-parent\" data-id=\"d96f0c3\" data-element_type=\"container\" data-e-type=\"container\">\n\t\t\t\t\t<div class=\"e-con-inner\">\n\t\t\t\t<div class=\"elementor-element elementor-element-782aeaf elementor-widget__width-initial elementor-widget elementor-widget-heading\" data-id=\"782aeaf\" data-element_type=\"widget\" data-e-type=\"widget\" data-widget_type=\"heading.default\">\n\t\t\t\t\t<h2 class=\"elementor-heading-title elementor-size-default\">Cookie-Richtlinie<\/h2>\t\t\t\t<\/div>\n\t\t\t\t\t<\/div>\n\t\t\t\t<\/div>\n\t\t<div class=\"elementor-element elementor-element-e93528b e-flex e-con-boxed e-con e-parent\" data-id=\"e93528b\" data-element_type=\"container\" data-e-type=\"container\">\n\t\t\t\t\t<div class=\"e-con-inner\">\n\t\t\t\t<div class=\"elementor-element elementor-element-3918f65 elementor-widget elementor-widget-text-editor\" data-id=\"3918f65\" data-element_type=\"widget\" data-e-type=\"widget\" data-widget_type=\"text-editor.default\">\n\t\t\t\t\t\t\t\t\t<p>Wenn Sie unsere Website besuchen, erhalten Sie automatisch ein oder mehrere Cookies. Der Hauptgrund, warum wir Cookies verwenden, ist, um sicherzustellen, dass wir optimale Dienste anbieten. Wir verwenden auch Cookies von Dritten, um Statistiken zu erstellen und das Nutzerverhalten zu analysieren. Diese Richtlinie soll Ihnen im Detail erkl\u00e4ren, welche Arten von Cookies wir verwenden, f\u00fcr welche Zwecke wir sie nutzen und wie Sie sie blockieren oder entfernen k\u00f6nnen.   <\/p>\n\t\t\t\t\t\t\t\t<\/div>\n\t\t\t\t\t<\/div>\n\t\t\t\t<\/div>\n\t\t<div class=\"elementor-element elementor-element-0cf9534 e-flex e-con-boxed e-con e-parent\" data-id=\"0cf9534\" data-element_type=\"container\" data-e-type=\"container\">\n\t\t\t\t\t<div class=\"e-con-inner\">\n\t\t\t\t<div class=\"elementor-element elementor-element-d4def9b elementor-widget elementor-widget-heading\" data-id=\"d4def9b\" data-element_type=\"widget\" data-e-type=\"widget\" data-widget_type=\"heading.default\">\n\t\t\t\t\t<h2 class=\"elementor-heading-title elementor-size-default\">Was ist ein Cookie?  <\/h2>\t\t\t\t<\/div>\n\t\t\t\t<div class=\"elementor-element elementor-element-2b9593d elementor-widget elementor-widget-text-editor\" data-id=\"2b9593d\" data-element_type=\"widget\" data-e-type=\"widget\" data-widget_type=\"text-editor.default\">\n\t\t\t\t\t\t\t\t\t<p>Wenn Sie unsere Website besuchen, erhalten Sie automatisch ein oder mehrere Cookies. Der Hauptgrund, warum wir Cookies verwenden, ist, um sicherzustellen, dass wir optimale Dienste anbieten. Wir verwenden auch Cookies von Dritten, um Statistiken zu erstellen und das Nutzerverhalten zu analysieren. Diese Richtlinie soll Ihnen im Detail erkl\u00e4ren, welche Arten von Cookies wir verwenden, f\u00fcr welche Zwecke wir sie einsetzen und wie Sie sie blockieren oder entfernen k\u00f6nnen.     <\/p>\n\t\t\t\t\t\t\t\t<\/div>\n\t\t\t\t<div class=\"elementor-element elementor-element-af2fbd5 elementor-widget elementor-widget-heading\" data-id=\"af2fbd5\" data-element_type=\"widget\" data-e-type=\"widget\" data-widget_type=\"heading.default\">\n\t\t\t\t\t<h2 class=\"elementor-heading-title elementor-size-default\">Wie Sie Cookies blockieren oder entfernen  <\/h2>\t\t\t\t<\/div>\n\t\t\t\t<div class=\"elementor-element elementor-element-62436a4 elementor-widget elementor-widget-text-editor\" data-id=\"62436a4\" data-element_type=\"widget\" data-e-type=\"widget\" data-widget_type=\"text-editor.default\">\n\t\t\t\t\t\t\t\t\t<p>Es gibt mehrere M\u00f6glichkeiten, Cookies und andere Tracking-Technologien zu verwalten. Indem Sie die Einstellungen Ihres Browsers \u00e4ndern, k\u00f6nnen Sie Cookies akzeptieren oder ablehnen oder sich daf\u00fcr entscheiden, eine Warnmeldung zu erhalten, bevor Sie ein Cookie von den von Ihnen besuchten Websites akzeptieren. Bitte beachten Sie, dass Sie bei vollst\u00e4ndiger Deaktivierung von Cookies in Ihrem Browser m\u00f6glicherweise nicht alle unsere interaktiven Funktionen nutzen k\u00f6nnen.  <\/p>\n<p>Wenn Sie mehrere Computer an verschiedenen Orten benutzen, stellen Sie sicher, dass jeder Browser Ihren W\u00fcnschen entsprechend eingestellt ist.<\/p>\n<p>Sie k\u00f6nnen alle im Cookie-Ordner Ihres Browsers installierten Cookies l\u00f6schen. Jeder Browser verf\u00fcgt \u00fcber unterschiedliche Verfahren zur Verwaltung der Einstellungen. Klicken Sie auf einen der unten stehenden Links, um spezifische Anweisungen zu erhalten.  <\/p>\n<p><span style=\"text-decoration: underline;\">Microsoft Windows Explorer<\/span><\/p>\n<p><span style=\"text-decoration: underline;\">Google Chrome<\/span><\/p>\n<p><span style=\"text-decoration: underline;\">Mozilla Firefox<\/span><\/p>\n<p><span style=\"text-decoration: underline;\">Apple Safari<\/span><\/p>\n\t\t\t\t\t\t\t\t<\/div>\n\t\t\t\t<div class=\"elementor-element elementor-element-ef8c654 elementor-widget elementor-widget-heading\" data-id=\"ef8c654\" data-element_type=\"widget\" data-e-type=\"widget\" data-widget_type=\"heading.default\">\n\t\t\t\t\t<h2 class=\"elementor-heading-title elementor-size-default\">Unsere Verwendung von Cookies  <\/h2>\t\t\t\t<\/div>\n\t\t\t\t<div class=\"elementor-element elementor-element-4631518 elementor-widget elementor-widget-text-editor\" data-id=\"4631518\" data-element_type=\"widget\" data-e-type=\"widget\" data-widget_type=\"text-editor.default\">\n\t\t\t\t\t\t\t\t\t<p>Cookies auf unserer Website k\u00f6nnen von uns, von Dritten, die einen Vertrag mit uns abgeschlossen haben, oder von unabh\u00e4ngigen Dritten, wie z.B. Werbekunden, gesetzt werden.<\/p>\n<p>Unsere Website verwendet sowohl &#8218;Sitzungs&#8216;- als auch &#8218;permanente&#8216; Cookies. Session&#8220;-Cookies speichern Informationen f\u00fcr jede einzelne Seite, die Sie besuchen, und filtern und vervollst\u00e4ndigen Suchvorg\u00e4nge, bevor die Sitzung endet. Dauerhafte&#8220; Cookies erm\u00f6glichen es unseren Websites, Sie bei Ihrem n\u00e4chsten Besuch wiederzuerkennen und bleiben auf Ihrem Computer gespeichert, bis sie gel\u00f6scht werden oder ein bestimmtes Ablaufdatum erreichen. Permanente Cookies, die infolge der Nutzung unserer Websites auf Ihrem Computer installiert werden, bleiben nie l\u00e4nger als 2 Jahre ab dem Datum Ihres letzten Besuchs gespeichert.   <\/p>\n<p>In der folgenden Tabelle finden Sie die verschiedenen Arten von Cookies, die wir verwenden (oder die von Dritten verwendet werden), die Gr\u00fcnde, warum wir sie verwenden, sowie Informationen, mit denen Sie Cookies kontrollieren oder mehr \u00fcber die auf unserer Website verwendeten Cookies erfahren k\u00f6nnen.<\/p>\n<p>Diese Cookie-Tabelle wurde von der <a href=\"https:\/\/cookiefirst.com\/\">Zustimmungsmanagement-Plattform CookieFirst<\/a> erstellt und aktualisiert <a href=\"https:\/\/cookiefirst.com\/\">.<\/a> <\/p>\n\t\t\t\t\t\t\t\t<\/div>\n\t\t\t\t<div class=\"elementor-element elementor-element-1a75f31 elementor-widget elementor-widget-heading\" data-id=\"1a75f31\" data-element_type=\"widget\" data-e-type=\"widget\" data-widget_type=\"heading.default\">\n\t\t\t\t\t<h2 class=\"elementor-heading-title elementor-size-default\">Zus\u00e4tzliche Informationen  <\/h2>\t\t\t\t<\/div>\n\t\t\t\t<div class=\"elementor-element elementor-element-4952cda elementor-widget elementor-widget-text-editor\" data-id=\"4952cda\" data-element_type=\"widget\" data-e-type=\"widget\" data-widget_type=\"text-editor.default\">\n\t\t\t\t\t\t\t\t\t<p>Wenn Sie Fragen zu dieser Richtlinie haben oder weitere Informationen \u00fcber die auf unserer Website verwendeten Cookies w\u00fcnschen, k\u00f6nnen Sie uns per E-Mail, Telefon oder \u00fcber die auf der Website bereitgestellten Kontaktformulare kontaktieren. Wir werden alle Anfragen an die verantwortliche Partei weiterleiten. <\/p>\n\t\t\t\t\t\t\t\t<\/div>\n\t\t\t\t\t<\/div>\n\t\t\t\t<\/div>\n\t\t\t\t<\/div>\n\t\t","protected":false},"excerpt":{"rendered":"<p>Cookie-Richtlinie Wenn Sie unsere Website besuchen, erhalten Sie automatisch ein oder mehrere Cookies. Der Hauptgrund, warum wir Cookies verwenden, ist, um sicherzustellen, dass wir optimale Dienste anbieten. Wir verwenden auch Cookies von Dritten, um Statistiken zu erstellen und das Nutzerverhalten zu analysieren. Diese Richtlinie soll Ihnen im Detail erkl\u00e4ren, welche Arten von Cookies wir verwenden, [&hellip;]<\/p>\n","protected":false},"author":1,"featured_media":0,"parent":0,"menu_order":0,"comment_status":"closed","ping_status":"closed","template":"","meta":{"_acf_changed":false,"inline_featured_image":false,"footnotes":""},"class_list":["post-7360","page","type-page","status-publish","hentry"],"acf":[],"yoast_head":"<!-- This site is optimized with the Yoast SEO plugin v27.5 - https:\/\/yoast.com\/product\/yoast-seo-wordpress\/ -->\n<title>Cookie-Richtlinie - Garda South Cycling<\/title>\n<meta name=\"description\" content=\"Erfahren Sie in unserer Cookie-Richtlinie, wie Garda South Cycling Cookies verwendet, um Ihr Surferlebnis zu verbessern.\" \/>\n<meta name=\"robots\" content=\"index, follow, max-snippet:-1, max-image-preview:large, max-video-preview:-1\" \/>\n<link rel=\"canonical\" href=\"https:\/\/www.italybikehub.com\/de\/cookie-richtlinie\/\" \/>\n<meta property=\"og:locale\" content=\"de_DE\" \/>\n<meta property=\"og:type\" content=\"article\" \/>\n<meta property=\"og:title\" content=\"Cookie-Richtlinie - Garda South Cycling\" \/>\n<meta property=\"og:description\" content=\"Erfahren Sie in unserer Cookie-Richtlinie, wie Garda South Cycling Cookies verwendet, um Ihr Surferlebnis zu verbessern.\" \/>\n<meta property=\"og:url\" content=\"https:\/\/www.italybikehub.com\/de\/cookie-richtlinie\/\" \/>\n<meta property=\"og:site_name\" content=\"Garda South Cycling\" \/>\n<meta property=\"article:publisher\" content=\"https:\/\/www.facebook.com\/gardasouthcycling\/\" \/>\n<meta property=\"article:modified_time\" content=\"2024-11-06T12:00:29+00:00\" \/>\n<meta name=\"twitter:card\" content=\"summary_large_image\" \/>\n<meta name=\"twitter:label1\" content=\"Gesch\u00e4tzte Lesezeit\" \/>\n\t<meta name=\"twitter:data1\" content=\"3\u00a0Minuten\" \/>\n<script type=\"application\/ld+json\" class=\"yoast-schema-graph\">{\"@context\":\"https:\\\/\\\/schema.org\",\"@graph\":[{\"@type\":\"WebPage\",\"@id\":\"https:\\\/\\\/www.italybikehub.com\\\/de\\\/cookie-richtlinie\\\/\",\"url\":\"https:\\\/\\\/www.italybikehub.com\\\/de\\\/cookie-richtlinie\\\/\",\"name\":\"Cookie-Richtlinie - Garda South Cycling\",\"isPartOf\":{\"@id\":\"https:\\\/\\\/www.italybikehub.com\\\/de\\\/#website\"},\"datePublished\":\"2024-10-19T08:32:34+00:00\",\"dateModified\":\"2024-11-06T12:00:29+00:00\",\"description\":\"Erfahren Sie in unserer Cookie-Richtlinie, wie Garda South Cycling Cookies verwendet, um Ihr Surferlebnis zu verbessern.\",\"breadcrumb\":{\"@id\":\"https:\\\/\\\/www.italybikehub.com\\\/de\\\/cookie-richtlinie\\\/#breadcrumb\"},\"inLanguage\":\"de\",\"potentialAction\":[{\"@type\":\"ReadAction\",\"target\":[\"https:\\\/\\\/www.italybikehub.com\\\/de\\\/cookie-richtlinie\\\/\"]}]},{\"@type\":\"BreadcrumbList\",\"@id\":\"https:\\\/\\\/www.italybikehub.com\\\/de\\\/cookie-richtlinie\\\/#breadcrumb\",\"itemListElement\":[{\"@type\":\"ListItem\",\"position\":1,\"name\":\"Home\",\"item\":\"https:\\\/\\\/www.italybikehub.com\\\/de\\\/startseite\\\/\"},{\"@type\":\"ListItem\",\"position\":2,\"name\":\"Cookie-Richtlinie\"}]},{\"@type\":\"WebSite\",\"@id\":\"https:\\\/\\\/www.italybikehub.com\\\/de\\\/#website\",\"url\":\"https:\\\/\\\/www.italybikehub.com\\\/de\\\/\",\"name\":\"Garda South Cycling\",\"description\":\"Noleggio Bici Peschiera del Garda\",\"publisher\":{\"@id\":\"https:\\\/\\\/www.italybikehub.com\\\/de\\\/#organization\"},\"potentialAction\":[{\"@type\":\"SearchAction\",\"target\":{\"@type\":\"EntryPoint\",\"urlTemplate\":\"https:\\\/\\\/www.italybikehub.com\\\/de\\\/?s={search_term_string}\"},\"query-input\":{\"@type\":\"PropertyValueSpecification\",\"valueRequired\":true,\"valueName\":\"search_term_string\"}}],\"inLanguage\":\"de\"},{\"@type\":\"Organization\",\"@id\":\"https:\\\/\\\/www.italybikehub.com\\\/de\\\/#organization\",\"name\":\"Garda South Cycling\",\"url\":\"https:\\\/\\\/www.italybikehub.com\\\/de\\\/\",\"logo\":{\"@type\":\"ImageObject\",\"inLanguage\":\"de\",\"@id\":\"https:\\\/\\\/www.italybikehub.com\\\/de\\\/#\\\/schema\\\/logo\\\/image\\\/\",\"url\":\"https:\\\/\\\/www.italybikehub.com\\\/wp-content\\\/uploads\\\/2024\\\/12\\\/Favicon-GSC.jpg\",\"contentUrl\":\"https:\\\/\\\/www.italybikehub.com\\\/wp-content\\\/uploads\\\/2024\\\/12\\\/Favicon-GSC.jpg\",\"width\":500,\"height\":500,\"caption\":\"Garda South Cycling\"},\"image\":{\"@id\":\"https:\\\/\\\/www.italybikehub.com\\\/de\\\/#\\\/schema\\\/logo\\\/image\\\/\"},\"sameAs\":[\"https:\\\/\\\/www.facebook.com\\\/gardasouthcycling\\\/\",\"https:\\\/\\\/www.instagram.com\\\/gardasouthcycling\\\/\"]}]}<\/script>\n<!-- \/ Yoast SEO plugin. -->","yoast_head_json":{"title":"Cookie-Richtlinie - Garda South Cycling","description":"Erfahren Sie in unserer Cookie-Richtlinie, wie Garda South Cycling Cookies verwendet, um Ihr Surferlebnis zu verbessern.","robots":{"index":"index","follow":"follow","max-snippet":"max-snippet:-1","max-image-preview":"max-image-preview:large","max-video-preview":"max-video-preview:-1"},"canonical":"https:\/\/www.italybikehub.com\/de\/cookie-richtlinie\/","og_locale":"de_DE","og_type":"article","og_title":"Cookie-Richtlinie - Garda South Cycling","og_description":"Erfahren Sie in unserer Cookie-Richtlinie, wie Garda South Cycling Cookies verwendet, um Ihr Surferlebnis zu verbessern.","og_url":"https:\/\/www.italybikehub.com\/de\/cookie-richtlinie\/","og_site_name":"Garda South Cycling","article_publisher":"https:\/\/www.facebook.com\/gardasouthcycling\/","article_modified_time":"2024-11-06T12:00:29+00:00","twitter_card":"summary_large_image","twitter_misc":{"Gesch\u00e4tzte Lesezeit":"3\u00a0Minuten"},"schema":{"@context":"https:\/\/schema.org","@graph":[{"@type":"WebPage","@id":"https:\/\/www.italybikehub.com\/de\/cookie-richtlinie\/","url":"https:\/\/www.italybikehub.com\/de\/cookie-richtlinie\/","name":"Cookie-Richtlinie - Garda South Cycling","isPartOf":{"@id":"https:\/\/www.italybikehub.com\/de\/#website"},"datePublished":"2024-10-19T08:32:34+00:00","dateModified":"2024-11-06T12:00:29+00:00","description":"Erfahren Sie in unserer Cookie-Richtlinie, wie Garda South Cycling Cookies verwendet, um Ihr Surferlebnis zu verbessern.","breadcrumb":{"@id":"https:\/\/www.italybikehub.com\/de\/cookie-richtlinie\/#breadcrumb"},"inLanguage":"de","potentialAction":[{"@type":"ReadAction","target":["https:\/\/www.italybikehub.com\/de\/cookie-richtlinie\/"]}]},{"@type":"BreadcrumbList","@id":"https:\/\/www.italybikehub.com\/de\/cookie-richtlinie\/#breadcrumb","itemListElement":[{"@type":"ListItem","position":1,"name":"Home","item":"https:\/\/www.italybikehub.com\/de\/startseite\/"},{"@type":"ListItem","position":2,"name":"Cookie-Richtlinie"}]},{"@type":"WebSite","@id":"https:\/\/www.italybikehub.com\/de\/#website","url":"https:\/\/www.italybikehub.com\/de\/","name":"Garda South Cycling","description":"Noleggio Bici Peschiera del Garda","publisher":{"@id":"https:\/\/www.italybikehub.com\/de\/#organization"},"potentialAction":[{"@type":"SearchAction","target":{"@type":"EntryPoint","urlTemplate":"https:\/\/www.italybikehub.com\/de\/?s={search_term_string}"},"query-input":{"@type":"PropertyValueSpecification","valueRequired":true,"valueName":"search_term_string"}}],"inLanguage":"de"},{"@type":"Organization","@id":"https:\/\/www.italybikehub.com\/de\/#organization","name":"Garda South Cycling","url":"https:\/\/www.italybikehub.com\/de\/","logo":{"@type":"ImageObject","inLanguage":"de","@id":"https:\/\/www.italybikehub.com\/de\/#\/schema\/logo\/image\/","url":"https:\/\/www.italybikehub.com\/wp-content\/uploads\/2024\/12\/Favicon-GSC.jpg","contentUrl":"https:\/\/www.italybikehub.com\/wp-content\/uploads\/2024\/12\/Favicon-GSC.jpg","width":500,"height":500,"caption":"Garda South Cycling"},"image":{"@id":"https:\/\/www.italybikehub.com\/de\/#\/schema\/logo\/image\/"},"sameAs":["https:\/\/www.facebook.com\/gardasouthcycling\/","https:\/\/www.instagram.com\/gardasouthcycling\/"]}]}},"_links":{"self":[{"href":"https:\/\/www.italybikehub.com\/de\/wp-json\/wp\/v2\/pages\/7360","targetHints":{"allow":["GET"]}}],"collection":[{"href":"https:\/\/www.italybikehub.com\/de\/wp-json\/wp\/v2\/pages"}],"about":[{"href":"https:\/\/www.italybikehub.com\/de\/wp-json\/wp\/v2\/types\/page"}],"author":[{"embeddable":true,"href":"https:\/\/www.italybikehub.com\/de\/wp-json\/wp\/v2\/users\/1"}],"replies":[{"embeddable":true,"href":"https:\/\/www.italybikehub.com\/de\/wp-json\/wp\/v2\/comments?post=7360"}],"version-history":[{"count":0,"href":"https:\/\/www.italybikehub.com\/de\/wp-json\/wp\/v2\/pages\/7360\/revisions"}],"wp:attachment":[{"href":"https:\/\/www.italybikehub.com\/de\/wp-json\/wp\/v2\/media?parent=7360"}],"curies":[{"name":"wp","href":"https:\/\/api.w.org\/{rel}","templated":true}]}}