{"id":7356,"date":"2024-10-19T08:18:15","date_gmt":"2024-10-19T08:18:15","guid":{"rendered":"https:\/\/www.italybikehub.com\/ueber-uns\/"},"modified":"2024-11-06T12:00:30","modified_gmt":"2024-11-06T12:00:30","slug":"ueber-uns","status":"publish","type":"page","link":"https:\/\/www.italybikehub.com\/de\/ueber-uns\/","title":{"rendered":"\u00dcber uns"},"content":{"rendered":"\t\t<div data-elementor-type=\"wp-page\" data-elementor-id=\"7356\" class=\"elementor elementor-7356 elementor-4424\" data-elementor-post-type=\"page\">\n\t\t\t\t<div class=\"elementor-element elementor-element-d3b7283 e-con-full e-flex e-con e-parent\" data-id=\"d3b7283\" data-element_type=\"container\" data-e-type=\"container\" data-settings=\"{&quot;background_background&quot;:&quot;classic&quot;}\">\n\t\t<div class=\"elementor-element elementor-element-7d071ce e-con-full e-flex e-con e-child\" data-id=\"7d071ce\" data-element_type=\"container\" data-e-type=\"container\">\n\t\t\t\t<div class=\"elementor-element elementor-element-e4638ad elementor-widget elementor-widget-breadcrumbs\" data-id=\"e4638ad\" data-element_type=\"widget\" data-e-type=\"widget\" data-widget_type=\"breadcrumbs.default\">\n\t\t\t\t\t<p id=\"breadcrumbs\"><span><span><a href=\"https:\/\/www.italybikehub.com\/de\/startseite\/\">Home<\/a><\/span><\/span><\/p>\t\t\t\t<\/div>\n\t\t\t\t<div class=\"elementor-element elementor-element-b2cb225 elementor-widget elementor-widget-heading\" data-id=\"b2cb225\" data-element_type=\"widget\" data-e-type=\"widget\" data-widget_type=\"heading.default\">\n\t\t\t\t\t<h1 class=\"elementor-heading-title elementor-size-default\">GSC: eine Idee, die aus der Liebe zur Region BassoGarda geboren wurde<\/h1>\t\t\t\t<\/div>\n\t\t\t\t<div class=\"elementor-element elementor-element-dfaead1 elementor-widget__width-initial elementor-widget elementor-widget-text-editor\" data-id=\"dfaead1\" data-element_type=\"widget\" data-e-type=\"widget\" data-widget_type=\"text-editor.default\">\n\t\t\t\t\t\t\t\t\t<p>Aus der <strong>Synergie einer Gruppe, die verschiedene Altersgruppen und Generationen vereint, entsteht GSC<\/strong>, ein Netzwerk von Unternehmen, die sich zum Ziel gesetzt haben, Erfahrungen und Dienstleistungen im Bereich der langsamen Mobilit\u00e4t zu entwickeln.<\/p>\n<p>Ein roter Faden, der den Fahrradverleih und -kauf, den Erfrischungsbereich und das Fahrradhotel zusammenhalten soll, die im Laufe der Jahre entstanden sind, um <strong>zur Aufwertung des Hinterlandes zwischen Gardasee und Mincio beizutragen<\/strong>.<\/p>\n<p>Die Suche nach einer <strong>M\u00f6glichkeit, der Hektik der Stadt und dem Massentourismus zu entfliehen<\/strong>, wird immer beliebter: Der Kontakt mit der Natur, die Authentizit\u00e4t der Produkte am Tisch und die Bedeutung einer langsamen und nachhaltigen Reise sind die Grundlage des umfassenden Angebots von Garda South Cycling.<\/p>\n\t\t\t\t\t\t\t\t<\/div>\n\t\t\t\t<\/div>\n\t\t<div class=\"elementor-element elementor-element-fdb9ad2 e-con-full e-flex e-con e-child\" data-id=\"fdb9ad2\" data-element_type=\"container\" data-e-type=\"container\" data-settings=\"{&quot;background_background&quot;:&quot;classic&quot;}\">\n\t\t\t\t<div class=\"elementor-element elementor-element-be85118 elementor-arrows-position-inside elementor-widget elementor-widget-image-carousel\" data-id=\"be85118\" data-element_type=\"widget\" data-e-type=\"widget\" data-settings=\"{&quot;slides_to_show&quot;:&quot;1&quot;,&quot;navigation&quot;:&quot;arrows&quot;,&quot;autoplay&quot;:&quot;yes&quot;,&quot;pause_on_hover&quot;:&quot;yes&quot;,&quot;pause_on_interaction&quot;:&quot;yes&quot;,&quot;autoplay_speed&quot;:5000,&quot;infinite&quot;:&quot;yes&quot;,&quot;effect&quot;:&quot;slide&quot;,&quot;speed&quot;:500}\" data-widget_type=\"image-carousel.default\">\n\t\t\t\t\t\t\t<div class=\"elementor-image-carousel-wrapper swiper\" role=\"region\" aria-roledescription=\"carousel\" aria-label=\"Bild Karussell\" dir=\"ltr\">\n\t\t\t<div class=\"elementor-image-carousel swiper-wrapper swiper-image-stretch\" aria-live=\"off\">\n\t\t\t\t\t\t\t\t<div class=\"swiper-slide\" role=\"group\" aria-roledescription=\"slide\" aria-label=\"1 von 3\"><figure class=\"swiper-slide-inner\"><img decoding=\"async\" class=\"swiper-slide-image\" src=\"https:\/\/www.italybikehub.com\/wp-content\/uploads\/elementor\/thumbs\/Lungo-il-Mincio-qyftj4pmp7ohsvs1jwlgdt6w2ozjqyle0f1m2d4jc4.png\" alt=\"Lungo il Mincio\" \/><\/figure><\/div><div class=\"swiper-slide\" role=\"group\" aria-roledescription=\"slide\" aria-label=\"2 von 3\"><figure class=\"swiper-slide-inner\"><img decoding=\"async\" class=\"swiper-slide-image\" src=\"https:\/\/www.italybikehub.com\/wp-content\/uploads\/elementor\/thumbs\/slider-chi-siamo--qyftj1w44pkmu1w50ddkobwiajdg3va70135mj8pus.png\" alt=\"slider chi siamo\" \/><\/figure><\/div><div class=\"swiper-slide\" role=\"group\" aria-roledescription=\"slide\" aria-label=\"3 von 3\"><figure class=\"swiper-slide-inner\"><img decoding=\"async\" class=\"swiper-slide-image\" src=\"https:\/\/www.italybikehub.com\/wp-content\/uploads\/elementor\/thumbs\/Slider-chi-siamo-2-qyftix6x6je7802yrtcftv37bm0m1drjbdtq85fopw.png\" alt=\"Slider chi siamo 2\" \/><\/figure><\/div>\t\t\t<\/div>\n\t\t\t\t\t\t\t\t\t\t\t\t<div class=\"elementor-swiper-button elementor-swiper-button-prev\" role=\"button\" tabindex=\"0\">\n\t\t\t\t\t\t<svg aria-hidden=\"true\" class=\"e-font-icon-svg e-eicon-chevron-left\" viewBox=\"0 0 1000 1000\" xmlns=\"http:\/\/www.w3.org\/2000\/svg\"><path d=\"M646 125C629 125 613 133 604 142L308 442C296 454 292 471 292 487 292 504 296 521 308 533L604 854C617 867 629 875 646 875 663 875 679 871 692 858 704 846 713 829 713 812 713 796 708 779 692 767L438 487 692 225C700 217 708 204 708 187 708 171 704 154 692 142 675 129 663 125 646 125Z\"><\/path><\/svg>\t\t\t\t\t<\/div>\n\t\t\t\t\t<div class=\"elementor-swiper-button elementor-swiper-button-next\" role=\"button\" tabindex=\"0\">\n\t\t\t\t\t\t<svg aria-hidden=\"true\" class=\"e-font-icon-svg e-eicon-chevron-right\" viewBox=\"0 0 1000 1000\" xmlns=\"http:\/\/www.w3.org\/2000\/svg\"><path d=\"M696 533C708 521 713 504 713 487 713 471 708 454 696 446L400 146C388 133 375 125 354 125 338 125 325 129 313 142 300 154 292 171 292 187 292 204 296 221 308 233L563 492 304 771C292 783 288 800 288 817 288 833 296 850 308 863 321 871 338 875 354 875 371 875 388 867 400 854L696 533Z\"><\/path><\/svg>\t\t\t\t\t<\/div>\n\t\t\t\t\n\t\t\t\t\t\t\t\t\t<\/div>\n\t\t\t\t\t\t<\/div>\n\t\t\t\t<\/div>\n\t\t\t\t<\/div>\n\t\t<div class=\"elementor-element elementor-element-3739f31 e-con-full e-flex e-con e-parent\" data-id=\"3739f31\" data-element_type=\"container\" data-e-type=\"container\" data-settings=\"{&quot;background_background&quot;:&quot;classic&quot;}\">\n\t\t\t\t<div class=\"elementor-element elementor-element-f31368a elementor-widget elementor-widget-heading\" data-id=\"f31368a\" data-element_type=\"widget\" data-e-type=\"widget\" data-widget_type=\"heading.default\">\n\t\t\t\t\t<h2 class=\"elementor-heading-title elementor-size-default\"><br>La Ciclopista del Sole und sein Engagement f\u00fcr die F\u00f6rderung der Nachhaltigkeit<\/h2>\t\t\t\t<\/div>\n\t\t\t\t<div class=\"elementor-element elementor-element-fef605c elementor-widget__width-initial elementor-widget elementor-widget-text-editor\" data-id=\"fef605c\" data-element_type=\"widget\" data-e-type=\"widget\" data-widget_type=\"text-editor.default\">\n\t\t\t\t\t\t\t\t\t<p>Der Mincio-Radweg ist Teil des Radwegenetzes in der Region BassoGarda. Er ist Teil der <strong>europ\u00e4ischen Radroute EV7<\/strong>, der sogenannten &#8218;Ciclopista del Sole&#8216;. <\/p>\n<p>Das BassoGarda-Gebiet zeichnet sich durch seine <strong>hohe \u00f6kologische, kulturelle und naturalistische Qualit\u00e4t<\/strong> aus: ein Ort, an dem man etwas \u00fcber die Natur lernen und im Gleichgewicht mit ihr leben kann.<\/p>\n<p>Hinter diesem Projekt stehen Menschen mit unterschiedlichem Hintergrund, die durch ihre Liebe zu der Gegend, in der sie jeden Tag leben und arbeiten, vereint sind. Ihr Engagement f\u00fcr die <strong>F\u00f6rderung der Nachhaltigkeit in der Region besteht schon seit mehreren Jahren<\/strong>, noch bevor sie sich kennenlernten. <\/p>\n<p>Angefangen bei der Ern\u00e4hrung mit Bio- und Null-Kilometer-Angeboten bis hin zu einer nachhaltigeren Art des Reisens mit dem Fahrradhotel und dem Fahrradverleih hat das Mincio-Gebiet eine <strong>wichtige Reise zur F\u00f6rderung eines langsamen Tourismus<\/strong> begonnen <strong>, der auf das Gebiet achtet.<\/strong><\/p>\n\t\t\t\t\t\t\t\t<\/div>\n\t\t\t\t<\/div>\n\t\t<div class=\"elementor-element elementor-element-3e40132 e-con-full e-flex e-con e-parent\" data-id=\"3e40132\" data-element_type=\"container\" data-e-type=\"container\" data-settings=\"{&quot;background_background&quot;:&quot;classic&quot;}\">\n\t\t<div class=\"elementor-element elementor-element-72276a0 e-con-full e-flex e-con e-child\" data-id=\"72276a0\" data-element_type=\"container\" data-e-type=\"container\">\n\t\t\t\t<div class=\"elementor-element elementor-element-8bd0db8 elementor-widget elementor-widget-heading\" data-id=\"8bd0db8\" data-element_type=\"widget\" data-e-type=\"widget\" data-widget_type=\"heading.default\">\n\t\t\t\t\t<h2 class=\"elementor-heading-title elementor-size-default\"><br> Luca Bertagna und seine Leidenschaft f\u00fcr Fahrr\u00e4der<\/h2>\t\t\t\t<\/div>\n\t\t\t\t<div class=\"elementor-element elementor-element-d2eeaa5 elementor-widget elementor-widget-text-editor\" data-id=\"d2eeaa5\" data-element_type=\"widget\" data-e-type=\"widget\" data-widget_type=\"text-editor.default\">\n\t\t\t\t\t\t\t\t\t<p>Nach seiner Ausbildung zum <strong>Radwanderf\u00fchrer<\/strong> beschloss <strong>Luca Bertagna<\/strong>, ein junger Fahrradunternehmer zu werden. Er er\u00f6ffnete sein eigenes Unternehmen, &#8218;Mincio in Bike&#8216;, das Fahrr\u00e4der vermietet und verkauft. <\/p>\n<p>Im Laufe der Jahre setzt sie die Aktivit\u00e4t um, indem sie <strong>Raderlebnisse entlang des Radweges<\/strong> anbietet und ein <strong>dichtes Netz von Kooperationen<\/strong> mit BassoGarda-Unterk\u00fcnften schafft. Sie er\u00f6ffnet zwei Verleihstellen entlang des Mincio in Salionze und Peschiera und ein Gesch\u00e4ft mit einer mechanischen Werkstatt in Peschiera. <\/p>\n\t\t\t\t\t\t\t\t<\/div>\n\t\t\t\t<\/div>\n\t\t<div class=\"elementor-element elementor-element-da76770 e-con-full e-flex e-con e-child\" data-id=\"da76770\" data-element_type=\"container\" data-e-type=\"container\" data-settings=\"{&quot;background_background&quot;:&quot;classic&quot;}\">\n\t\t\t\t<div class=\"elementor-element elementor-element-1f95502 elementor-widget elementor-widget-image\" data-id=\"1f95502\" data-element_type=\"widget\" data-e-type=\"widget\" data-widget_type=\"image.default\">\n\t\t\t\t\t\t\t\t\t\t\t\t\t\t\t<img fetchpriority=\"high\" decoding=\"async\" width=\"700\" height=\"700\" src=\"https:\/\/www.italybikehub.com\/wp-content\/uploads\/2021\/07\/chi-siamo-luca.jpg\" class=\"attachment-large size-large wp-image-5290\" alt=\"\" srcset=\"https:\/\/www.italybikehub.com\/wp-content\/uploads\/2021\/07\/chi-siamo-luca.jpg 700w, https:\/\/www.italybikehub.com\/wp-content\/uploads\/2021\/07\/chi-siamo-luca-300x300.jpg 300w, https:\/\/www.italybikehub.com\/wp-content\/uploads\/2021\/07\/chi-siamo-luca-150x150.jpg 150w\" sizes=\"(max-width: 700px) 100vw, 700px\" \/>\t\t\t\t\t\t\t\t\t\t\t\t\t\t\t<\/div>\n\t\t\t\t<\/div>\n\t\t\t\t<\/div>\n\t\t\t\t<\/div>\n\t\t","protected":false},"excerpt":{"rendered":"<p>GSC: eine Idee, die aus der Liebe zur Region BassoGarda geboren wurde Aus der Synergie einer Gruppe, die verschiedene Altersgruppen und Generationen vereint, entsteht GSC, ein Netzwerk von Unternehmen, die sich zum Ziel gesetzt haben, Erfahrungen und Dienstleistungen im Bereich der langsamen Mobilit\u00e4t zu entwickeln. Ein roter Faden, der den Fahrradverleih und -kauf, den Erfrischungsbereich [&hellip;]<\/p>\n","protected":false},"author":1,"featured_media":0,"parent":0,"menu_order":0,"comment_status":"closed","ping_status":"closed","template":"","meta":{"_acf_changed":false,"inline_featured_image":false,"footnotes":""},"class_list":["post-7356","page","type-page","status-publish","hentry"],"acf":[],"yoast_head":"<!-- This site is optimized with the Yoast SEO plugin v27.5 - https:\/\/yoast.com\/product\/yoast-seo-wordpress\/ -->\n<title>Wer wir sind und was wir tun - Garda South Cycling<\/title>\n<meta name=\"description\" content=\"Discover Garda South Cycling: eine Realit\u00e4t, die aus der Liebe zum Unteren Gardasee und dem Wunsch entstanden ist, unvergessliche Erlebnisse an diesen Orten zu schaffen.\" \/>\n<meta name=\"robots\" content=\"index, follow, max-snippet:-1, max-image-preview:large, max-video-preview:-1\" \/>\n<link rel=\"canonical\" href=\"https:\/\/www.italybikehub.com\/de\/ueber-uns\/\" \/>\n<meta property=\"og:locale\" content=\"de_DE\" \/>\n<meta property=\"og:type\" content=\"article\" \/>\n<meta property=\"og:title\" content=\"Wer wir sind und was wir tun - Garda South Cycling\" \/>\n<meta property=\"og:description\" content=\"Discover Garda South Cycling: eine Realit\u00e4t, die aus der Liebe zum Unteren Gardasee und dem Wunsch entstanden ist, unvergessliche Erlebnisse an diesen Orten zu schaffen.\" \/>\n<meta property=\"og:url\" content=\"https:\/\/www.italybikehub.com\/de\/ueber-uns\/\" \/>\n<meta property=\"og:site_name\" content=\"Garda South Cycling\" \/>\n<meta property=\"article:publisher\" content=\"https:\/\/www.facebook.com\/gardasouthcycling\/\" \/>\n<meta property=\"article:modified_time\" content=\"2024-11-06T12:00:30+00:00\" \/>\n<meta property=\"og:image\" content=\"https:\/\/www.italybikehub.com\/wp-content\/uploads\/elementor\/thumbs\/Lungo-il-Mincio-qwk5o2tzev8o1txapgrj2ubt710siw71a09ll3iu3o.png\" \/>\n<meta name=\"twitter:card\" content=\"summary_large_image\" \/>\n<meta name=\"twitter:label1\" content=\"Gesch\u00e4tzte Lesezeit\" \/>\n\t<meta name=\"twitter:data1\" content=\"2\u00a0Minuten\" \/>\n<script type=\"application\/ld+json\" class=\"yoast-schema-graph\">{\"@context\":\"https:\\\/\\\/schema.org\",\"@graph\":[{\"@type\":\"WebPage\",\"@id\":\"https:\\\/\\\/www.italybikehub.com\\\/de\\\/ueber-uns\\\/\",\"url\":\"https:\\\/\\\/www.italybikehub.com\\\/de\\\/ueber-uns\\\/\",\"name\":\"Wer wir sind und was wir tun - Garda South Cycling\",\"isPartOf\":{\"@id\":\"https:\\\/\\\/www.italybikehub.com\\\/de\\\/#website\"},\"primaryImageOfPage\":{\"@id\":\"https:\\\/\\\/www.italybikehub.com\\\/de\\\/ueber-uns\\\/#primaryimage\"},\"image\":{\"@id\":\"https:\\\/\\\/www.italybikehub.com\\\/de\\\/ueber-uns\\\/#primaryimage\"},\"thumbnailUrl\":\"https:\\\/\\\/www.italybikehub.com\\\/wp-content\\\/uploads\\\/elementor\\\/thumbs\\\/Lungo-il-Mincio-qwk5o2tzev8o1txapgrj2ubt710siw71a09ll3iu3o.png\",\"datePublished\":\"2024-10-19T08:18:15+00:00\",\"dateModified\":\"2024-11-06T12:00:30+00:00\",\"description\":\"Discover Garda South Cycling: eine Realit\u00e4t, die aus der Liebe zum Unteren Gardasee und dem Wunsch entstanden ist, unvergessliche Erlebnisse an diesen Orten zu schaffen.\",\"breadcrumb\":{\"@id\":\"https:\\\/\\\/www.italybikehub.com\\\/de\\\/ueber-uns\\\/#breadcrumb\"},\"inLanguage\":\"de\",\"potentialAction\":[{\"@type\":\"ReadAction\",\"target\":[\"https:\\\/\\\/www.italybikehub.com\\\/de\\\/ueber-uns\\\/\"]}]},{\"@type\":\"ImageObject\",\"inLanguage\":\"de\",\"@id\":\"https:\\\/\\\/www.italybikehub.com\\\/de\\\/ueber-uns\\\/#primaryimage\",\"url\":\"https:\\\/\\\/www.italybikehub.com\\\/wp-content\\\/uploads\\\/elementor\\\/thumbs\\\/Lungo-il-Mincio-qwk5o2tzev8o1txapgrj2ubt710siw71a09ll3iu3o.png\",\"contentUrl\":\"https:\\\/\\\/www.italybikehub.com\\\/wp-content\\\/uploads\\\/elementor\\\/thumbs\\\/Lungo-il-Mincio-qwk5o2tzev8o1txapgrj2ubt710siw71a09ll3iu3o.png\"},{\"@type\":\"BreadcrumbList\",\"@id\":\"https:\\\/\\\/www.italybikehub.com\\\/de\\\/ueber-uns\\\/#breadcrumb\",\"itemListElement\":[{\"@type\":\"ListItem\",\"position\":1,\"name\":\"Home\",\"item\":\"https:\\\/\\\/www.italybikehub.com\\\/de\\\/startseite\\\/\"},{\"@type\":\"ListItem\",\"position\":2,\"name\":\"\u00dcber uns\"}]},{\"@type\":\"WebSite\",\"@id\":\"https:\\\/\\\/www.italybikehub.com\\\/de\\\/#website\",\"url\":\"https:\\\/\\\/www.italybikehub.com\\\/de\\\/\",\"name\":\"Garda South Cycling\",\"description\":\"Noleggio Bici Peschiera del Garda\",\"publisher\":{\"@id\":\"https:\\\/\\\/www.italybikehub.com\\\/de\\\/#organization\"},\"potentialAction\":[{\"@type\":\"SearchAction\",\"target\":{\"@type\":\"EntryPoint\",\"urlTemplate\":\"https:\\\/\\\/www.italybikehub.com\\\/de\\\/?s={search_term_string}\"},\"query-input\":{\"@type\":\"PropertyValueSpecification\",\"valueRequired\":true,\"valueName\":\"search_term_string\"}}],\"inLanguage\":\"de\"},{\"@type\":\"Organization\",\"@id\":\"https:\\\/\\\/www.italybikehub.com\\\/de\\\/#organization\",\"name\":\"Garda South Cycling\",\"url\":\"https:\\\/\\\/www.italybikehub.com\\\/de\\\/\",\"logo\":{\"@type\":\"ImageObject\",\"inLanguage\":\"de\",\"@id\":\"https:\\\/\\\/www.italybikehub.com\\\/de\\\/#\\\/schema\\\/logo\\\/image\\\/\",\"url\":\"https:\\\/\\\/www.italybikehub.com\\\/wp-content\\\/uploads\\\/2024\\\/12\\\/Favicon-GSC.jpg\",\"contentUrl\":\"https:\\\/\\\/www.italybikehub.com\\\/wp-content\\\/uploads\\\/2024\\\/12\\\/Favicon-GSC.jpg\",\"width\":500,\"height\":500,\"caption\":\"Garda South Cycling\"},\"image\":{\"@id\":\"https:\\\/\\\/www.italybikehub.com\\\/de\\\/#\\\/schema\\\/logo\\\/image\\\/\"},\"sameAs\":[\"https:\\\/\\\/www.facebook.com\\\/gardasouthcycling\\\/\",\"https:\\\/\\\/www.instagram.com\\\/gardasouthcycling\\\/\"]}]}<\/script>\n<!-- \/ Yoast SEO plugin. -->","yoast_head_json":{"title":"Wer wir sind und was wir tun - Garda South Cycling","description":"Discover Garda South Cycling: eine Realit\u00e4t, die aus der Liebe zum Unteren Gardasee und dem Wunsch entstanden ist, unvergessliche Erlebnisse an diesen Orten zu schaffen.","robots":{"index":"index","follow":"follow","max-snippet":"max-snippet:-1","max-image-preview":"max-image-preview:large","max-video-preview":"max-video-preview:-1"},"canonical":"https:\/\/www.italybikehub.com\/de\/ueber-uns\/","og_locale":"de_DE","og_type":"article","og_title":"Wer wir sind und was wir tun - Garda South Cycling","og_description":"Discover Garda South Cycling: eine Realit\u00e4t, die aus der Liebe zum Unteren Gardasee und dem Wunsch entstanden ist, unvergessliche Erlebnisse an diesen Orten zu schaffen.","og_url":"https:\/\/www.italybikehub.com\/de\/ueber-uns\/","og_site_name":"Garda South Cycling","article_publisher":"https:\/\/www.facebook.com\/gardasouthcycling\/","article_modified_time":"2024-11-06T12:00:30+00:00","og_image":[{"url":"https:\/\/www.italybikehub.com\/wp-content\/uploads\/elementor\/thumbs\/Lungo-il-Mincio-qwk5o2tzev8o1txapgrj2ubt710siw71a09ll3iu3o.png","type":"","width":"","height":""}],"twitter_card":"summary_large_image","twitter_misc":{"Gesch\u00e4tzte Lesezeit":"2\u00a0Minuten"},"schema":{"@context":"https:\/\/schema.org","@graph":[{"@type":"WebPage","@id":"https:\/\/www.italybikehub.com\/de\/ueber-uns\/","url":"https:\/\/www.italybikehub.com\/de\/ueber-uns\/","name":"Wer wir sind und was wir tun - Garda South Cycling","isPartOf":{"@id":"https:\/\/www.italybikehub.com\/de\/#website"},"primaryImageOfPage":{"@id":"https:\/\/www.italybikehub.com\/de\/ueber-uns\/#primaryimage"},"image":{"@id":"https:\/\/www.italybikehub.com\/de\/ueber-uns\/#primaryimage"},"thumbnailUrl":"https:\/\/www.italybikehub.com\/wp-content\/uploads\/elementor\/thumbs\/Lungo-il-Mincio-qwk5o2tzev8o1txapgrj2ubt710siw71a09ll3iu3o.png","datePublished":"2024-10-19T08:18:15+00:00","dateModified":"2024-11-06T12:00:30+00:00","description":"Discover Garda South Cycling: eine Realit\u00e4t, die aus der Liebe zum Unteren Gardasee und dem Wunsch entstanden ist, unvergessliche Erlebnisse an diesen Orten zu schaffen.","breadcrumb":{"@id":"https:\/\/www.italybikehub.com\/de\/ueber-uns\/#breadcrumb"},"inLanguage":"de","potentialAction":[{"@type":"ReadAction","target":["https:\/\/www.italybikehub.com\/de\/ueber-uns\/"]}]},{"@type":"ImageObject","inLanguage":"de","@id":"https:\/\/www.italybikehub.com\/de\/ueber-uns\/#primaryimage","url":"https:\/\/www.italybikehub.com\/wp-content\/uploads\/elementor\/thumbs\/Lungo-il-Mincio-qwk5o2tzev8o1txapgrj2ubt710siw71a09ll3iu3o.png","contentUrl":"https:\/\/www.italybikehub.com\/wp-content\/uploads\/elementor\/thumbs\/Lungo-il-Mincio-qwk5o2tzev8o1txapgrj2ubt710siw71a09ll3iu3o.png"},{"@type":"BreadcrumbList","@id":"https:\/\/www.italybikehub.com\/de\/ueber-uns\/#breadcrumb","itemListElement":[{"@type":"ListItem","position":1,"name":"Home","item":"https:\/\/www.italybikehub.com\/de\/startseite\/"},{"@type":"ListItem","position":2,"name":"\u00dcber uns"}]},{"@type":"WebSite","@id":"https:\/\/www.italybikehub.com\/de\/#website","url":"https:\/\/www.italybikehub.com\/de\/","name":"Garda South Cycling","description":"Noleggio Bici Peschiera del Garda","publisher":{"@id":"https:\/\/www.italybikehub.com\/de\/#organization"},"potentialAction":[{"@type":"SearchAction","target":{"@type":"EntryPoint","urlTemplate":"https:\/\/www.italybikehub.com\/de\/?s={search_term_string}"},"query-input":{"@type":"PropertyValueSpecification","valueRequired":true,"valueName":"search_term_string"}}],"inLanguage":"de"},{"@type":"Organization","@id":"https:\/\/www.italybikehub.com\/de\/#organization","name":"Garda South Cycling","url":"https:\/\/www.italybikehub.com\/de\/","logo":{"@type":"ImageObject","inLanguage":"de","@id":"https:\/\/www.italybikehub.com\/de\/#\/schema\/logo\/image\/","url":"https:\/\/www.italybikehub.com\/wp-content\/uploads\/2024\/12\/Favicon-GSC.jpg","contentUrl":"https:\/\/www.italybikehub.com\/wp-content\/uploads\/2024\/12\/Favicon-GSC.jpg","width":500,"height":500,"caption":"Garda South Cycling"},"image":{"@id":"https:\/\/www.italybikehub.com\/de\/#\/schema\/logo\/image\/"},"sameAs":["https:\/\/www.facebook.com\/gardasouthcycling\/","https:\/\/www.instagram.com\/gardasouthcycling\/"]}]}},"_links":{"self":[{"href":"https:\/\/www.italybikehub.com\/de\/wp-json\/wp\/v2\/pages\/7356","targetHints":{"allow":["GET"]}}],"collection":[{"href":"https:\/\/www.italybikehub.com\/de\/wp-json\/wp\/v2\/pages"}],"about":[{"href":"https:\/\/www.italybikehub.com\/de\/wp-json\/wp\/v2\/types\/page"}],"author":[{"embeddable":true,"href":"https:\/\/www.italybikehub.com\/de\/wp-json\/wp\/v2\/users\/1"}],"replies":[{"embeddable":true,"href":"https:\/\/www.italybikehub.com\/de\/wp-json\/wp\/v2\/comments?post=7356"}],"version-history":[{"count":0,"href":"https:\/\/www.italybikehub.com\/de\/wp-json\/wp\/v2\/pages\/7356\/revisions"}],"wp:attachment":[{"href":"https:\/\/www.italybikehub.com\/de\/wp-json\/wp\/v2\/media?parent=7356"}],"curies":[{"name":"wp","href":"https:\/\/api.w.org\/{rel}","templated":true}]}}