{"id":7325,"date":"2024-10-19T08:33:39","date_gmt":"2024-10-19T08:33:39","guid":{"rendered":"https:\/\/www.italybikehub.com\/planen-sie-ihren-urlaub\/"},"modified":"2025-04-18T07:18:29","modified_gmt":"2025-04-18T07:18:29","slug":"planen-sie-ihren-urlaub","status":"publish","type":"page","link":"https:\/\/www.italybikehub.com\/de\/planen-sie-ihren-urlaub\/","title":{"rendered":"Planen Sie Ihren Urlaub"},"content":{"rendered":"\t\t<div data-elementor-type=\"wp-page\" data-elementor-id=\"7325\" class=\"elementor elementor-7325 elementor-4465\" data-elementor-post-type=\"page\">\n\t\t\t\t<div class=\"elementor-element elementor-element-51d6a25 e-con-full e-flex e-con e-parent\" data-id=\"51d6a25\" data-element_type=\"container\" data-e-type=\"container\" data-settings=\"{&quot;background_background&quot;:&quot;classic&quot;}\">\n\t\t<div class=\"elementor-element elementor-element-3c7f9fc e-con-full e-flex e-con e-child\" data-id=\"3c7f9fc\" data-element_type=\"container\" data-e-type=\"container\">\n\t\t\t\t<div class=\"elementor-element elementor-element-33d980b elementor-widget elementor-widget-breadcrumbs\" data-id=\"33d980b\" data-element_type=\"widget\" data-e-type=\"widget\" data-widget_type=\"breadcrumbs.default\">\n\t\t\t\t\t<p id=\"breadcrumbs\"><span><span><a href=\"https:\/\/www.italybikehub.com\/de\/startseite\/\">Home<\/a><\/span><\/span><\/p>\t\t\t\t<\/div>\n\t\t\t\t<div class=\"elementor-element elementor-element-1191083 elementor-widget elementor-widget-heading\" data-id=\"1191083\" data-element_type=\"widget\" data-e-type=\"widget\" data-widget_type=\"heading.default\">\n\t\t\t\t\t<h1 class=\"elementor-heading-title elementor-size-default\">Urlaubspakete und Aktivit\u00e4ten am und um den Gardasee<\/h1>\t\t\t\t<\/div>\n\t\t\t\t<div class=\"elementor-element elementor-element-d7118be elementor-widget__width-initial elementor-widget elementor-widget-text-editor\" data-id=\"d7118be\" data-element_type=\"widget\" data-e-type=\"widget\" data-widget_type=\"text-editor.default\">\n\t\t\t\t\t\t\t\t\tAm Gardasee warten viele verschiedene Erlebnisse und Aktivit\u00e4ten auf Sie! Was auch immer Ihre Bed\u00fcrfnisse sind, <strong>Garda South Cycling<\/strong> <strong>hat das richtige Angebot f\u00fcr Sie. <\/strong>  \t\t\t\t\t\t\t\t<\/div>\n\t\t\t\t<\/div>\n\t\t<div class=\"elementor-element elementor-element-8d1b766 e-con-full e-flex e-con e-child\" data-id=\"8d1b766\" data-element_type=\"container\" data-e-type=\"container\" data-settings=\"{&quot;background_background&quot;:&quot;classic&quot;}\">\n\t\t\t\t<\/div>\n\t\t\t\t<\/div>\n\t\t<div class=\"elementor-element elementor-element-ee6a3d0 e-con-full e-flex e-con e-parent\" data-id=\"ee6a3d0\" data-element_type=\"container\" data-e-type=\"container\" data-settings=\"{&quot;background_background&quot;:&quot;classic&quot;}\">\n\t\t<a class=\"elementor-element elementor-element-dfdce2d e-con-full e-flex e-con e-child\" data-id=\"dfdce2d\" data-element_type=\"container\" data-e-type=\"container\" data-settings=\"{&quot;background_background&quot;:&quot;classic&quot;}\" href=\"https:\/\/italybikehub.com\/gruppi-scolastici\/\">\n\t\t\t\t<div class=\"elementor-element elementor-element-a5c5e47 elementor-widget__width-initial elementor-widget elementor-widget-heading\" data-id=\"a5c5e47\" data-element_type=\"widget\" data-e-type=\"widget\" data-widget_type=\"heading.default\">\n\t\t\t\t\t<h3 class=\"elementor-heading-title elementor-size-default\">Schulklassen<\/h3>\t\t\t\t<\/div>\n\t\t\t\t<\/a>\n\t\t<a class=\"elementor-element elementor-element-760eea8 e-con-full e-flex e-con e-child\" data-id=\"760eea8\" data-element_type=\"container\" data-e-type=\"container\" data-settings=\"{&quot;background_background&quot;:&quot;classic&quot;}\" href=\"https:\/\/italybikehub.com\/famiglia\/\">\n\t\t\t\t<div class=\"elementor-element elementor-element-6ae0677 elementor-widget__width-initial elementor-widget elementor-widget-heading\" data-id=\"6ae0677\" data-element_type=\"widget\" data-e-type=\"widget\" data-widget_type=\"heading.default\">\n\t\t\t\t\t<h3 class=\"elementor-heading-title elementor-size-default\">Familie<\/h3>\t\t\t\t<\/div>\n\t\t\t\t<\/a>\n\t\t<a class=\"elementor-element elementor-element-61aed39 e-con-full e-flex e-con e-child\" data-id=\"61aed39\" data-element_type=\"container\" data-e-type=\"container\" data-settings=\"{&quot;background_background&quot;:&quot;classic&quot;}\" href=\"https:\/\/italybikehub.com\/addio-al-nubilato-celibato\/\">\n\t\t\t\t<div class=\"elementor-element elementor-element-357802b elementor-widget__width-initial elementor-widget elementor-widget-heading\" data-id=\"357802b\" data-element_type=\"widget\" data-e-type=\"widget\" data-widget_type=\"heading.default\">\n\t\t\t\t\t<h3 class=\"elementor-heading-title elementor-size-default\">Junggesellinnenabschiede und Junggesellenabschiede<\/h3>\t\t\t\t<\/div>\n\t\t\t\t<\/a>\n\t\t<a class=\"elementor-element elementor-element-f85dbfd e-con-full e-flex e-con e-child\" data-id=\"f85dbfd\" data-element_type=\"container\" data-e-type=\"container\" data-settings=\"{&quot;background_background&quot;:&quot;classic&quot;}\" href=\"https:\/\/italybikehub.com\/team-building\/\">\n\t\t\t\t<div class=\"elementor-element elementor-element-7e5d959 elementor-widget__width-initial elementor-widget elementor-widget-heading\" data-id=\"7e5d959\" data-element_type=\"widget\" data-e-type=\"widget\" data-widget_type=\"heading.default\">\n\t\t\t\t\t<h3 class=\"elementor-heading-title elementor-size-default\">Teambildung<\/h3>\t\t\t\t<\/div>\n\t\t\t\t<\/a>\n\t\t<a class=\"elementor-element elementor-element-f3906e4 e-con-full e-flex e-con e-child\" data-id=\"f3906e4\" data-element_type=\"container\" data-e-type=\"container\" data-settings=\"{&quot;background_background&quot;:&quot;classic&quot;}\" href=\"https:\/\/www.italybikehub.com\/de\/hotels-und-agenturen\/\">\n\t\t\t\t<div class=\"elementor-element elementor-element-2ce12d1 elementor-widget__width-initial elementor-widget elementor-widget-heading\" data-id=\"2ce12d1\" data-element_type=\"widget\" data-e-type=\"widget\" data-widget_type=\"heading.default\">\n\t\t\t\t\t<h3 class=\"elementor-heading-title elementor-size-default\">Hotels &amp; Agenturen<\/h3>\t\t\t\t<\/div>\n\t\t\t\t<\/a>\n\t\t\t\t<\/div>\n\t\t<div class=\"elementor-element elementor-element-fa3fead e-con-full e-flex e-con e-parent\" data-id=\"fa3fead\" data-element_type=\"container\" data-e-type=\"container\" data-settings=\"{&quot;background_background&quot;:&quot;classic&quot;}\">\n\t\t\t\t<div class=\"elementor-element elementor-element-72fba09 elementor-widget elementor-widget-heading\" data-id=\"72fba09\" data-element_type=\"widget\" data-e-type=\"widget\" data-widget_type=\"heading.default\">\n\t\t\t\t\t<h2 class=\"elementor-heading-title elementor-size-default\">Sustainable tourism:<br><br> Aktivit\u00e4ten am See und die Urlaubsangebote von GSC<br><\/h2>\t\t\t\t<\/div>\n\t\t\t\t<div class=\"elementor-element elementor-element-b7f1ca7 elementor-widget elementor-widget-text-editor\" data-id=\"b7f1ca7\" data-element_type=\"widget\" data-e-type=\"widget\" data-widget_type=\"text-editor.default\">\n\t\t\t\t\t\t\t\t\t<p>Familienaktivit\u00e4ten, Schulausfl\u00fcge und Bildungsangebote, sportliche Aktivit\u00e4ten, Teambuilding und Junggesellinnenabschiede: <strong>Steigen Sie auf Ihr Fahrrad, am Gardasee erwarten Sie viele Aktivit\u00e4ten!<\/strong><\/p><p><strong>Garda South Cycling offers complete holiday packages on Lake Garda<\/strong> to help you discover the area at a slow pace: from bike rentals to enjoy exciting routes just steps from the lake, to Agriturismo La Montina for authentic flavors in a family-friendly setting, all the way to Resort Le Ali del Frassino, a relaxing retreat immersed in nature.<br><\/p>\t\t\t\t\t\t\t\t<\/div>\n\t\t\t\t<\/div>\n\t\t\t\t<\/div>\n\t\t","protected":false},"excerpt":{"rendered":"<p>Urlaubspakete und Aktivit\u00e4ten am und um den Gardasee Am Gardasee warten viele verschiedene Erlebnisse und Aktivit\u00e4ten auf Sie! Was auch immer Ihre Bed\u00fcrfnisse sind, Garda South Cycling hat das richtige Angebot f\u00fcr Sie. Schulklassen Familie Junggesellinnenabschiede und Junggesellenabschiede Teambildung Hotels &amp; Agenturen Sustainable tourism: Aktivit\u00e4ten am See und die Urlaubsangebote von GSC Familienaktivit\u00e4ten, Schulausfl\u00fcge und [&hellip;]<\/p>\n","protected":false},"author":1,"featured_media":0,"parent":0,"menu_order":0,"comment_status":"closed","ping_status":"closed","template":"","meta":{"_acf_changed":false,"inline_featured_image":false,"footnotes":""},"class_list":["post-7325","page","type-page","status-publish","hentry"],"acf":[],"yoast_head":"<!-- This site is optimized with the Yoast SEO plugin v27.5 - https:\/\/yoast.com\/product\/yoast-seo-wordpress\/ -->\n<title>Was Sie am Gardasee unternehmen k\u00f6nnen: Entdecken Sie Urlaubspakete<\/title>\n<meta name=\"description\" content=\"Planen Sie eine Reise an den Gardasee, wissen aber nicht, was Sie tun sollen? Entdecken Sie die Urlaubspakete von Garda South Cycling: ein Mix aus Erlebnissen zwischen Geschmack und Natur.\" \/>\n<meta name=\"robots\" content=\"index, follow, max-snippet:-1, max-image-preview:large, max-video-preview:-1\" \/>\n<link rel=\"canonical\" href=\"https:\/\/www.italybikehub.com\/de\/planen-sie-ihren-urlaub\/\" \/>\n<meta property=\"og:locale\" content=\"de_DE\" \/>\n<meta property=\"og:type\" content=\"article\" \/>\n<meta property=\"og:title\" content=\"Was Sie am Gardasee unternehmen k\u00f6nnen: Entdecken Sie Urlaubspakete\" \/>\n<meta property=\"og:description\" content=\"Planen Sie eine Reise an den Gardasee, wissen aber nicht, was Sie tun sollen? Entdecken Sie die Urlaubspakete von Garda South Cycling: ein Mix aus Erlebnissen zwischen Geschmack und Natur.\" \/>\n<meta property=\"og:url\" content=\"https:\/\/www.italybikehub.com\/de\/planen-sie-ihren-urlaub\/\" \/>\n<meta property=\"og:site_name\" content=\"Garda South Cycling\" \/>\n<meta property=\"article:publisher\" content=\"https:\/\/www.facebook.com\/gardasouthcycling\/\" \/>\n<meta property=\"article:modified_time\" content=\"2025-04-18T07:18:29+00:00\" \/>\n<meta name=\"twitter:card\" content=\"summary_large_image\" \/>\n<meta name=\"twitter:label1\" content=\"Gesch\u00e4tzte Lesezeit\" \/>\n\t<meta name=\"twitter:data1\" content=\"1\u00a0Minute\" \/>\n<script type=\"application\/ld+json\" class=\"yoast-schema-graph\">{\"@context\":\"https:\\\/\\\/schema.org\",\"@graph\":[{\"@type\":\"WebPage\",\"@id\":\"https:\\\/\\\/www.italybikehub.com\\\/de\\\/planen-sie-ihren-urlaub\\\/\",\"url\":\"https:\\\/\\\/www.italybikehub.com\\\/de\\\/planen-sie-ihren-urlaub\\\/\",\"name\":\"Was Sie am Gardasee unternehmen k\u00f6nnen: Entdecken Sie Urlaubspakete\",\"isPartOf\":{\"@id\":\"https:\\\/\\\/www.italybikehub.com\\\/de\\\/#website\"},\"datePublished\":\"2024-10-19T08:33:39+00:00\",\"dateModified\":\"2025-04-18T07:18:29+00:00\",\"description\":\"Planen Sie eine Reise an den Gardasee, wissen aber nicht, was Sie tun sollen? Entdecken Sie die Urlaubspakete von Garda South Cycling: ein Mix aus Erlebnissen zwischen Geschmack und Natur.\",\"breadcrumb\":{\"@id\":\"https:\\\/\\\/www.italybikehub.com\\\/de\\\/planen-sie-ihren-urlaub\\\/#breadcrumb\"},\"inLanguage\":\"de\",\"potentialAction\":[{\"@type\":\"ReadAction\",\"target\":[\"https:\\\/\\\/www.italybikehub.com\\\/de\\\/planen-sie-ihren-urlaub\\\/\"]}]},{\"@type\":\"BreadcrumbList\",\"@id\":\"https:\\\/\\\/www.italybikehub.com\\\/de\\\/planen-sie-ihren-urlaub\\\/#breadcrumb\",\"itemListElement\":[{\"@type\":\"ListItem\",\"position\":1,\"name\":\"Home\",\"item\":\"https:\\\/\\\/www.italybikehub.com\\\/de\\\/startseite\\\/\"},{\"@type\":\"ListItem\",\"position\":2,\"name\":\"Planen Sie Ihren Urlaub\"}]},{\"@type\":\"WebSite\",\"@id\":\"https:\\\/\\\/www.italybikehub.com\\\/de\\\/#website\",\"url\":\"https:\\\/\\\/www.italybikehub.com\\\/de\\\/\",\"name\":\"Garda South Cycling\",\"description\":\"Noleggio Bici Peschiera del Garda\",\"publisher\":{\"@id\":\"https:\\\/\\\/www.italybikehub.com\\\/de\\\/#organization\"},\"potentialAction\":[{\"@type\":\"SearchAction\",\"target\":{\"@type\":\"EntryPoint\",\"urlTemplate\":\"https:\\\/\\\/www.italybikehub.com\\\/de\\\/?s={search_term_string}\"},\"query-input\":{\"@type\":\"PropertyValueSpecification\",\"valueRequired\":true,\"valueName\":\"search_term_string\"}}],\"inLanguage\":\"de\"},{\"@type\":\"Organization\",\"@id\":\"https:\\\/\\\/www.italybikehub.com\\\/de\\\/#organization\",\"name\":\"Garda South Cycling\",\"url\":\"https:\\\/\\\/www.italybikehub.com\\\/de\\\/\",\"logo\":{\"@type\":\"ImageObject\",\"inLanguage\":\"de\",\"@id\":\"https:\\\/\\\/www.italybikehub.com\\\/de\\\/#\\\/schema\\\/logo\\\/image\\\/\",\"url\":\"https:\\\/\\\/www.italybikehub.com\\\/wp-content\\\/uploads\\\/2024\\\/12\\\/Favicon-GSC.jpg\",\"contentUrl\":\"https:\\\/\\\/www.italybikehub.com\\\/wp-content\\\/uploads\\\/2024\\\/12\\\/Favicon-GSC.jpg\",\"width\":500,\"height\":500,\"caption\":\"Garda South Cycling\"},\"image\":{\"@id\":\"https:\\\/\\\/www.italybikehub.com\\\/de\\\/#\\\/schema\\\/logo\\\/image\\\/\"},\"sameAs\":[\"https:\\\/\\\/www.facebook.com\\\/gardasouthcycling\\\/\",\"https:\\\/\\\/www.instagram.com\\\/gardasouthcycling\\\/\"]}]}<\/script>\n<!-- \/ Yoast SEO plugin. -->","yoast_head_json":{"title":"Was Sie am Gardasee unternehmen k\u00f6nnen: Entdecken Sie Urlaubspakete","description":"Planen Sie eine Reise an den Gardasee, wissen aber nicht, was Sie tun sollen? Entdecken Sie die Urlaubspakete von Garda South Cycling: ein Mix aus Erlebnissen zwischen Geschmack und Natur.","robots":{"index":"index","follow":"follow","max-snippet":"max-snippet:-1","max-image-preview":"max-image-preview:large","max-video-preview":"max-video-preview:-1"},"canonical":"https:\/\/www.italybikehub.com\/de\/planen-sie-ihren-urlaub\/","og_locale":"de_DE","og_type":"article","og_title":"Was Sie am Gardasee unternehmen k\u00f6nnen: Entdecken Sie Urlaubspakete","og_description":"Planen Sie eine Reise an den Gardasee, wissen aber nicht, was Sie tun sollen? Entdecken Sie die Urlaubspakete von Garda South Cycling: ein Mix aus Erlebnissen zwischen Geschmack und Natur.","og_url":"https:\/\/www.italybikehub.com\/de\/planen-sie-ihren-urlaub\/","og_site_name":"Garda South Cycling","article_publisher":"https:\/\/www.facebook.com\/gardasouthcycling\/","article_modified_time":"2025-04-18T07:18:29+00:00","twitter_card":"summary_large_image","twitter_misc":{"Gesch\u00e4tzte Lesezeit":"1\u00a0Minute"},"schema":{"@context":"https:\/\/schema.org","@graph":[{"@type":"WebPage","@id":"https:\/\/www.italybikehub.com\/de\/planen-sie-ihren-urlaub\/","url":"https:\/\/www.italybikehub.com\/de\/planen-sie-ihren-urlaub\/","name":"Was Sie am Gardasee unternehmen k\u00f6nnen: Entdecken Sie Urlaubspakete","isPartOf":{"@id":"https:\/\/www.italybikehub.com\/de\/#website"},"datePublished":"2024-10-19T08:33:39+00:00","dateModified":"2025-04-18T07:18:29+00:00","description":"Planen Sie eine Reise an den Gardasee, wissen aber nicht, was Sie tun sollen? Entdecken Sie die Urlaubspakete von Garda South Cycling: ein Mix aus Erlebnissen zwischen Geschmack und Natur.","breadcrumb":{"@id":"https:\/\/www.italybikehub.com\/de\/planen-sie-ihren-urlaub\/#breadcrumb"},"inLanguage":"de","potentialAction":[{"@type":"ReadAction","target":["https:\/\/www.italybikehub.com\/de\/planen-sie-ihren-urlaub\/"]}]},{"@type":"BreadcrumbList","@id":"https:\/\/www.italybikehub.com\/de\/planen-sie-ihren-urlaub\/#breadcrumb","itemListElement":[{"@type":"ListItem","position":1,"name":"Home","item":"https:\/\/www.italybikehub.com\/de\/startseite\/"},{"@type":"ListItem","position":2,"name":"Planen Sie Ihren Urlaub"}]},{"@type":"WebSite","@id":"https:\/\/www.italybikehub.com\/de\/#website","url":"https:\/\/www.italybikehub.com\/de\/","name":"Garda South Cycling","description":"Noleggio Bici Peschiera del Garda","publisher":{"@id":"https:\/\/www.italybikehub.com\/de\/#organization"},"potentialAction":[{"@type":"SearchAction","target":{"@type":"EntryPoint","urlTemplate":"https:\/\/www.italybikehub.com\/de\/?s={search_term_string}"},"query-input":{"@type":"PropertyValueSpecification","valueRequired":true,"valueName":"search_term_string"}}],"inLanguage":"de"},{"@type":"Organization","@id":"https:\/\/www.italybikehub.com\/de\/#organization","name":"Garda South Cycling","url":"https:\/\/www.italybikehub.com\/de\/","logo":{"@type":"ImageObject","inLanguage":"de","@id":"https:\/\/www.italybikehub.com\/de\/#\/schema\/logo\/image\/","url":"https:\/\/www.italybikehub.com\/wp-content\/uploads\/2024\/12\/Favicon-GSC.jpg","contentUrl":"https:\/\/www.italybikehub.com\/wp-content\/uploads\/2024\/12\/Favicon-GSC.jpg","width":500,"height":500,"caption":"Garda South Cycling"},"image":{"@id":"https:\/\/www.italybikehub.com\/de\/#\/schema\/logo\/image\/"},"sameAs":["https:\/\/www.facebook.com\/gardasouthcycling\/","https:\/\/www.instagram.com\/gardasouthcycling\/"]}]}},"_links":{"self":[{"href":"https:\/\/www.italybikehub.com\/de\/wp-json\/wp\/v2\/pages\/7325","targetHints":{"allow":["GET"]}}],"collection":[{"href":"https:\/\/www.italybikehub.com\/de\/wp-json\/wp\/v2\/pages"}],"about":[{"href":"https:\/\/www.italybikehub.com\/de\/wp-json\/wp\/v2\/types\/page"}],"author":[{"embeddable":true,"href":"https:\/\/www.italybikehub.com\/de\/wp-json\/wp\/v2\/users\/1"}],"replies":[{"embeddable":true,"href":"https:\/\/www.italybikehub.com\/de\/wp-json\/wp\/v2\/comments?post=7325"}],"version-history":[{"count":2,"href":"https:\/\/www.italybikehub.com\/de\/wp-json\/wp\/v2\/pages\/7325\/revisions"}],"predecessor-version":[{"id":8544,"href":"https:\/\/www.italybikehub.com\/de\/wp-json\/wp\/v2\/pages\/7325\/revisions\/8544"}],"wp:attachment":[{"href":"https:\/\/www.italybikehub.com\/de\/wp-json\/wp\/v2\/media?parent=7325"}],"curies":[{"name":"wp","href":"https:\/\/api.w.org\/{rel}","templated":true}]}}